{"id":7600,"date":"2018-11-23T12:20:33","date_gmt":"2018-11-23T11:20:33","guid":{"rendered":"http:\/\/www.saint-bernard-troyes.fr\/?page_id=7600"},"modified":"2026-01-16T15:21:16","modified_gmt":"2026-01-16T14:21:16","slug":"orientation","status":"publish","type":"page","link":"https:\/\/www.saint-bernard-troyes.fr\/?page_id=7600","title":{"rendered":"Orientation"},"content":{"rendered":"<p>[vc_row][vc_column][vc_single_image image=\u00a0\u00bb11043&Prime; img_size=\u00a0\u00bb250X250&Prime; alignment=\u00a0\u00bbcenter\u00a0\u00bb onclick=\u00a0\u00bbcustom_link\u00a0\u00bb link=\u00a0\u00bbhttps:\/\/www.saint-bernard-troyes.fr\/\u00a0\u00bb][\/vc_column][\/vc_row][vc_row row_content_width=\u00a0\u00bbgrid\u00a0\u00bb css=\u00a0\u00bb.vc_custom_1524475345106{padding-top: 100px !important;}\u00a0\u00bb simple_background_color=\u00a0\u00bb#ededed\u00a0\u00bb][vc_column css=\u00a0\u00bb.vc_custom_1523620187516{margin-top: -100px !important;}\u00a0\u00bb][vc_empty_space height=\u00a0\u00bb30px\u00a0\u00bb]<div class=\"eltdf-section-title-holder  eltdf-st-has-watermark\" style=\"padding: 0 15%;text-align: center\">\n\t<div class=\"eltdf-st-inner\">\n\t\t\t\t\t<span class=\"eltdf-st-watermark\" style=\"color: #c9c9c9;font-size: 140px\">\n\t\t\t\tAvenir\t\t\t<\/span>\n\t\t\t\t\t\t\t<h4 class=\"eltdf-st-tagline\" style=\"color: #00bcbc;margin-bottom: 100 px\">\n\t\t\t\tOrientation\t\t\t<\/h4>\n\t\t\t\t\t\t\t<h3 class=\"eltdf-st-title\" >\n\t\t\t\t``Pr\u00e9parer son orientation... dans un monde en \u00e9volution``\t\t\t<\/h3>\n\t\t\t\t\t<\/div>\n<\/div>[vc_empty_space height=\u00a0\u00bb20px\u00a0\u00bb][vc_empty_space height=\u00a0\u00bb20px\u00a0\u00bb][\/vc_column][\/vc_row][vc_row equal_height=\u00a0\u00bbyes\u00a0\u00bb content_placement=\u00a0\u00bbtop\u00a0\u00bb css_animation=\u00a0\u00bbzoomInRight\u00a0\u00bb row_content_width=\u00a0\u00bbgrid\u00a0\u00bb css=\u00a0\u00bb.vc_custom_1524480559711{padding-right: 0px !important;padding-left: 0px !important;}\u00a0\u00bb][vc_column][vc_empty_space height=\u00a0\u00bb50px\u00a0\u00bb]<div class=\"eltdf-section-title-holder  \" style=\"padding: 0 15%;text-align: left\">\n\t<div class=\"eltdf-st-inner\">\n\t\t\t\t\t\t\t\t\t<h5 class=\"eltdf-st-title\" style=\"color: #606060\">\n\t\t\t\tAu-del\u00e0 de l'accompagnement vers une orientation r\u00e9ussie nous vous proposons des conseils pour s\u2019orienter, des informations sur les m\u00e9tiers et les fili\u00e8res, des informations sur la vie \u00e9tudiante en suivant les liens ci-dessous :\t\t\t<\/h5>\n\t\t\t\t\t<\/div>\n<\/div>[vc_empty_space height=\u00a0\u00bb50px\u00a0\u00bb][\/vc_column][\/vc_row][vc_row][vc_column width=\u00a0\u00bb1\/3&Prime;][vc_empty_space][\/vc_column][vc_column width=\u00a0\u00bb1\/3&Prime;][vc_empty_space][\/vc_column][vc_column width=\u00a0\u00bb1\/3&Prime;]<a itemprop=\"url\" href=\"http:\/\/quandjepasselebac.education.fr\/category\/bac-2021\/\" target=\"_blank\"  class=\"eltdf-btn eltdf-btn-large eltdf-btn-solid eltdf-btn-default \"  >\n    <span class=\"eltdf-btn-text\">R\u00e9ussir au Lyc\u00e9e<\/span>\n        <\/a>[vc_empty_space][\/vc_column][\/vc_row][vc_row simple_background_color=\u00a0\u00bb#878787&Prime;][vc_column][vc_empty_space height=\u00a0\u00bb50px\u00a0\u00bb]<div class=\"eltdf-section-title-holder  eltdf-st-has-watermark\" style=\"text-align: center\">\n\t<div class=\"eltdf-st-inner\">\n\t\t\t\t\t<span class=\"eltdf-st-watermark\" style=\"color: #ffffff;font-size: 40px\">\n\t\t\t\tA l&#039;issue de la classe de Troisi\u00e8me :\t\t\t<\/span>\n\t\t\t\t\t\t\t\t\t<\/div>\n<\/div>[vc_empty_space height=\u00a0\u00bb50px\u00a0\u00bb][vc_row_inner equal_height=\u00a0\u00bbyes\u00a0\u00bb gap=\u00a0\u00bb4&Prime; content_text_aligment=\u00a0\u00bbcenter\u00a0\u00bb css=\u00a0\u00bb.vc_custom_1768572740501{padding-right: 0px !important;padding-left: 0px !important;}\u00a0\u00bb][vc_column_inner width=\u00a0\u00bb1\/3&Prime; css=\u00a0\u00bb.vc_custom_1768572094487{padding-right: 0px !important;padding-bottom: 25px !important;padding-left: 0px !important;}\u00a0\u00bb]<div class=\"eltdf-banner-holder  \">\n\t    <div class=\"eltdf-banner-text-holder\" style=\"background-color: #00bcbc\">\n\t    <div class=\"eltdf-banner-text-inner\">\n\t\t    \t\t    <div class=\"eltdf-banner-content\">\n\t\t        \t\t            <h4 class=\"eltdf-banner-title\">Consultation du Guide ORIENT&#039;EST<\/h4>\n\t\t        \t\t        \t\t\t        <p class=\"eltdf-banner-text\">Vers la plateforme Orient&#039;est : Je mets le CAP sur mon avenir professionnel<\/p>\n\t\t        \t\t\t\t\t\t\t\t\t<div class=\"eltdf-banner-link\">\n\t\t\t\t\t\t<a itemprop=\"url\" href=\"https:\/\/www.orientest.fr\/\" target=\"_blank\"  class=\"eltdf-btn eltdf-btn-medium eltdf-btn-solid eltdf-btn-light eltdf-hover-animation\"  >    <span class=\"eltdf-btn-text\">En savoir plus<\/span>                <span class=\"eltdf-btn-hover-item\"><\/span>    <\/a>\t\t\t\t\t<\/div>\n\t\t        \t        <\/div>\n\t\t<\/div>\n\t<\/div>\n<\/div>[\/vc_column_inner][vc_column_inner width=\u00a0\u00bb1\/3&Prime;]<div class=\"eltdf-banner-holder  \">\n\t    <div class=\"eltdf-banner-text-holder\" style=\"background-color: #00bcbc\">\n\t    <div class=\"eltdf-banner-text-inner\">\n\t\t    \t\t    <div class=\"eltdf-banner-content\">\n\t\t        \t\t            <h4 class=\"eltdf-banner-title\">Consultation du Guide ORIENT&#039;EST<\/h4>\n\t\t        \t\t        \t\t\t        <p class=\"eltdf-banner-text\">APR\u00c8S LA 3E... ...je choisis mon orientation !<\/p>\n\t\t        \t\t\t\t\t\t\t\t\t<div class=\"eltdf-banner-link\">\n\t\t\t\t\t\t<a itemprop=\"url\" href=\"https:\/\/www.orientest.fr\/guide\/2026\/apres3e\/orientation\/d\/index.html?hybrid=1&#038;from=https%3A%2F%2Fwww.orientest.fr%2Fguide%2F2026%2Fapres3e%2Forientation%2Findex.html#\/page\/0\" target=\"_blank\"  class=\"eltdf-btn eltdf-btn-medium eltdf-btn-solid eltdf-btn-light eltdf-hover-animation\"  >    <span class=\"eltdf-btn-text\">En savoir plus<\/span>                <span class=\"eltdf-btn-hover-item\"><\/span>    <\/a>\t\t\t\t\t<\/div>\n\t\t        \t        <\/div>\n\t\t<\/div>\n\t<\/div>\n<\/div>[\/vc_column_inner][vc_column_inner width=\u00a0\u00bb1\/3&Prime;]<div class=\"eltdf-banner-holder  \">\n\t    <div class=\"eltdf-banner-text-holder\" style=\"background-color: #00bcbc\">\n\t    <div class=\"eltdf-banner-text-inner\">\n\t\t    \t\t    <div class=\"eltdf-banner-content\">\n\t\t        \t\t            <h4 class=\"eltdf-banner-title\">Consultation du Guide National : APR\u00c8S LA 3E<\/h4>\n\t\t        \t\t        \t\t\t        <p class=\"eltdf-banner-text\">Guide ONISEP<\/p>\n\t\t        \t\t\t\t\t\t\t\t\t<div class=\"eltdf-banner-link\">\n\t\t\t\t\t\t<a itemprop=\"url\" href=\"https:\/\/www.calameo.com\/read\/0000375473408f17328b4\" target=\"_blank\"  class=\"eltdf-btn eltdf-btn-medium eltdf-btn-solid eltdf-btn-light eltdf-hover-animation\"  >    <span class=\"eltdf-btn-text\">En savoir plus<\/span>                <span class=\"eltdf-btn-hover-item\"><\/span>    <\/a>\t\t\t\t\t<\/div>\n\t\t        \t        <\/div>\n\t\t<\/div>\n\t<\/div>\n<\/div>[\/vc_column_inner][\/vc_row_inner][\/vc_column][\/vc_row][vc_row simple_background_color=\u00a0\u00bb#878787&Prime;][vc_column][vc_empty_space height=\u00a0\u00bb50px\u00a0\u00bb]<div class=\"eltdf-section-title-holder  eltdf-st-has-watermark\" style=\"text-align: center\">\n\t<div class=\"eltdf-st-inner\">\n\t\t\t\t\t<span class=\"eltdf-st-watermark\" style=\"color: #ffffff;font-size: 40px\">\n\t\t\t\tA l&#039;issue de la classe de Seconde :\t\t\t<\/span>\n\t\t\t\t\t\t\t\t\t<\/div>\n<\/div>[vc_empty_space height=\u00a0\u00bb50px\u00a0\u00bb][vc_row_inner equal_height=\u00a0\u00bbyes\u00a0\u00bb content_placement=\u00a0\u00bbmiddle\u00a0\u00bb content_text_aligment=\u00a0\u00bbcenter\u00a0\u00bb css=\u00a0\u00bb.vc_custom_1542981295883{padding-right: 0px !important;padding-left: 0px !important;}\u00a0\u00bb][vc_column_inner css=\u00a0\u00bb.vc_custom_1524498837842{padding-right: 0px !important;padding-bottom: 25px !important;padding-left: 0px !important;background-color: #00bcbc !important;}\u00a0\u00bb]<div class=\"eltdf-banner-holder  \">\n\t    <div class=\"eltdf-banner-text-holder\" style=\"background-color: #00bcbc\">\n\t    <div class=\"eltdf-banner-text-inner\">\n\t\t    \t\t    <div class=\"eltdf-banner-content\">\n\t\t        \t\t            <h4 class=\"eltdf-banner-title\">Pr\u00e9parer son parcours vers le Baccalaur\u00e9at<\/h4>\n\t\t        \t\t        \t\t\t        <p class=\"eltdf-banner-text\">Construisez vos projets d&#039;avenir<\/p>\n\t\t        \t\t\t\t\t\t\t\t\t<div class=\"eltdf-banner-link\">\n\t\t\t\t\t\t<a itemprop=\"url\" href=\"https:\/\/lycee-avenirs.onisep.fr\/\" target=\"_blank\"  class=\"eltdf-btn eltdf-btn-medium eltdf-btn-solid eltdf-btn-light eltdf-hover-animation\"  >    <span class=\"eltdf-btn-text\">En savoir plus<\/span>                <span class=\"eltdf-btn-hover-item\"><\/span>    <\/a>\t\t\t\t\t<\/div>\n\t\t        \t        <\/div>\n\t\t<\/div>\n\t<\/div>\n<\/div>[\/vc_column_inner][\/vc_row_inner][\/vc_column][\/vc_row][vc_row simple_background_color=\u00a0\u00bb#878787&Prime;][vc_column][vc_empty_space height=\u00a0\u00bb50px\u00a0\u00bb]<div class=\"eltdf-section-title-holder  eltdf-st-has-watermark\" style=\"text-align: center\">\n\t<div class=\"eltdf-st-inner\">\n\t\t\t\t\t<span class=\"eltdf-st-watermark\" style=\"color: #ffffff;font-size: 40px\">\n\t\t\t\tCycle Terminal : Pr\u00e9parer le Post Bac\t\t\t<\/span>\n\t\t\t\t\t\t\t\t\t<\/div>\n<\/div>[vc_empty_space height=\u00a0\u00bb50px\u00a0\u00bb][\/vc_column][\/vc_row][vc_row][vc_column][vc_row_inner equal_height=\u00a0\u00bbyes\u00a0\u00bb css=\u00a0\u00bb.vc_custom_1524497943427{padding-right: 0px !important;padding-left: 0px !important;}\u00a0\u00bb][vc_column_inner width=\u00a0\u00bb1\/2&Prime; css=\u00a0\u00bb.vc_custom_1524498837842{padding-right: 0px !important;padding-bottom: 25px !important;padding-left: 0px !important;background-color: #00bcbc !important;}\u00a0\u00bb]<div class=\"eltdf-banner-holder  \">\n\t    <div class=\"eltdf-banner-text-holder\" style=\"background-color: #00bcbc\">\n\t    <div class=\"eltdf-banner-text-inner\">\n\t\t    \t\t    <div class=\"eltdf-banner-content\">\n\t\t        \t\t            <h4 class=\"eltdf-banner-title\">Les attendus de l&#039;enseignement sup\u00e9rieur<\/h4>\n\t\t        \t\t        \t\t\t        <p class=\"eltdf-banner-text\">Choisir un BTS, un DUT, une CPGE, une L1, ...<\/p>\n\t\t        \t\t\t\t\t\t\t\t\t<div class=\"eltdf-banner-link\">\n\t\t\t\t\t\t<a itemprop=\"url\" href=\"https:\/\/reso-avenirs.onisep.fr\/informations-sur-les-parcours-et-les-formations\/comprendre-analyser-et-exploiter-les-attendus-parcoursup\/comprendre-les-attendus-parcoursup\" target=\"_blank\"  class=\"eltdf-btn eltdf-btn-medium eltdf-btn-solid eltdf-btn-light eltdf-hover-animation\"  >    <span class=\"eltdf-btn-text\">En savoir plus<\/span>                <span class=\"eltdf-btn-hover-item\"><\/span>    <\/a>\t\t\t\t\t<\/div>\n\t\t        \t        <\/div>\n\t\t<\/div>\n\t<\/div>\n<\/div>[\/vc_column_inner][vc_column_inner width=\u00a0\u00bb1\/2&Prime; css=\u00a0\u00bb.vc_custom_1524498734613{padding-right: 0px !important;padding-bottom: 25px !important;padding-left: 0px !important;background-color: #1e73be !important;}\u00a0\u00bb]<div class=\"eltdf-banner-holder  \">\n\t    <div class=\"eltdf-banner-text-holder\" style=\"background-color: #1e73be\">\n\t    <div class=\"eltdf-banner-text-inner\">\n\t\t    \t\t    <div class=\"eltdf-banner-content\">\n\t\t        \t\t            <h4 class=\"eltdf-banner-title\">Construire son parcours Post Bac<\/h4>\n\t\t        \t\t        \t\t\t        <p class=\"eltdf-banner-text\">Premi\u00e8res et Terminales : construisez vos projets d&#039;avenir<\/p>\n\t\t        \t\t\t\t\t\t\t\t\t<div class=\"eltdf-banner-link\">\n\t\t\t\t\t\t<a itemprop=\"url\" href=\"https:\/\/lycee-avenirs.onisep.fr\/\" target=\"_blank\"  class=\"eltdf-btn eltdf-btn-medium eltdf-btn-solid eltdf-btn-light eltdf-hover-animation\"  >    <span class=\"eltdf-btn-text\">En savoir plus<\/span>                <span class=\"eltdf-btn-hover-item\"><\/span>    <\/a>\t\t\t\t\t<\/div>\n\t\t        \t        <\/div>\n\t\t<\/div>\n\t<\/div>\n<\/div>[\/vc_column_inner][\/vc_row_inner][\/vc_column][\/vc_row][vc_row content_placement=\u00a0\u00bbmiddle\u00a0\u00bb parallax=\u00a0\u00bbcontent-moving\u00a0\u00bb disable_background_image=\u00a0\u00bb\u00a0\u00bb css=\u00a0\u00bb.vc_custom_1542971856438{padding-top: 50px !important;padding-right: 0px !important;padding-bottom: 50px !important;padding-left: 0px !important;background-position: center;background-repeat: no-repeat !important;background-size: contain !important;}\u00a0\u00bb simple_background_color=\u00a0\u00bb#d1d1d1&Prime; simple_background_image=\u00a0\u00bb7601&Prime;][vc_column css_animation=\u00a0\u00bbbounceInDown\u00a0\u00bb width=\u00a0\u00bb2\/3&Prime; css=\u00a0\u00bb.vc_custom_1524489056247{padding-left: 30px !important;background-color: #ffffff !important;}\u00a0\u00bb]<div class=\"eltdf-section-title-holder  eltdf-st-has-watermark\" style=\"text-align: center\">\n\t<div class=\"eltdf-st-inner\">\n\t\t\t\t\t<span class=\"eltdf-st-watermark\" style=\"color: #00bcbc;font-size: 30px\">\n\t\t\t\tPARCOURSUP\t\t\t<\/span>\n\t\t\t\t\t\t\t\t\t\t\t<h6 class=\"eltdf-st-text\" >\n\t\t\t\tLa proc\u00e9dure Parcoursup est destin\u00e9e aux \u00e9l\u00e8ves de terminale. Elle leur permet d'effectuer des v\u0153ux d'inscriptions en enseignement sup\u00e9rieur d\u00e9s le 22 janvier dans le respect du calendrier fix\u00e9. Vous trouverez toutes les informations pour vous inscrire en enseignement sup\u00e9rieur.\t\t\t<\/h6>\n\t\t\t<\/div>\n<\/div>[vc_empty_space height=\u00a0\u00bb10px\u00a0\u00bb]<a itemprop=\"url\" href=\"http:\/\/www.parcoursup.fr\/\" target=\"_blank\"  class=\"eltdf-btn eltdf-btn-large eltdf-btn-solid eltdf-btn-default \"  >\n    <span class=\"eltdf-btn-text\">Vers Parcoursup<\/span>\n        <\/a>[vc_empty_space height=\u00a0\u00bb10px\u00a0\u00bb][\/vc_column][vc_column width=\u00a0\u00bb1\/3&Prime; css=\u00a0\u00bb.vc_custom_1524487513422{padding-top: -100px !important;}\u00a0\u00bb][vc_empty_space height=\u00a0\u00bb400px\u00a0\u00bb][\/vc_column][\/vc_row]<\/p>\n","protected":false},"excerpt":{"rendered":"<p>[vc_row][vc_column][vc_single_image image=\u00a0\u00bb11043&Prime; img_size=\u00a0\u00bb250X250&Prime; alignment=\u00a0\u00bbcenter\u00a0\u00bb onclick=\u00a0\u00bbcustom_link\u00a0\u00bb link=\u00a0\u00bbhttps:\/\/www.saint-bernard-troyes.fr\/\u00a0\u00bb][\/vc_column][\/vc_row][vc_row row_content_width=\u00a0\u00bbgrid\u00a0\u00bb css=\u00a0\u00bb.vc_custom_1524475345106{padding-top: 100px !important;}\u00a0\u00bb simple_background_color=\u00a0\u00bb#ededed\u00a0\u00bb][vc_column css=\u00a0\u00bb.vc_custom_1523620187516{margin-top: -100px !important;}\u00a0\u00bb][vc_empty_space height=\u00a0\u00bb30px\u00a0\u00bb][vc_empty_space height=\u00a0\u00bb20px\u00a0\u00bb][vc_empty_space height=\u00a0\u00bb20px\u00a0\u00bb][\/vc_column][\/vc_row][vc_row equal_height=\u00a0\u00bbyes\u00a0\u00bb content_placement=\u00a0\u00bbtop\u00a0\u00bb css_animation=\u00a0\u00bbzoomInRight\u00a0\u00bb row_content_width=\u00a0\u00bbgrid\u00a0\u00bb css=\u00a0\u00bb.vc_custom_1524480559711{padding-right: 0px !important;padding-left: 0px !important;}\u00a0\u00bb][vc_column][vc_empty_space height=\u00a0\u00bb50px\u00a0\u00bb][vc_empty_space height=\u00a0\u00bb50px\u00a0\u00bb][\/vc_column][\/vc_row][vc_row][vc_column width=\u00a0\u00bb1\/3&Prime;][vc_empty_space][\/vc_column][vc_column width=\u00a0\u00bb1\/3&Prime;][vc_empty_space][\/vc_column][vc_column width=\u00a0\u00bb1\/3&Prime;][vc_empty_space][\/vc_column][\/vc_row][vc_row simple_background_color=\u00a0\u00bb#878787&Prime;][vc_column][vc_empty_space height=\u00a0\u00bb50px\u00a0\u00bb][vc_empty_space height=\u00a0\u00bb50px\u00a0\u00bb][vc_row_inner equal_height=\u00a0\u00bbyes\u00a0\u00bb gap=\u00a0\u00bb4&Prime; content_text_aligment=\u00a0\u00bbcenter\u00a0\u00bb css=\u00a0\u00bb.vc_custom_1768572740501{padding-right: 0px !important;padding-left: [&hellip;]<\/p>\n","protected":false},"author":1,"featured_media":0,"parent":0,"menu_order":0,"comment_status":"closed","ping_status":"closed","template":"full-width.php","meta":{"footnotes":""},"class_list":["post-7600","page","type-page","status-publish","hentry"],"_links":{"self":[{"href":"https:\/\/www.saint-bernard-troyes.fr\/index.php?rest_route=\/wp\/v2\/pages\/7600","targetHints":{"allow":["GET"]}}],"collection":[{"href":"https:\/\/www.saint-bernard-troyes.fr\/index.php?rest_route=\/wp\/v2\/pages"}],"about":[{"href":"https:\/\/www.saint-bernard-troyes.fr\/index.php?rest_route=\/wp\/v2\/types\/page"}],"author":[{"embeddable":true,"href":"https:\/\/www.saint-bernard-troyes.fr\/index.php?rest_route=\/wp\/v2\/users\/1"}],"replies":[{"embeddable":true,"href":"https:\/\/www.saint-bernard-troyes.fr\/index.php?rest_route=%2Fwp%2Fv2%2Fcomments&post=7600"}],"version-history":[{"count":106,"href":"https:\/\/www.saint-bernard-troyes.fr\/index.php?rest_route=\/wp\/v2\/pages\/7600\/revisions"}],"predecessor-version":[{"id":11405,"href":"https:\/\/www.saint-bernard-troyes.fr\/index.php?rest_route=\/wp\/v2\/pages\/7600\/revisions\/11405"}],"wp:attachment":[{"href":"https:\/\/www.saint-bernard-troyes.fr\/index.php?rest_route=%2Fwp%2Fv2%2Fmedia&parent=7600"}],"curies":[{"name":"wp","href":"https:\/\/api.w.org\/{rel}","templated":true}]}}