{"id":7388,"date":"2018-07-27T09:30:30","date_gmt":"2018-07-27T07:30:30","guid":{"rendered":"http:\/\/www.saint-bernard-troyes.fr\/?page_id=7388"},"modified":"2024-10-01T11:26:37","modified_gmt":"2024-10-01T09:26:37","slug":"self-et-cafeteria","status":"publish","type":"page","link":"https:\/\/www.saint-bernard-troyes.fr\/?page_id=7388","title":{"rendered":"Self et caf\u00e9t\u00e9ria"},"content":{"rendered":"<p>[vc_row][vc_column][vc_single_image image=\u00a0\u00bb11043&Prime; img_size=\u00a0\u00bb250X250&Prime; alignment=\u00a0\u00bbcenter\u00a0\u00bb onclick=\u00a0\u00bbcustom_link\u00a0\u00bb link=\u00a0\u00bbhttps:\/\/www.saint-bernard-troyes.fr\/\u00a0\u00bb][\/vc_column][\/vc_row][vc_row row_content_width=\u00a0\u00bbgrid\u00a0\u00bb css=\u00a0\u00bb.vc_custom_1524131598983{padding-top: 100px !important;padding-bottom: 73px !important;}\u00a0\u00bb simple_background_color=\u00a0\u00bb#ededed\u00a0\u00bb][vc_column css=\u00a0\u00bb.vc_custom_1523620187516{margin-top: -100px !important;}\u00a0\u00bb][vc_empty_space height=\u00a0\u00bb30px\u00a0\u00bb]<div class=\"eltdf-section-title-holder  eltdf-st-has-watermark\" style=\"padding: 0 15%;text-align: center\">\n\t<div class=\"eltdf-st-inner\">\n\t\t\t\t\t<span class=\"eltdf-st-watermark\" style=\"color: #c9c9c9;font-size: 80px\">\n\t\t\t\tA vos assiettes !\t\t\t<\/span>\n\t\t\t\t\t\t\t\t\t<\/div>\n<\/div>[\/vc_column][\/vc_row][vc_row full_width=\u00a0\u00bbstretch_row_content\u00a0\u00bb content_placement=\u00a0\u00bbmiddle\u00a0\u00bb css=\u00a0\u00bb.vc_custom_1532698278719{padding-top: 0px !important;padding-right: 10px !important;padding-bottom: 0px !important;padding-left: 10px !important;background-image: url(http:\/\/www.saint-bernard-troyes.fr\/wp-content\/uploads\/2018\/07\/modif-img-sodexo.jpg?id=7485) !important;background-position: center !important;background-repeat: no-repeat !important;background-size: cover !important;}\u00a0\u00bb simple_background_color=\u00a0\u00bb#ffffff\u00a0\u00bb][vc_column css=\u00a0\u00bb.vc_custom_1580224772525{padding-top: -100px !important;background-image: url(https:\/\/www.saint-bernard-troyes.fr\/wp-content\/uploads\/2018\/07\/modif-img-sodexo.jpg?id=7485) !important;background-position: center !important;background-repeat: no-repeat !important;background-size: cover !important;}\u00a0\u00bb][vc_empty_space height=\u00a0\u00bb400px\u00a0\u00bb][\/vc_column][\/vc_row][vc_row row_content_width=\u00a0\u00bbgrid\u00a0\u00bb css=\u00a0\u00bb.vc_custom_1524131598983{padding-top: 100px !important;padding-bottom: 73px !important;}\u00a0\u00bb simple_background_color=\u00a0\u00bb#ededed\u00a0\u00bb][vc_column css=\u00a0\u00bb.vc_custom_1523620187516{margin-top: -100px !important;}\u00a0\u00bb][vc_empty_space height=\u00a0\u00bb30px\u00a0\u00bb]<div class=\"eltdf-section-title-holder  eltdf-st-has-watermark\" style=\"padding: 0 15%;text-align: center\">\n\t<div class=\"eltdf-st-inner\">\n\t\t\t\t\t<span class=\"eltdf-st-watermark\" style=\"color: #00bcbc;font-size: 30px\">\n\t\t\t\tCHEZ\t\t\t<\/span>\n\t\t\t\t\t\t\t\t\t<h3 class=\"eltdf-st-title\" >\n\t\t\t\tSodexo\t\t\t<\/h3>\n\t\t\t\t\t<\/div>\n<\/div><div class=\"eltdf-section-title-holder  \" style=\"padding: 0 15%;text-align: center\">\n\t<div class=\"eltdf-st-inner\">\n\t\t\t\t\t\t\t\t\t\t\t<h6 class=\"eltdf-st-text\" >\n\t\t\t\tNous sommes convaincus que la restauration scolaire joue un r\u00f4le \u00e9ducatif important. Nous sommes attach\u00e9s \u00e0 servir aux \u00e9l\u00e8ves des repas \u00e9quilibr\u00e9s et vari\u00e9s, contribuant ainsi \u00e0 leur sant\u00e9, leur bien-\u00eatre et par cons\u00e9quent \u00e0 leur r\u00e9ussite scolaire.\t\t\t<\/h6>\n\t\t\t<\/div>\n<\/div>[\/vc_column][\/vc_row][vc_row css=\u00a0\u00bb.vc_custom_1532686539153{padding-top: 100px !important;padding-right: 0px !important;padding-bottom: 0px !important;padding-left: 0px !important;}\u00a0\u00bb simple_background_color=\u00a0\u00bb#ededed\u00a0\u00bb][vc_column css=\u00a0\u00bb.vc_custom_1523620187516{margin-top: -100px !important;}\u00a0\u00bb][vc_row_inner equal_height=\u00a0\u00bbyes\u00a0\u00bb css=\u00a0\u00bb.vc_custom_1532686457184{padding-right: 0px !important;padding-bottom: 0px !important;padding-left: 0px !important;}\u00a0\u00bb][vc_column_inner width=\u00a0\u00bb1\/2&Prime; css=\u00a0\u00bb.vc_custom_1532686500829{padding-right: 0px !important;padding-bottom: 0px !important;padding-left: 0px !important;background-color: #00bcbc !important;}\u00a0\u00bb]<div class=\"eltdf-banner-holder  \">\n\t    <div class=\"eltdf-banner-text-holder\" style=\"background-color: #00bcbc\">\n\t    <div class=\"eltdf-banner-text-inner\">\n\t\t    \t\t    <div class=\"eltdf-banner-content\">\n\t\t        \t\t            <h4 class=\"eltdf-banner-title\">LE SELF (\u00e9cole - coll\u00e8ge - lyc\u00e9e)<\/h4>\n\t\t        \t\t        \t\t\t        <p class=\"eltdf-banner-text\">Parce que les go\u00fbts et les attentes des adolescents \u00e9voluent, nous leur proposons ``Sign\u00e9 Sodexo``, une solution de restauration vitamin\u00e9e, pour une pause-d\u00e9jeuner conviviale, en rupture avec le rythme scolaire. Au-del\u00e0 du repas, Sign\u00e9 Sodexo c\u2019est un espace qui leur ressemble, o\u00f9 ils se sentent bien et aiment \u00e0 se retrouver.<\/p>\n\t\t        \t\t\t\t\t        <\/div>\n\t\t<\/div>\n\t<\/div>\n<\/div>[\/vc_column_inner][vc_column_inner width=\u00a0\u00bb1\/2&Prime; css=\u00a0\u00bb.vc_custom_1532686512940{padding-right: 0px !important;padding-bottom: 0px !important;padding-left: 0px !important;background-color: #dd9933 !important;}\u00a0\u00bb]<div class=\"eltdf-banner-holder  \">\n\t    <div class=\"eltdf-banner-text-holder\" style=\"background-color: #dd9933\">\n\t    <div class=\"eltdf-banner-text-inner\">\n\t\t    \t\t    <div class=\"eltdf-banner-content\">\n\t\t        \t\t            <h4 class=\"eltdf-banner-title\">LA CAF\u00c9T\u00c9RIA (lyc\u00e9e)<\/h4>\n\t\t        \t\t        \t\t\t        <p class=\"eltdf-banner-text\">\u00ab L\u2019ENTRE POT\u2019 \u00bb, la restauration rapide pour les lyc\u00e9ens qui conjugue nutrition, plaisir de manger et espace de vie. La carte, qui fait la part belle aux produits pl\u00e9biscit\u00e9s par les jeunes, a \u00e9t\u00e9 construite dans le respect de nos engagements nutritionnels et des recommandations du Programme National Nutrition Sant\u00e9.<\/p>\n\t\t        \t\t\t\t\t        <\/div>\n\t\t<\/div>\n\t<\/div>\n<\/div>[\/vc_column_inner][\/vc_row_inner][\/vc_column][\/vc_row][vc_row content_text_aligment=\u00a0\u00bbcenter\u00a0\u00bb css=\u00a0\u00bb.vc_custom_1532686338678{padding-top: 0px !important;}\u00a0\u00bb][vc_column]<div class=\"eltdf-masonry-elements-holder eltdf-masonry-four-columns\">\n\t<div class=\"eltdf-masonry-elements-grid-sizer\"><\/div>\n\t<div class=\"eltdf-masonry-elements-item eltdf-square\">\n\t<div class=\"eltdf-masonry-elements-item-inner eltdf-masonry-elements-item-custom-788544\"  data-item-class=\"eltdf-masonry-elements-item-custom-788544\">\n\t\t<span class=\"eltdf-masonry-elements-item-background\" style=\"background-image: url(https:\/\/www.saint-bernard-troyes.fr\/wp-content\/uploads\/2018\/07\/vue-terrasse.jpg)\"><\/span>\n\t\t<div class=\"eltdf-masonry-elements-item-inner-helper\">\n\t\t\t<div class=\"eltdf-masonry-elements-item-inner-tb\">\n\t\t\t\t<div class=\"eltdf-masonry-elements-item-inner-tc\" style=\"vertical-align: middle;text-align: left\">\n\t\t\t\t\t<div class=\"eltdf-section-title-holder  eltdf-st-has-watermark\" style=\"text-align: left\">\n\t<div class=\"eltdf-st-inner\">\n\t\t\t\t\t<span class=\"eltdf-st-watermark\" style=\"color: #ffffff;font-size: 60px\">\n\t\t\t\tVari\u00e9t\u00e9 et \u00e9quilibre nutritionnel\t\t\t<\/span>\n\t\t\t\t\t\t\t\t\t<\/div>\n<\/div>[vc_empty_space height=\u00a0\u00bb80px\u00a0\u00bb]\t\t\t\t<\/div>\n\t\t\t<\/div>\n\t\t<\/div>\n\t<\/div>\n<\/div><div class=\"eltdf-masonry-elements-item eltdf-large-width\">\n\t<div class=\"eltdf-masonry-elements-item-inner eltdf-masonry-elements-item-custom-400455\" style=\"padding: 0px 147px 0px 64px\" data-item-class=\"eltdf-masonry-elements-item-custom-400455\" data-1280-1440=\"0px 147px 0px 64px\" data-1024-1280=\"0px 106px 0px 25px\" data-768-1024=\"0px 200px 0px 64px\" data-600-768=\"0px 40px\" data-480-600=\"0px\" data-480=\"0px\">\n\t\t<span class=\"eltdf-masonry-elements-item-background\" style=\"background-color: #ffffff\"><\/span>\n\t\t<div class=\"eltdf-masonry-elements-item-inner-helper\">\n\t\t\t<div class=\"eltdf-masonry-elements-item-inner-tb\">\n\t\t\t\t<div class=\"eltdf-masonry-elements-item-inner-tc\" style=\"vertical-align: middle;text-align: left\">\n\t\t\t\t\t<div class=\"eltdf-section-title-holder  eltdf-st-has-watermark\" style=\"text-align: left\">\n\t<div class=\"eltdf-st-inner\">\n\t\t\t\t\t<span class=\"eltdf-st-watermark\" style=\"color: #dddddd;font-size: 150px\">\n\t\t\t\tLe Self\t\t\t<\/span>\n\t\t\t\t\t\t\t\t\t<\/div>\n<\/div>[vc_empty_space height=\u00a0\u00bb30px\u00a0\u00bb]<div class=\"eltdf-section-title-holder  \" style=\"text-align: left\">\n\t<div class=\"eltdf-st-inner\">\n\t\t\t\t\t\t\t\t\t<h5 class=\"eltdf-st-title\" >\n\t\t\t\tAMBIANCE VITAMIN\u00c9E DANS L'ASSIETTE (\u00e9cole-coll\u00e8ge-lyc\u00e9e)\t\t\t<\/h5>\n\t\t\t\t\t\t\t<span class=\"eltdf-st-text\" style=\"color: #898989\">\n\t\t\t\tPour inciter les jeunes \u00e0 se r\u00e9galer \u00e0 la cantine du coll\u00e8ge en composant des repas vari\u00e9s et \u00e9quilibr\u00e9s, nous leur pr\u00e9sentons chaque jour des fruits et des l\u00e9gumes sous des formes attractives (en salad\u2019bar, en soup\u2019bar, en crumble\u2026), et des recettes in\u00e9dites et tendances (assiettes froides, smoothies, milk-shakes\u2026).\t\t\t<\/span>\n\t\t\t<\/div>\n<\/div>\t\t\t\t<\/div>\n\t\t\t<\/div>\n\t\t<\/div>\n\t<\/div>\n<\/div><div class=\"eltdf-masonry-elements-item eltdf-large-width\">\n\t<div class=\"eltdf-masonry-elements-item-inner eltdf-masonry-elements-item-custom-791935\" style=\"padding: 0px 147px 0px 64px\" data-item-class=\"eltdf-masonry-elements-item-custom-791935\" data-1280-1440=\"0px 147px 0px 64px\" data-1024-1280=\"0px 106px 0px 25px\" data-768-1024=\"0px 200px 0px 64px\" data-600-768=\"0px 40px\" data-480-600=\"0px\" data-480=\"0px\">\n\t\t<span class=\"eltdf-masonry-elements-item-background\" style=\"background-color: #04d2c8\"><\/span>\n\t\t<div class=\"eltdf-masonry-elements-item-inner-helper\">\n\t\t\t<div class=\"eltdf-masonry-elements-item-inner-tb\">\n\t\t\t\t<div class=\"eltdf-masonry-elements-item-inner-tc\" style=\"vertical-align: middle;text-align: left\">\n\t\t\t\t\t<div class=\"eltdf-section-title-holder  eltdf-st-has-watermark\" style=\"text-align: left\">\n\t<div class=\"eltdf-st-inner\">\n\t\t\t\t\t<span class=\"eltdf-st-watermark\" style=\"color: #12e1d7;font-size: 150px\">\n\t\t\t\tLa Caf\u00e9t\u00e9ria\t\t\t<\/span>\n\t\t\t\t\t\t\t\t\t<\/div>\n<\/div>[vc_empty_space height=\u00a0\u00bb30px\u00a0\u00bb]<div class=\"eltdf-section-title-holder  \" style=\"text-align: left\">\n\t<div class=\"eltdf-st-inner\">\n\t\t\t\t\t\t\t\t\t<h5 class=\"eltdf-st-title\" style=\"color: #ffffff\">\n\t\t\t\tAU LYC\u00c9E\t\t\t<\/h5>\n\t\t\t\t\t\t\t<span class=\"eltdf-st-text\" style=\"color: #ffffff\">\n\t\t\t\tDes sandwichs froids ou toast\u00e9s qui mettent \u00e0 l\u2019honneur diff\u00e9rentes vari\u00e9t\u00e9s de pain. Des salades compos\u00e9es pour tous les go\u00fbts et de toutes les couleurs ! Des plats chauds : potages en hiver, p\u00e2tes, pizzas\u2026 Des fruits sous toutes les formes : duos de fruits, duos de fromage blanc &amp; compote, salades de fruits frais, smoothies\u2026 Des laitages vari\u00e9s, issus de l\u2019agriculture biologique.\t\t\t<\/span>\n\t\t\t<\/div>\n<\/div>\t\t\t\t<\/div>\n\t\t\t<\/div>\n\t\t<\/div>\n\t<\/div>\n<\/div><div class=\"eltdf-masonry-elements-item eltdf-square\">\n\t<div class=\"eltdf-masonry-elements-item-inner eltdf-masonry-elements-item-custom-818714\" style=\"padding: 0px 62px 0px\" data-item-class=\"eltdf-masonry-elements-item-custom-818714\" data-1280-1440=\"0px 62px\" data-1024-1280=\"0px 36px\" data-768-1024=\"0px 76px\" data-600-768=\"0px\" data-480-600=\"0px\" data-480=\"0px\">\n\t\t<span class=\"eltdf-masonry-elements-item-background\" style=\"background-image: url(https:\/\/www.saint-bernard-troyes.fr\/wp-content\/uploads\/2018\/04\/DSCF7121modif.jpg);background-color: #4582ff\"><\/span>\n\t\t<div class=\"eltdf-masonry-elements-item-inner-helper\">\n\t\t\t<div class=\"eltdf-masonry-elements-item-inner-tb\">\n\t\t\t\t<div class=\"eltdf-masonry-elements-item-inner-tc\" style=\"vertical-align: middle;text-align: center\">\n\t\t\t\t\t[vc_empty_space height=\u00a0\u00bb30px\u00a0\u00bb][vc_empty_space height=\u00a0\u00bb10px\u00a0\u00bb]\t\t\t\t<\/div>\n\t\t\t<\/div>\n\t\t<\/div>\n\t<\/div>\n<\/div><\/div>[\/vc_column][\/vc_row]<\/p>\n","protected":false},"excerpt":{"rendered":"<p>[vc_row][vc_column][vc_single_image image=\u00a0\u00bb11043&Prime; img_size=\u00a0\u00bb250X250&Prime; alignment=\u00a0\u00bbcenter\u00a0\u00bb onclick=\u00a0\u00bbcustom_link\u00a0\u00bb link=\u00a0\u00bbhttps:\/\/www.saint-bernard-troyes.fr\/\u00a0\u00bb][\/vc_column][\/vc_row][vc_row row_content_width=\u00a0\u00bbgrid\u00a0\u00bb css=\u00a0\u00bb.vc_custom_1524131598983{padding-top: 100px !important;padding-bottom: 73px !important;}\u00a0\u00bb simple_background_color=\u00a0\u00bb#ededed\u00a0\u00bb][vc_column css=\u00a0\u00bb.vc_custom_1523620187516{margin-top: -100px !important;}\u00a0\u00bb][vc_empty_space height=\u00a0\u00bb30px\u00a0\u00bb][\/vc_column][\/vc_row][vc_row full_width=\u00a0\u00bbstretch_row_content\u00a0\u00bb content_placement=\u00a0\u00bbmiddle\u00a0\u00bb css=\u00a0\u00bb.vc_custom_1532698278719{padding-top: 0px !important;padding-right: 10px !important;padding-bottom: 0px !important;padding-left: 10px !important;background-image: url(http:\/\/www.saint-bernard-troyes.fr\/wp-content\/uploads\/2018\/07\/modif-img-sodexo.jpg?id=7485) !important;background-position: center !important;background-repeat: no-repeat !important;background-size: cover !important;}\u00a0\u00bb simple_background_color=\u00a0\u00bb#ffffff\u00a0\u00bb][vc_column css=\u00a0\u00bb.vc_custom_1580224772525{padding-top: -100px !important;background-image: [&hellip;]<\/p>\n","protected":false},"author":1,"featured_media":0,"parent":0,"menu_order":0,"comment_status":"closed","ping_status":"closed","template":"full-width.php","meta":{"footnotes":""},"class_list":["post-7388","page","type-page","status-publish","hentry"],"_links":{"self":[{"href":"https:\/\/www.saint-bernard-troyes.fr\/index.php?rest_route=\/wp\/v2\/pages\/7388","targetHints":{"allow":["GET"]}}],"collection":[{"href":"https:\/\/www.saint-bernard-troyes.fr\/index.php?rest_route=\/wp\/v2\/pages"}],"about":[{"href":"https:\/\/www.saint-bernard-troyes.fr\/index.php?rest_route=\/wp\/v2\/types\/page"}],"author":[{"embeddable":true,"href":"https:\/\/www.saint-bernard-troyes.fr\/index.php?rest_route=\/wp\/v2\/users\/1"}],"replies":[{"embeddable":true,"href":"https:\/\/www.saint-bernard-troyes.fr\/index.php?rest_route=%2Fwp%2Fv2%2Fcomments&post=7388"}],"version-history":[{"count":109,"href":"https:\/\/www.saint-bernard-troyes.fr\/index.php?rest_route=\/wp\/v2\/pages\/7388\/revisions"}],"predecessor-version":[{"id":11071,"href":"https:\/\/www.saint-bernard-troyes.fr\/index.php?rest_route=\/wp\/v2\/pages\/7388\/revisions\/11071"}],"wp:attachment":[{"href":"https:\/\/www.saint-bernard-troyes.fr\/index.php?rest_route=%2Fwp%2Fv2%2Fmedia&parent=7388"}],"curies":[{"name":"wp","href":"https:\/\/api.w.org\/{rel}","templated":true}]}}