{"id":7138,"date":"2018-06-25T08:34:28","date_gmt":"2018-06-25T06:34:28","guid":{"rendered":"http:\/\/www.saint-bernard-troyes.fr\/?page_id=7138"},"modified":"2025-10-02T15:04:25","modified_gmt":"2025-10-02T13:04:25","slug":"associations-sportives","status":"publish","type":"page","link":"https:\/\/www.saint-bernard-troyes.fr\/?page_id=7138","title":{"rendered":"Association sportive"},"content":{"rendered":"<p>[vc_row][vc_column][vc_single_image image=\u00a0\u00bb11043&Prime; img_size=\u00a0\u00bb250X250&Prime; alignment=\u00a0\u00bbcenter\u00a0\u00bb onclick=\u00a0\u00bbcustom_link\u00a0\u00bb link=\u00a0\u00bbhttps:\/\/www.saint-bernard-troyes.fr\/\u00a0\u00bb][\/vc_column][\/vc_row][vc_row row_content_width=\u00a0\u00bbgrid\u00a0\u00bb css=\u00a0\u00bb.vc_custom_1524131598983{padding-top: 100px !important;padding-bottom: 73px !important;}\u00a0\u00bb simple_background_color=\u00a0\u00bb#ededed\u00a0\u00bb][vc_column css=\u00a0\u00bb.vc_custom_1523620187516{margin-top: -100px !important;}\u00a0\u00bb][vc_empty_space height=\u00a0\u00bb30px\u00a0\u00bb]<div class=\"eltdf-section-title-holder  eltdf-st-has-watermark\" style=\"padding: 0 15%;text-align: center\">\n\t<div class=\"eltdf-st-inner\">\n\t\t\t\t\t<span class=\"eltdf-st-watermark\" style=\"color: #c9c9c9;font-size: 100px\">\n\t\t\t\tUNSS\t\t\t<\/span>\n\t\t\t\t\t\t\t<h4 class=\"eltdf-st-tagline\" style=\"color: #00bcbc;margin-bottom: 100 px\">\n\t\t\t\tColl\u00e8ge - Lyc\u00e9e\t\t\t<\/h4>\n\t\t\t\t\t\t\t<h3 class=\"eltdf-st-title\" >\n\t\t\t\tL'Association Sportive\t\t\t<\/h3>\n\t\t\t\t\t\t\t<Custom class=\"eltdf-st-text\" >\n\t\t\t\tDepuis 1922, date \u00e0 laquelle la premi\u00e8re Union Sportive de l'\u00e9tablissement a \u00e9t\u00e9 cr\u00e9\u00e9e, une associations repr\u00e9sente les \u00e9tablissements Coll\u00e8ge et Lyc\u00e9e dans les comp\u00e9titions scolaires (UNSS)\t\t\t<\/Custom>\n\t\t\t<\/div>\n<\/div>[\/vc_column][\/vc_row][vc_row][vc_column][vc_empty_space height=\u00a0\u00bb50px\u00a0\u00bb][\/vc_column][\/vc_row][vc_row equal_height=\u00a0\u00bbyes\u00a0\u00bb content_placement=\u00a0\u00bbtop\u00a0\u00bb css_animation=\u00a0\u00bbzoomInRight\u00a0\u00bb row_content_width=\u00a0\u00bbgrid\u00a0\u00bb][vc_column width=\u00a0\u00bb1\/4&Prime;][vc_single_image image=\u00a0\u00bb7189&Prime; img_size=\u00a0\u00bblarge\u00a0\u00bb alignment=\u00a0\u00bbcenter\u00a0\u00bb style=\u00a0\u00bbvc_box_border_circle_2&Prime; border_color=\u00a0\u00bbvista_blue\u00a0\u00bb css_animation=\u00a0\u00bbzoomInDown\u00a0\u00bb][\/vc_column][vc_column width=\u00a0\u00bb3\/4&Prime;]<div class=\"eltdf-section-title-holder  \" style=\"text-align: left\">\n\t<div class=\"eltdf-st-inner\">\n\t\t\t\t\t\t\t\t\t\t\t<Custom class=\"eltdf-st-text\" >\n\t\t\t\tElle a pour objet `` d'organiser, de d\u00e9velopper, en prolongement de l'Education Physique et Sportive donn\u00e9e pendant les heures de scolarit\u00e9, l'initiation et la pratique sportive pour les \u00e9l\u00e8ves qui y adh\u00e8rent``.\t\t\t<\/Custom>\n\t\t\t<\/div>\n<\/div><div class=\"eltdf-section-title-holder  \" style=\"text-align: left\">\n\t<div class=\"eltdf-st-inner\">\n\t\t\t\t\t\t\t\t\t\t\t<Custom class=\"eltdf-st-text\" >\n\t\t\t\tLes entra\u00eenements sont encadr\u00e9s par les professeurs d'Education Physique et Sportive tous les midis, les mardis et les jeudis de 16h45 \u00e0 17h45 dans l'\u00e9tablissement. Chaque activit\u00e9 pratiqu\u00e9e engage un cycle d'entra\u00eenement et de comp\u00e9titions alternant ainsi un apprentissage technique et la motivation de challenges.\t\t\t<\/Custom>\n\t\t\t<\/div>\n<\/div><div class=\"eltdf-section-title-holder  \" style=\"text-align: left\">\n\t<div class=\"eltdf-st-inner\">\n\t\t\t\t\t\t\t\t\t\t\t<Custom class=\"eltdf-st-text\" >\n\t\t\t\tLe calendrier annuel permet la pratique saisonni\u00e8re de plusieurs sports parmi lesquels il est naturel de retrouver les disciplines traditionnelles comme la gymnastique, danse, tennis de table, badminton, hand ball et basket ball, futsal,...\t\t\t<\/Custom>\n\t\t\t<\/div>\n<\/div>[\/vc_column][\/vc_row][vc_row][vc_column][vc_empty_space height=\u00a0\u00bb50px\u00a0\u00bb][\/vc_column][\/vc_row][vc_row row_content_width=\u00a0\u00bbgrid\u00a0\u00bb css=\u00a0\u00bb.vc_custom_1524131741272{padding-top: 100px !important;padding-bottom: 128px !important;}\u00a0\u00bb simple_background_color=\u00a0\u00bb#ededed\u00a0\u00bb][vc_column][vc_empty_space height=\u00a0\u00bb2px\u00a0\u00bb]<div class=\"eltdf-tabs  eltdf-tabs-vertical\">\n\t<ul class=\"eltdf-tabs-nav clearfix\">\n\t\t\t\t\t<li>\n\t\t\t\t\t\t\t\t\t<a href=\"#tab-activites-college\">ACTIVITES COLLEGE<\/a>\n\t\t\t\t\t\t\t<\/li>\n\t\t\t\t\t<li>\n\t\t\t\t\t\t\t\t\t<a href=\"#tab-activites-lycee\">ACTIVITES LYCEE<\/a>\n\t\t\t\t\t\t\t<\/li>\n\t\t\t<\/ul>\n\t<div class=\"eltdf-tab-container\" id=\"tab-activites-college-541\"><div class=\"eltdf-section-title-holder  eltdf-st-has-watermark\" >\n\t<div class=\"eltdf-st-inner\">\n\t\t\t\t\t<span class=\"eltdf-st-watermark\" style=\"color: #1e73be;font-size: 30px\">\n\t\t\t\tAnn\u00e9e Scolaire 2025-2026\t\t\t<\/span>\n\t\t\t\t\t\t\t\t\t<\/div>\n<\/div>[vc_empty_space height=\u00a0\u00bb15px\u00a0\u00bb]<div class=\"eltdf-iwt clearfix  eltdf-iwt-icon-left eltdf-iwt-icon-tiny\">\n\t<div class=\"eltdf-iwt-icon\">\n\t\t\t\t\t\t\t\t\t    <span class=\"eltdf-icon-shortcode eltdf-normal   eltdf-icon-tiny\"  data-color=\"#1e73be\">\n                    <i class=\"eltdf-icon-simple-line-icon icon-action-undo eltdf-icon-element\" style=\"color: #1e73be\" ><\/i>            <\/span>\n\t\t\t\t\t\t<\/div>\n\t<div class=\"eltdf-iwt-content\" >\n\t\t\t\t\t<h5 class=\"eltdf-iwt-title\" >\n\t\t\t\t\t\t\t\t<span class=\"eltdf-iwt-title-text\">Badminton :<\/span>\n\t\t\t\t\t\t\t<\/h5>\n\t\t\t\t\t\t\t<p class=\"eltdf-iwt-text\" >les lundis de 12h00 \u00e0 12h50<\/p>\n\t\t\t<\/div>\n<\/div>[vc_empty_space height=\u00a0\u00bb5px\u00a0\u00bb]<div class=\"eltdf-iwt clearfix  eltdf-iwt-icon-left eltdf-iwt-icon-tiny\">\n\t<div class=\"eltdf-iwt-icon\">\n\t\t\t\t\t\t\t\t\t    <span class=\"eltdf-icon-shortcode eltdf-normal   eltdf-icon-tiny\"  data-color=\"#1e73be\">\n                    <i class=\"eltdf-icon-simple-line-icon icon-action-undo eltdf-icon-element\" style=\"color: #1e73be\" ><\/i>            <\/span>\n\t\t\t\t\t\t<\/div>\n\t<div class=\"eltdf-iwt-content\" >\n\t\t\t\t\t<h5 class=\"eltdf-iwt-title\" >\n\t\t\t\t\t\t\t\t<span class=\"eltdf-iwt-title-text\">Basket-ball :<\/span>\n\t\t\t\t\t\t\t<\/h5>\n\t\t\t\t\t\t\t<p class=\"eltdf-iwt-text\" >les lundis de 12h50 \u00e0 13h45<\/p>\n\t\t\t<\/div>\n<\/div>[vc_empty_space height=\u00a0\u00bb5px\u00a0\u00bb]<div class=\"eltdf-iwt clearfix  eltdf-iwt-icon-left eltdf-iwt-icon-tiny\">\n\t<div class=\"eltdf-iwt-icon\">\n\t\t\t\t\t\t\t\t\t    <span class=\"eltdf-icon-shortcode eltdf-normal   eltdf-icon-tiny\"  data-color=\"#1e73be\">\n                    <i class=\"eltdf-icon-simple-line-icon icon-action-undo eltdf-icon-element\" style=\"color: #1e73be\" ><\/i>            <\/span>\n\t\t\t\t\t\t<\/div>\n\t<div class=\"eltdf-iwt-content\" >\n\t\t\t\t\t<h5 class=\"eltdf-iwt-title\" >\n\t\t\t\t\t\t\t\t<span class=\"eltdf-iwt-title-text\">GRS :<\/span>\n\t\t\t\t\t\t\t<\/h5>\n\t\t\t\t\t\t\t<p class=\"eltdf-iwt-text\" >les mardis de 12h00 \u00e0 12h50<\/p>\n\t\t\t<\/div>\n<\/div>[vc_empty_space height=\u00a0\u00bb5px\u00a0\u00bb]<div class=\"eltdf-iwt clearfix  eltdf-iwt-icon-left eltdf-iwt-icon-tiny\">\n\t<div class=\"eltdf-iwt-icon\">\n\t\t\t\t\t\t\t\t\t    <span class=\"eltdf-icon-shortcode eltdf-normal   eltdf-icon-tiny\"  data-color=\"#1e73be\">\n                    <i class=\"eltdf-icon-simple-line-icon icon-action-undo eltdf-icon-element\" style=\"color: #1e73be\" ><\/i>            <\/span>\n\t\t\t\t\t\t<\/div>\n\t<div class=\"eltdf-iwt-content\" >\n\t\t\t\t\t<h5 class=\"eltdf-iwt-title\" >\n\t\t\t\t\t\t\t\t<span class=\"eltdf-iwt-title-text\">Tennis de table :<\/span>\n\t\t\t\t\t\t\t<\/h5>\n\t\t\t\t\t\t\t<p class=\"eltdf-iwt-text\" >Les mardis de 12h00 \u00e0 12h50<\/p>\n\t\t\t<\/div>\n<\/div>[vc_empty_space height=\u00a0\u00bb5px\u00a0\u00bb]<div class=\"eltdf-iwt clearfix  eltdf-iwt-icon-left eltdf-iwt-icon-tiny\">\n\t<div class=\"eltdf-iwt-icon\">\n\t\t\t\t\t\t\t\t\t    <span class=\"eltdf-icon-shortcode eltdf-normal   eltdf-icon-tiny\"  data-color=\"#1e73be\">\n                    <i class=\"eltdf-icon-simple-line-icon icon-action-undo eltdf-icon-element\" style=\"color: #1e73be\" ><\/i>            <\/span>\n\t\t\t\t\t\t<\/div>\n\t<div class=\"eltdf-iwt-content\" >\n\t\t\t\t\t<h5 class=\"eltdf-iwt-title\" >\n\t\t\t\t\t\t\t\t<span class=\"eltdf-iwt-title-text\">Futsal :<\/span>\n\t\t\t\t\t\t\t<\/h5>\n\t\t\t\t\t\t\t<p class=\"eltdf-iwt-text\" >les mardis de 12h50 \u00e0 13h45<\/p>\n\t\t\t<\/div>\n<\/div>[vc_empty_space height=\u00a0\u00bb5px\u00a0\u00bb]<div class=\"eltdf-iwt clearfix  eltdf-iwt-icon-left eltdf-iwt-icon-tiny\">\n\t<div class=\"eltdf-iwt-icon\">\n\t\t\t\t\t\t\t\t\t    <span class=\"eltdf-icon-shortcode eltdf-normal   eltdf-icon-tiny\"  data-color=\"#1e73be\">\n                    <i class=\"eltdf-icon-simple-line-icon icon-action-undo eltdf-icon-element\" style=\"color: #1e73be\" ><\/i>            <\/span>\n\t\t\t\t\t\t<\/div>\n\t<div class=\"eltdf-iwt-content\" >\n\t\t\t\t\t<h5 class=\"eltdf-iwt-title\" >\n\t\t\t\t\t\t\t\t<span class=\"eltdf-iwt-title-text\">Gymnastique :<\/span>\n\t\t\t\t\t\t\t<\/h5>\n\t\t\t\t\t\t\t<p class=\"eltdf-iwt-text\" >les jeudis de 12h00 \u00e0 12h50<\/p>\n\t\t\t<\/div>\n<\/div>[vc_empty_space height=\u00a0\u00bb5px\u00a0\u00bb]<div class=\"eltdf-iwt clearfix  eltdf-iwt-icon-left eltdf-iwt-icon-tiny\">\n\t<div class=\"eltdf-iwt-icon\">\n\t\t\t\t\t\t\t\t\t    <span class=\"eltdf-icon-shortcode eltdf-normal   eltdf-icon-tiny\"  data-color=\"#1e73be\">\n                    <i class=\"eltdf-icon-simple-line-icon icon-action-undo eltdf-icon-element\" style=\"color: #1e73be\" ><\/i>            <\/span>\n\t\t\t\t\t\t<\/div>\n\t<div class=\"eltdf-iwt-content\" >\n\t\t\t\t\t<h5 class=\"eltdf-iwt-title\" >\n\t\t\t\t\t\t\t\t<span class=\"eltdf-iwt-title-text\">Tennis de table :<\/span>\n\t\t\t\t\t\t\t<\/h5>\n\t\t\t\t\t\t\t<p class=\"eltdf-iwt-text\" >les jeudis de 12h00 \u00e0 12h50<\/p>\n\t\t\t<\/div>\n<\/div>[vc_empty_space height=\u00a0\u00bb5px\u00a0\u00bb]<div class=\"eltdf-iwt clearfix  eltdf-iwt-icon-left eltdf-iwt-icon-tiny\">\n\t<div class=\"eltdf-iwt-icon\">\n\t\t\t\t\t\t\t\t\t    <span class=\"eltdf-icon-shortcode eltdf-normal   eltdf-icon-tiny\"  data-color=\"#1e73be\">\n                    <i class=\"eltdf-icon-simple-line-icon icon-action-undo eltdf-icon-element\" style=\"color: #1e73be\" ><\/i>            <\/span>\n\t\t\t\t\t\t<\/div>\n\t<div class=\"eltdf-iwt-content\" >\n\t\t\t\t\t<h5 class=\"eltdf-iwt-title\" >\n\t\t\t\t\t\t\t\t<span class=\"eltdf-iwt-title-text\">Activit\u00e9s artistiques (danse, acrosport...) :<\/span>\n\t\t\t\t\t\t\t<\/h5>\n\t\t\t\t\t\t\t<p class=\"eltdf-iwt-text\" >les vendredis de 12h00 \u00e0 12h50<\/p>\n\t\t\t<\/div>\n<\/div>[vc_empty_space height=\u00a0\u00bb5px\u00a0\u00bb]<div class=\"eltdf-iwt clearfix  eltdf-iwt-icon-left eltdf-iwt-icon-tiny\">\n\t<div class=\"eltdf-iwt-icon\">\n\t\t\t\t\t\t\t\t\t    <span class=\"eltdf-icon-shortcode eltdf-normal   eltdf-icon-tiny\"  data-color=\"#1e73be\">\n                    <i class=\"eltdf-icon-simple-line-icon icon-action-undo eltdf-icon-element\" style=\"color: #1e73be\" ><\/i>            <\/span>\n\t\t\t\t\t\t<\/div>\n\t<div class=\"eltdf-iwt-content\" >\n\t\t\t\t\t<h5 class=\"eltdf-iwt-title\" >\n\t\t\t\t\t\t\t\t<span class=\"eltdf-iwt-title-text\">Renforcement musculaire :<\/span>\n\t\t\t\t\t\t\t<\/h5>\n\t\t\t\t\t\t\t<p class=\"eltdf-iwt-text\" >les vendredis de 12h00 \u00e0 12h50<\/p>\n\t\t\t<\/div>\n<\/div>[vc_empty_space height=\u00a0\u00bb5px\u00a0\u00bb]<\/div><div class=\"eltdf-tab-container\" id=\"tab-activites-lycee-735\"><div class=\"eltdf-section-title-holder  eltdf-st-has-watermark\" >\n\t<div class=\"eltdf-st-inner\">\n\t\t\t\t\t<span class=\"eltdf-st-watermark\" style=\"color: #1e73be;font-size: 30px\">\n\t\t\t\tAnn\u00e9e Scolaire 2025-2026\t\t\t<\/span>\n\t\t\t\t\t\t\t\t\t<\/div>\n<\/div>[vc_empty_space height=\u00a0\u00bb15px\u00a0\u00bb]<div class=\"eltdf-iwt clearfix  eltdf-iwt-icon-left eltdf-iwt-icon-tiny\">\n\t<div class=\"eltdf-iwt-icon\">\n\t\t\t\t\t\t\t\t\t    <span class=\"eltdf-icon-shortcode eltdf-normal   eltdf-icon-tiny\"  data-color=\"#1e73be\">\n                    <i class=\"eltdf-icon-simple-line-icon icon-action-undo eltdf-icon-element\" style=\"color: #1e73be\" ><\/i>            <\/span>\n\t\t\t\t\t\t<\/div>\n\t<div class=\"eltdf-iwt-content\" >\n\t\t\t\t\t<h5 class=\"eltdf-iwt-title\" >\n\t\t\t\t\t\t\t\t<span class=\"eltdf-iwt-title-text\">Crossfit, renforcement musculaire, remise en forme :<\/span>\n\t\t\t\t\t\t\t<\/h5>\n\t\t\t\t\t\t\t<p class=\"eltdf-iwt-text\" >les mardis et jeudis de 16h45 \u00e0 17h45<\/p>\n\t\t\t<\/div>\n<\/div>[vc_empty_space height=\u00a0\u00bb5px\u00a0\u00bb]<\/div><\/div>[\/vc_column][\/vc_row][vc_row row_content_width=\u00a0\u00bbgrid\u00a0\u00bb css=\u00a0\u00bb.vc_custom_1523992422732{padding-top: 100px !important;padding-bottom: 73px !important;background-position: 0 0 !important;background-repeat: no-repeat !important;}\u00a0\u00bb simple_background_color=\u00a0\u00bb#ffffff\u00a0\u00bb][vc_column css=\u00a0\u00bb.vc_custom_1523620187516{margin-top: -100px !important;}\u00a0\u00bb]<div class=\"eltdf-section-title-holder  eltdf-st-has-watermark\" style=\"text-align: center\">\n\t<div class=\"eltdf-st-inner\">\n\t\t\t\t\t<span class=\"eltdf-st-watermark\" style=\"color: #1e73be;font-size: 60px\">\n\t\t\t\tA savoir\t\t\t<\/span>\n\t\t\t\t\t\t\t\t\t<\/div>\n<\/div>[vc_empty_space height=\u00a0\u00bb10px\u00a0\u00bb]<div class=\"eltdf-section-title-holder  \" style=\"text-align: center\">\n\t<div class=\"eltdf-st-inner\">\n\t\t\t\t\t\t\t\t\t<h6 class=\"eltdf-st-title\" >\n\t\t\t\tCOLL\u00c8GE LYC\u00c9E\t\t\t<\/h6>\n\t\t\t\t\t<\/div>\n<\/div>[vc_empty_space height=\u00a0\u00bb30px\u00a0\u00bb]<div class=\"eltdf-section-title-holder  \" style=\"text-align: left\">\n\t<div class=\"eltdf-st-inner\">\n\t\t\t\t\t\t\t\t\t\t\t<Custom class=\"eltdf-st-text\" >\n\t\t\t\tPour d'autres disciplines, faute de pratique dans l\u2019\u00e9tablissement, la participation aux comp\u00e9titions scolaires au titre de nos associations reste accessible aux \u00e9l\u00e8ves recevant une formation en club (Judo, escrime, natation, tennis, lutte, etc.). Il suffit aux \u00e9l\u00e8ves de se faire conna\u00eetre aupr\u00e8s de leurs enseignants d\u2019EPS afin que ceux-ci les inscrivent directement dans la comp\u00e9tition souhait\u00e9e.\t\t\t<\/Custom>\n\t\t\t<\/div>\n<\/div>[vc_empty_space height=\u00a0\u00bb5px\u00a0\u00bb]<div class=\"eltdf-section-title-holder  \" style=\"text-align: left\">\n\t<div class=\"eltdf-st-inner\">\n\t\t\t\t\t\t\t\t\t\t\t<Custom class=\"eltdf-st-text\" >\n\t\t\t\tPr\u00e9sents au sein du comit\u00e9 Directeur des associations, les jeunes participent \u00e0 leur fonctionnement. Cela leur permet de d\u00e9velopper leur sens des responsabilit\u00e9s et la prise d'initiatives dans le d\u00e9veloppement des activit\u00e9s.\t\t\t<\/Custom>\n\t\t\t<\/div>\n<\/div>[vc_empty_space height=\u00a0\u00bb5px\u00a0\u00bb]<div class=\"eltdf-section-title-holder  \" style=\"text-align: left\">\n\t<div class=\"eltdf-st-inner\">\n\t\t\t\t\t\t\t\t\t\t\t<Custom class=\"eltdf-st-text\" >\n\t\t\t\tChaque saison, par ses repr\u00e9sentants et \u00e0 travers les r\u00e9sultats obtenus aux diff\u00e9rents degr\u00e9s des comp\u00e9titions d\u00e9partementales, acad\u00e9miques et nationales, nos associations d\u00e9montrent leur vitalit\u00e9 et leur dynamisme.\t\t\t<\/Custom>\n\t\t\t<\/div>\n<\/div>[\/vc_column][\/vc_row][vc_row row_content_width=\u00a0\u00bbgrid\u00a0\u00bb css=\u00a0\u00bb.vc_custom_1508242960523{padding-top: 130px !important;padding-bottom: 100px !important;}\u00a0\u00bb simple_background_color=\u00a0\u00bb#ffffff\u00a0\u00bb][vc_column]<div class=\"eltdf-image-gallery  eltdf-ig-grid-type eltdf-large-space  \">\n\t<div class=\"eltdf-ig-inner eltdf-outer-space eltdf-ig-grid eltdf-ig-three-columns\">\n\t\t\t\t\t<div class=\"eltdf-ig-image eltdf-item-space\">\n\t\t\t\t<div class=\"eltdf-ig-image-inner\">\n\t\t\t\t\t\t\t\t\t\t\t<img loading=\"lazy\" decoding=\"async\" width=\"284\" height=\"300\" src=\"https:\/\/www.saint-bernard-troyes.fr\/wp-content\/uploads\/2018\/06\/VOILLIOT-cross-UNSS-modif1-284x300.png\" class=\"attachment-medium size-medium\" alt=\"\" srcset=\"https:\/\/www.saint-bernard-troyes.fr\/wp-content\/uploads\/2018\/06\/VOILLIOT-cross-UNSS-modif1-284x300.png 284w, https:\/\/www.saint-bernard-troyes.fr\/wp-content\/uploads\/2018\/06\/VOILLIOT-cross-UNSS-modif1.png 356w\" sizes=\"auto, (max-width: 284px) 100vw, 284px\" \/>\t\t\t\t\t\t\t\t\t<\/div>\n\t\t\t<\/div>\n\t\t\t\t\t<div class=\"eltdf-ig-image eltdf-item-space\">\n\t\t\t\t<div class=\"eltdf-ig-image-inner\">\n\t\t\t\t\t\t\t\t\t\t\t<img loading=\"lazy\" decoding=\"async\" width=\"300\" height=\"299\" src=\"https:\/\/www.saint-bernard-troyes.fr\/wp-content\/uploads\/2018\/06\/UNSS-modif1-300x299.jpg\" class=\"attachment-medium size-medium\" alt=\"\" srcset=\"https:\/\/www.saint-bernard-troyes.fr\/wp-content\/uploads\/2018\/06\/UNSS-modif1-300x300.jpg 300w, https:\/\/www.saint-bernard-troyes.fr\/wp-content\/uploads\/2018\/06\/UNSS-modif1-150x150.jpg 150w, https:\/\/www.saint-bernard-troyes.fr\/wp-content\/uploads\/2018\/06\/UNSS-modif1-100x100.jpg 100w, https:\/\/www.saint-bernard-troyes.fr\/wp-content\/uploads\/2018\/06\/UNSS-modif1.jpg 301w\" sizes=\"auto, (max-width: 300px) 100vw, 300px\" \/>\t\t\t\t\t\t\t\t\t<\/div>\n\t\t\t<\/div>\n\t\t\t\t\t<div class=\"eltdf-ig-image eltdf-item-space\">\n\t\t\t\t<div class=\"eltdf-ig-image-inner\">\n\t\t\t\t\t\t\t\t\t\t\t<img loading=\"lazy\" decoding=\"async\" width=\"300\" height=\"300\" src=\"https:\/\/www.saint-bernard-troyes.fr\/wp-content\/uploads\/2018\/04\/image-sport-modif2-300x300.jpg\" class=\"attachment-medium size-medium\" alt=\"\" srcset=\"https:\/\/www.saint-bernard-troyes.fr\/wp-content\/uploads\/2018\/04\/image-sport-modif2-300x300.jpg 300w, https:\/\/www.saint-bernard-troyes.fr\/wp-content\/uploads\/2018\/04\/image-sport-modif2-150x150.jpg 150w, https:\/\/www.saint-bernard-troyes.fr\/wp-content\/uploads\/2018\/04\/image-sport-modif2-768x767.jpg 768w, https:\/\/www.saint-bernard-troyes.fr\/wp-content\/uploads\/2018\/04\/image-sport-modif2-1024x1022.jpg 1024w, https:\/\/www.saint-bernard-troyes.fr\/wp-content\/uploads\/2018\/04\/image-sport-modif2-550x550.jpg 550w, https:\/\/www.saint-bernard-troyes.fr\/wp-content\/uploads\/2018\/04\/image-sport-modif2-1100x1100.jpg 1100w, https:\/\/www.saint-bernard-troyes.fr\/wp-content\/uploads\/2018\/04\/image-sport-modif2-600x599.jpg 600w, https:\/\/www.saint-bernard-troyes.fr\/wp-content\/uploads\/2018\/04\/image-sport-modif2-100x100.jpg 100w\" sizes=\"auto, (max-width: 300px) 100vw, 300px\" \/>\t\t\t\t\t\t\t\t\t<\/div>\n\t\t\t<\/div>\n\t\t\t<\/div>\n<\/div>[\/vc_column][\/vc_row]<\/p>\n","protected":false},"excerpt":{"rendered":"<p>[vc_row][vc_column][vc_single_image image=\u00a0\u00bb11043&Prime; img_size=\u00a0\u00bb250X250&Prime; alignment=\u00a0\u00bbcenter\u00a0\u00bb onclick=\u00a0\u00bbcustom_link\u00a0\u00bb link=\u00a0\u00bbhttps:\/\/www.saint-bernard-troyes.fr\/\u00a0\u00bb][\/vc_column][\/vc_row][vc_row row_content_width=\u00a0\u00bbgrid\u00a0\u00bb css=\u00a0\u00bb.vc_custom_1524131598983{padding-top: 100px !important;padding-bottom: 73px !important;}\u00a0\u00bb simple_background_color=\u00a0\u00bb#ededed\u00a0\u00bb][vc_column css=\u00a0\u00bb.vc_custom_1523620187516{margin-top: -100px !important;}\u00a0\u00bb][vc_empty_space height=\u00a0\u00bb30px\u00a0\u00bb][\/vc_column][\/vc_row][vc_row][vc_column][vc_empty_space height=\u00a0\u00bb50px\u00a0\u00bb][\/vc_column][\/vc_row][vc_row equal_height=\u00a0\u00bbyes\u00a0\u00bb content_placement=\u00a0\u00bbtop\u00a0\u00bb css_animation=\u00a0\u00bbzoomInRight\u00a0\u00bb row_content_width=\u00a0\u00bbgrid\u00a0\u00bb][vc_column width=\u00a0\u00bb1\/4&Prime;][vc_single_image image=\u00a0\u00bb7189&Prime; img_size=\u00a0\u00bblarge\u00a0\u00bb alignment=\u00a0\u00bbcenter\u00a0\u00bb style=\u00a0\u00bbvc_box_border_circle_2&Prime; border_color=\u00a0\u00bbvista_blue\u00a0\u00bb css_animation=\u00a0\u00bbzoomInDown\u00a0\u00bb][\/vc_column][vc_column width=\u00a0\u00bb3\/4&Prime;][\/vc_column][\/vc_row][vc_row][vc_column][vc_empty_space height=\u00a0\u00bb50px\u00a0\u00bb][\/vc_column][\/vc_row][vc_row row_content_width=\u00a0\u00bbgrid\u00a0\u00bb css=\u00a0\u00bb.vc_custom_1524131741272{padding-top: 100px !important;padding-bottom: 128px !important;}\u00a0\u00bb simple_background_color=\u00a0\u00bb#ededed\u00a0\u00bb][vc_column][vc_empty_space height=\u00a0\u00bb2px\u00a0\u00bb][\/vc_column][\/vc_row][vc_row row_content_width=\u00a0\u00bbgrid\u00a0\u00bb [&hellip;]<\/p>\n","protected":false},"author":1,"featured_media":0,"parent":0,"menu_order":0,"comment_status":"closed","ping_status":"closed","template":"full-width.php","meta":{"footnotes":""},"class_list":["post-7138","page","type-page","status-publish","hentry"],"_links":{"self":[{"href":"https:\/\/www.saint-bernard-troyes.fr\/index.php?rest_route=\/wp\/v2\/pages\/7138","targetHints":{"allow":["GET"]}}],"collection":[{"href":"https:\/\/www.saint-bernard-troyes.fr\/index.php?rest_route=\/wp\/v2\/pages"}],"about":[{"href":"https:\/\/www.saint-bernard-troyes.fr\/index.php?rest_route=\/wp\/v2\/types\/page"}],"author":[{"embeddable":true,"href":"https:\/\/www.saint-bernard-troyes.fr\/index.php?rest_route=\/wp\/v2\/users\/1"}],"replies":[{"embeddable":true,"href":"https:\/\/www.saint-bernard-troyes.fr\/index.php?rest_route=%2Fwp%2Fv2%2Fcomments&post=7138"}],"version-history":[{"count":63,"href":"https:\/\/www.saint-bernard-troyes.fr\/index.php?rest_route=\/wp\/v2\/pages\/7138\/revisions"}],"predecessor-version":[{"id":11212,"href":"https:\/\/www.saint-bernard-troyes.fr\/index.php?rest_route=\/wp\/v2\/pages\/7138\/revisions\/11212"}],"wp:attachment":[{"href":"https:\/\/www.saint-bernard-troyes.fr\/index.php?rest_route=%2Fwp%2Fv2%2Fmedia&parent=7138"}],"curies":[{"name":"wp","href":"https:\/\/api.w.org\/{rel}","templated":true}]}}