{"id":7108,"date":"2018-06-22T11:36:01","date_gmt":"2018-06-22T09:36:01","guid":{"rendered":"http:\/\/www.saint-bernard-troyes.fr\/?page_id=7108"},"modified":"2024-10-02T11:14:53","modified_gmt":"2024-10-02T09:14:53","slug":"le-centre-de-connaissances-et-de-culture","status":"publish","type":"page","link":"https:\/\/www.saint-bernard-troyes.fr\/?page_id=7108","title":{"rendered":"Le Centre de Connaissances et de Culture"},"content":{"rendered":"<p>[vc_row][vc_column][vc_single_image image=\u00a0\u00bb11043&Prime; img_size=\u00a0\u00bb250X250&Prime; alignment=\u00a0\u00bbcenter\u00a0\u00bb onclick=\u00a0\u00bbcustom_link\u00a0\u00bb link=\u00a0\u00bbhttps:\/\/www.saint-bernard-troyes.fr\/\u00a0\u00bb][\/vc_column][\/vc_row][vc_row row_content_width=\u00a0\u00bbgrid\u00a0\u00bb css=\u00a0\u00bb.vc_custom_1524475345106{padding-top: 100px !important;}\u00a0\u00bb simple_background_color=\u00a0\u00bb#ededed\u00a0\u00bb][vc_column css=\u00a0\u00bb.vc_custom_1523620187516{margin-top: -100px !important;}\u00a0\u00bb][vc_empty_space height=\u00a0\u00bb30px\u00a0\u00bb]<div class=\"eltdf-section-title-holder  eltdf-st-has-watermark\" style=\"padding: 0 15%;text-align: center\">\n\t<div class=\"eltdf-st-inner\">\n\t\t\t\t\t<span class=\"eltdf-st-watermark\" style=\"color: #c9c9c9;font-size: 70px\">\n\t\t\t\tSaint Bernard\t\t\t<\/span>\n\t\t\t\t\t\t\t\t\t<h3 class=\"eltdf-st-title\" >\n\t\t\t\tLe Centre de Connaissances et de Culture\t\t\t<\/h3>\n\t\t\t\t\t<\/div>\n<\/div>[vc_empty_space height=\u00a0\u00bb20px\u00a0\u00bb]<div class=\"eltdf-section-title-holder  \" style=\"padding: 0 15%;text-align: center\">\n\t<div class=\"eltdf-st-inner\">\n\t\t\t\t\t\t\t\t\t<h6 class=\"eltdf-st-title\" style=\"color: #00bcbc\">\n\t\t\t\tApprendre \u00e0 se documenter, apprendre \u00e0 apprendre, apprendre \u00e0 comprendre.\t\t\t<\/h6>\n\t\t\t\t\t<\/div>\n<\/div>[vc_empty_space height=\u00a0\u00bb20px\u00a0\u00bb][\/vc_column][\/vc_row][vc_row][vc_column][vc_empty_space height=\u00a0\u00bb50px\u00a0\u00bb][\/vc_column][\/vc_row][vc_row equal_height=\u00a0\u00bbyes\u00a0\u00bb content_placement=\u00a0\u00bbtop\u00a0\u00bb css_animation=\u00a0\u00bbzoomInRight\u00a0\u00bb row_content_width=\u00a0\u00bbgrid\u00a0\u00bb css=\u00a0\u00bb.vc_custom_1524480559711{padding-right: 0px !important;padding-left: 0px !important;}\u00a0\u00bb][vc_column width=\u00a0\u00bb1\/4&Prime;][vc_single_image image=\u00a0\u00bb6203&Prime; img_size=\u00a0\u00bbfull\u00a0\u00bb alignment=\u00a0\u00bbcenter\u00a0\u00bb style=\u00a0\u00bbvc_box_border_circle_2&Prime; border_color=\u00a0\u00bbturquoise\u00a0\u00bb css=\u00a0\u00bb.vc_custom_1529667692206{padding-top: -20px !important;padding-right: -20px !important;padding-bottom: -20px !important;padding-left: -20px !important;}\u00a0\u00bb][\/vc_column][vc_column width=\u00a0\u00bb3\/4&Prime;][vc_empty_space height=\u00a0\u00bb20px\u00a0\u00bb]<div class=\"eltdf-section-title-holder  \" style=\"padding: 0 15%;text-align: left\">\n\t<div class=\"eltdf-st-inner\">\n\t\t\t\t\t\t\t\t\t<h6 class=\"eltdf-st-title\" style=\"color: #606060\">\n\t\t\t\tAu troisi\u00e8me \u00e9tage, au c\u0153ur de la vie de l'\u00e9tablissement se trouve le Centre de Connaissances et de Culture.\t\t\t<\/h6>\n\t\t\t\t\t<\/div>\n<\/div>[vc_empty_space height=\u00a0\u00bb20px\u00a0\u00bb]<div class=\"eltdf-section-title-holder  \" style=\"padding: 0 15%;text-align: left\">\n\t<div class=\"eltdf-st-inner\">\n\t\t\t\t\t\t\t\t\t<h6 class=\"eltdf-st-title\" style=\"color: #606060\">\n\t\t\t\tC'est un support indispensable de l'action p\u00e9dagogique, \u00e9ducative et culturelle. Facteur d'int\u00e9gration scolaire en m\u00eame temps que d'acquis disciplinaires, il participe aussi \u00e0 l'objectif d'une meilleure insertion professionnelle et sociale.\t\t\t<\/h6>\n\t\t\t\t\t<\/div>\n<\/div>[vc_empty_space height=\u00a0\u00bb20px\u00a0\u00bb]<div class=\"eltdf-section-title-holder  \" style=\"padding: 0 15%;text-align: left\">\n\t<div class=\"eltdf-st-inner\">\n\t\t\t\t\t\t\t\t\t<h6 class=\"eltdf-st-title\" style=\"color: #606060\">\n\t\t\t\tFacteur d'int\u00e9gration scolaire en m\u00eame temps que d'acquis disciplinaires, il participe aussi \u00e0 l'objectif d'une meilleure insertion professionnelle et sociale.\t\t\t<\/h6>\n\t\t\t\t\t<\/div>\n<\/div>[\/vc_column][\/vc_row][vc_row][vc_column][vc_empty_space height=\u00a0\u00bb50px\u00a0\u00bb][\/vc_column][\/vc_row][vc_row][vc_column][vc_empty_space height=\u00a0\u00bb50px\u00a0\u00bb][vc_row_inner equal_height=\u00a0\u00bbyes\u00a0\u00bb css=\u00a0\u00bb.vc_custom_1524497943427{padding-right: 0px !important;padding-left: 0px !important;}\u00a0\u00bb][vc_column_inner width=\u00a0\u00bb1\/3&Prime; css=\u00a0\u00bb.vc_custom_1524498837842{padding-right: 0px !important;padding-bottom: 25px !important;padding-left: 0px !important;background-color: #00bcbc !important;}\u00a0\u00bb]<div class=\"eltdf-banner-holder  \">\n\t    <div class=\"eltdf-banner-text-holder\" style=\"background-color: #00bcbc\">\n\t    <div class=\"eltdf-banner-text-inner\">\n\t\t    \t\t    <div class=\"eltdf-banner-content\">\n\t\t        \t\t            <h4 class=\"eltdf-banner-title\">Un espace<\/h4>\n\t\t        \t\t        \t\t\t        <p class=\"eltdf-banner-text\">C&#039;est un lieu central, dans lequel prennent place les diff\u00e9rents ouvrages et o\u00f9 les documentalistes r\u00e9pondent aux demandes. C&#039;est un lieu de travail silencieux. C&#039;est \u00e9ventuellement un lieu \u00e0 usage d&#039;exposition. Deux documentalistes g\u00e8rent le fonds mais travaillent \u00e9galement \u00e0 former les \u00e9l\u00e8ves \u00e0 la ma\u00eetrise de l\u2019information en leur apprenant notamment \u00e0 savoir utiliser diff\u00e9rents outils de recherche hors ligne (Bcdi) et en ligne (E-Sidoc, moteurs de recherche) ou encore \u00e0 leur faire acqu\u00e9rir une culture de l&#039;information.<\/p>\n\t\t        \t\t\t\t\t\t\t\t\t<div class=\"eltdf-banner-link\">\n\t\t\t\t\t\t<a itemprop=\"url\" href=\"http:\/\/lycee-stbernard-troyes.esidoc.fr\" target=\"_blank\"  class=\"eltdf-btn eltdf-btn-medium eltdf-btn-solid eltdf-btn-light eltdf-hover-animation\"  >    <span class=\"eltdf-btn-text\">Lien Esidoc<\/span>                <span class=\"eltdf-btn-hover-item\"><\/span>    <\/a>\t\t\t\t\t<\/div>\n\t\t        \t        <\/div>\n\t\t<\/div>\n\t<\/div>\n<\/div>[\/vc_column_inner][vc_column_inner width=\u00a0\u00bb1\/3&Prime; css=\u00a0\u00bb.vc_custom_1524498734613{padding-right: 0px !important;padding-bottom: 25px !important;padding-left: 0px !important;background-color: #1e73be !important;}\u00a0\u00bb]<div class=\"eltdf-banner-holder  \">\n\t    <div class=\"eltdf-banner-text-holder\" style=\"background-color: #1e73be\">\n\t    <div class=\"eltdf-banner-text-inner\">\n\t\t    \t\t    <div class=\"eltdf-banner-content\">\n\t\t        \t\t            <h4 class=\"eltdf-banner-title\">Fonds documentaire et de lecture.<\/h4>\n\t\t        \t\t        \t\t\t        <p class=\"eltdf-banner-text\">Le fond documentaire se compose de l&#039;ensemble des supports et mat\u00e9riels pr\u00e9sents \u00e0 l&#039;inventaire du CCC et disponible soit au pr\u00eat soit \u00e0 l&#039;utilisation ou \u00e0 la consultation sur place : livres documentaires, litt\u00e9rature lyc\u00e9enne et litt\u00e9rature jeunesse auxquels viennent s\u2019ajouter des p\u00e9riodiques.<\/p>\n\t\t        \t\t\t\t\t        <\/div>\n\t\t<\/div>\n\t<\/div>\n<\/div>[\/vc_column_inner][vc_column_inner width=\u00a0\u00bb1\/3&Prime; css=\u00a0\u00bb.vc_custom_1529668080321{padding-right: 0px !important;padding-bottom: 25px !important;padding-left: 0px !important;background-color: #dd9933 !important;}\u00a0\u00bb]<div class=\"eltdf-banner-holder  \">\n\t    <div class=\"eltdf-banner-text-holder\" style=\"background-color: #dd9933\">\n\t    <div class=\"eltdf-banner-text-inner\">\n\t\t    \t\t    <div class=\"eltdf-banner-content\">\n\t\t        \t\t            <h4 class=\"eltdf-banner-title\">Antenne de l&#039;ONISEP<\/h4>\n\t\t        \t\t        \t\t\t        <p class=\"eltdf-banner-text\">L&#039;Orientation est le r\u00e9sultat d&#039;un processus continu d&#039;\u00e9laboration et de r\u00e9alisation du projet personnel que l&#039;\u00e9l\u00e8ve du coll\u00e8ge puis du lyc\u00e9e m\u00e8ne en fonction de ses aspirations et de ses capacit\u00e9s. Le CCC se veut \u00eatre un instrument au service des jeunes pour les aider dans leur r\u00e9flexion et leur d\u00e9cision sur le choix des \u00e9tudes. La documentation abondante r\u00e9pertori\u00e9e provient de l&#039;office national d&#039;Information sur les enseignements et les professions (ONISEP), du centre d&#039;Information et de Documentation Jeunesse (CIDJ), de diff\u00e9rents courriers en provenance d&#039;\u00e9coles ou d&#039;organismes du minist\u00e8re de l&#039;Education Nationale, des informations transmises par nos anciens \u00e9l\u00e8ves. Les journ\u00e9es d&#039;information carri\u00e8res locales ou r\u00e9gionales contribuent \u00e9galement \u00e0 cette construction.<\/p>\n\t\t        \t\t\t\t\t        <\/div>\n\t\t<\/div>\n\t<\/div>\n<\/div>[\/vc_column_inner][\/vc_row_inner][\/vc_column][\/vc_row][vc_row content_placement=\u00a0\u00bbmiddle\u00a0\u00bb parallax=\u00a0\u00bbcontent-moving\u00a0\u00bb row_content_width=\u00a0\u00bbgrid\u00a0\u00bb disable_background_image=\u00a0\u00bb1280&Prime; content_text_aligment=\u00a0\u00bbleft\u00a0\u00bb css=\u00a0\u00bb.vc_custom_1529674334352{padding-top: 50px !important;padding-right: 0px !important;padding-bottom: 50px !important;padding-left: 0px !important;background-position: center;background-repeat: no-repeat !important;background-size: contain !important;}\u00a0\u00bb simple_background_color=\u00a0\u00bb#d1d1d1&Prime; simple_background_image=\u00a0\u00bb7134&Prime;][vc_column css=\u00a0\u00bb.vc_custom_1524487513422{padding-top: -100px !important;}\u00a0\u00bb][vc_empty_space height=\u00a0\u00bb10px\u00a0\u00bb][\/vc_column][\/vc_row]<\/p>\n","protected":false},"excerpt":{"rendered":"<p>[vc_row][vc_column][vc_single_image image=\u00a0\u00bb11043&Prime; img_size=\u00a0\u00bb250X250&Prime; alignment=\u00a0\u00bbcenter\u00a0\u00bb onclick=\u00a0\u00bbcustom_link\u00a0\u00bb link=\u00a0\u00bbhttps:\/\/www.saint-bernard-troyes.fr\/\u00a0\u00bb][\/vc_column][\/vc_row][vc_row row_content_width=\u00a0\u00bbgrid\u00a0\u00bb css=\u00a0\u00bb.vc_custom_1524475345106{padding-top: 100px !important;}\u00a0\u00bb simple_background_color=\u00a0\u00bb#ededed\u00a0\u00bb][vc_column css=\u00a0\u00bb.vc_custom_1523620187516{margin-top: -100px !important;}\u00a0\u00bb][vc_empty_space height=\u00a0\u00bb30px\u00a0\u00bb][vc_empty_space height=\u00a0\u00bb20px\u00a0\u00bb][vc_empty_space height=\u00a0\u00bb20px\u00a0\u00bb][\/vc_column][\/vc_row][vc_row][vc_column][vc_empty_space height=\u00a0\u00bb50px\u00a0\u00bb][\/vc_column][\/vc_row][vc_row equal_height=\u00a0\u00bbyes\u00a0\u00bb content_placement=\u00a0\u00bbtop\u00a0\u00bb css_animation=\u00a0\u00bbzoomInRight\u00a0\u00bb row_content_width=\u00a0\u00bbgrid\u00a0\u00bb css=\u00a0\u00bb.vc_custom_1524480559711{padding-right: 0px !important;padding-left: 0px !important;}\u00a0\u00bb][vc_column width=\u00a0\u00bb1\/4&Prime;][vc_single_image image=\u00a0\u00bb6203&Prime; img_size=\u00a0\u00bbfull\u00a0\u00bb alignment=\u00a0\u00bbcenter\u00a0\u00bb style=\u00a0\u00bbvc_box_border_circle_2&Prime; border_color=\u00a0\u00bbturquoise\u00a0\u00bb css=\u00a0\u00bb.vc_custom_1529667692206{padding-top: -20px !important;padding-right: -20px !important;padding-bottom: -20px !important;padding-left: [&hellip;]<\/p>\n","protected":false},"author":1,"featured_media":0,"parent":0,"menu_order":0,"comment_status":"closed","ping_status":"closed","template":"full-width.php","meta":{"footnotes":""},"class_list":["post-7108","page","type-page","status-publish","hentry"],"_links":{"self":[{"href":"https:\/\/www.saint-bernard-troyes.fr\/index.php?rest_route=\/wp\/v2\/pages\/7108","targetHints":{"allow":["GET"]}}],"collection":[{"href":"https:\/\/www.saint-bernard-troyes.fr\/index.php?rest_route=\/wp\/v2\/pages"}],"about":[{"href":"https:\/\/www.saint-bernard-troyes.fr\/index.php?rest_route=\/wp\/v2\/types\/page"}],"author":[{"embeddable":true,"href":"https:\/\/www.saint-bernard-troyes.fr\/index.php?rest_route=\/wp\/v2\/users\/1"}],"replies":[{"embeddable":true,"href":"https:\/\/www.saint-bernard-troyes.fr\/index.php?rest_route=%2Fwp%2Fv2%2Fcomments&post=7108"}],"version-history":[{"count":30,"href":"https:\/\/www.saint-bernard-troyes.fr\/index.php?rest_route=\/wp\/v2\/pages\/7108\/revisions"}],"predecessor-version":[{"id":11065,"href":"https:\/\/www.saint-bernard-troyes.fr\/index.php?rest_route=\/wp\/v2\/pages\/7108\/revisions\/11065"}],"wp:attachment":[{"href":"https:\/\/www.saint-bernard-troyes.fr\/index.php?rest_route=%2Fwp%2Fv2%2Fmedia&parent=7108"}],"curies":[{"name":"wp","href":"https:\/\/api.w.org\/{rel}","templated":true}]}}