{"id":7076,"date":"2018-05-04T15:10:46","date_gmt":"2018-05-04T13:10:46","guid":{"rendered":"http:\/\/www.saint-bernard-troyes.fr\/?page_id=7076"},"modified":"2024-10-02T11:16:37","modified_gmt":"2024-10-02T09:16:37","slug":"adae-2","status":"publish","type":"page","link":"https:\/\/www.saint-bernard-troyes.fr\/?page_id=7076","title":{"rendered":"ADAE"},"content":{"rendered":"<p>[vc_row][vc_column][vc_single_image image=\u00a0\u00bb11043&Prime; img_size=\u00a0\u00bb250X250&Prime; alignment=\u00a0\u00bbcenter\u00a0\u00bb onclick=\u00a0\u00bbcustom_link\u00a0\u00bb link=\u00a0\u00bbhttps:\/\/www.saint-bernard-troyes.fr\/\u00a0\u00bb][\/vc_column][\/vc_row][vc_row row_content_width=\u00a0\u00bbgrid\u00a0\u00bb css=\u00a0\u00bb.vc_custom_1727712803445{padding-top: 100px !important;background-color: #ffffff !important;}\u00a0\u00bb simple_background_color=\u00a0\u00bb#ededed\u00a0\u00bb][vc_column css=\u00a0\u00bb.vc_custom_1727712752965{margin-top: -100px !important;background-color: #ffffff !important;}\u00a0\u00bb][vc_single_image image=\u00a0\u00bb10989&Prime; alignment=\u00a0\u00bbcenter\u00a0\u00bb onclick=\u00a0\u00bbcustom_link\u00a0\u00bb link=\u00a0\u00bbhttps:\/\/www.saint-bernard-troyes.fr\/\u00a0\u00bb css=\u00a0\u00bb.vc_custom_1727712709059{background-color: #ffffff !important;}\u00a0\u00bb][vc_empty_space height=\u00a0\u00bb30px\u00a0\u00bb]<div class=\"eltdf-section-title-holder  eltdf-st-has-watermark\" style=\"padding: 0 15%;text-align: center\">\n\t<div class=\"eltdf-st-inner\">\n\t\t\t\t\t<span class=\"eltdf-st-watermark\" style=\"color: #c9c9c9;font-size: 70px\">\n\t\t\t\tSaint Bernard\t\t\t<\/span>\n\t\t\t\t\t\t\t\t\t<h3 class=\"eltdf-st-title\" >\n\t\t\t\tl'Association Des Anciens El\u00e8ves\t\t\t<\/h3>\n\t\t\t\t\t<\/div>\n<\/div>[vc_empty_space height=\u00a0\u00bb20px\u00a0\u00bb]<div class=\"eltdf-section-title-holder  \" style=\"padding: 0 15%;text-align: center\">\n\t<div class=\"eltdf-st-inner\">\n\t\t\t\t\t\t\t\t\t<h6 class=\"eltdf-st-title\" style=\"color: #00bcbc\">\n\t\t\t\tEn 1880 naissait l'association des anciens \u00e9l\u00e8ves de l'\u00e9cole Saint Bernard\t\t\t<\/h6>\n\t\t\t\t\t<\/div>\n<\/div>[vc_empty_space height=\u00a0\u00bb20px\u00a0\u00bb][\/vc_column][\/vc_row][vc_row][vc_column][vc_empty_space][\/vc_column][\/vc_row][vc_row equal_height=\u00a0\u00bbyes\u00a0\u00bb content_placement=\u00a0\u00bbtop\u00a0\u00bb css_animation=\u00a0\u00bbzoomInRight\u00a0\u00bb row_content_width=\u00a0\u00bbgrid\u00a0\u00bb css=\u00a0\u00bb.vc_custom_1524480559711{padding-right: 0px !important;padding-left: 0px !important;}\u00a0\u00bb][vc_column]<div class=\"eltdf-section-title-holder  \" style=\"padding: 0 15%;text-align: left\">\n\t<div class=\"eltdf-st-inner\">\n\t\t\t\t\t\t\t\t\t<h6 class=\"eltdf-st-title\" style=\"color: #606060\">\n\t\t\t\tA l'origine du projet, un comit\u00e9 d'organisation pr\u00e9sid\u00e9 par Mr Georges VIGNES, qui, `` \u00e0 m\u00eame de constater qu'il suffirait d'un seul mot pour faire na\u00eetre pleine de force et d'avenir l'association des anciens \u00e9l\u00e8ves de l'Ecole St Bernard``, avait pu adresser un appel auquel beaucoup avaient r\u00e9pondu.\t\t\t<\/h6>\n\t\t\t\t\t<\/div>\n<\/div>[vc_empty_space height=\u00a0\u00bb20px\u00a0\u00bb]<div class=\"eltdf-section-title-holder  \" style=\"padding: 0 15%;text-align: left\">\n\t<div class=\"eltdf-st-inner\">\n\t\t\t\t\t\t\t\t\t<h6 class=\"eltdf-st-title\" style=\"color: #606060\">\n\t\t\t\tDepuis 1880 l'association des anciens a effectivement connu de l'avenir ! Elle a su \u00e9voluer et s'adapter \u00e0 son temps. C'est ainsi que le dimanche 27 mai 1923, elle changea de titre pour devenir l'association des anciens \u00e9l\u00e8ves des \u00e9coles Saint Bernard et Urbain IV prenant ainsi en compte l'\u00e9volution que l'\u00e9tablissement lui m\u00eame avait connu.\t\t\t<\/h6>\n\t\t\t\t\t<\/div>\n<\/div>[vc_empty_space height=\u00a0\u00bb20px\u00a0\u00bb]<div class=\"eltdf-section-title-holder  \" style=\"padding: 0 15%;text-align: left\">\n\t<div class=\"eltdf-st-inner\">\n\t\t\t\t\t\t\t\t\t<h6 class=\"eltdf-st-title\" style=\"color: #606060\">\n\t\t\t\tA la lecture des comptes rendus des ann\u00e9es pass\u00e9es, on peut percevoir toute la richesse qui \u00e9mane des souvenirs des uns et des autres, la reconnaissance accord\u00e9e aux \u00e9ducateurs, professeurs et directeurs de notre maison, l'aboutissement de toute une \u00e9ducation dans l'\u00e9panouissement d'une profession.\t\t\t<\/h6>\n\t\t\t\t\t<\/div>\n<\/div>[vc_empty_space height=\u00a0\u00bb20px\u00a0\u00bb]<div class=\"eltdf-section-title-holder  \" style=\"padding: 0 15%;text-align: left\">\n\t<div class=\"eltdf-st-inner\">\n\t\t\t\t\t\t\t\t\t<h6 class=\"eltdf-st-title\" style=\"color: #606060\">\n\t\t\t\tAttentif aux \u00e9volutions du syst\u00e8me \u00e9ducatif, l'association souhaite mettre \u00e0 la disposition de l'\u00e9tablissement toutes ses ressources humaines et mat\u00e9rielles pour contribuer \u00e0 son rayonnement et t\u00e9moigner ainsi de ce que nous avons re\u00e7u.\t\t\t<\/h6>\n\t\t\t\t\t<\/div>\n<\/div>[\/vc_column][\/vc_row][vc_row][vc_column][vc_empty_space height=\u00a0\u00bb20px\u00a0\u00bb][\/vc_column][\/vc_row][vc_row][vc_column][vc_empty_space height=\u00a0\u00bb50px\u00a0\u00bb][vc_row_inner equal_height=\u00a0\u00bbyes\u00a0\u00bb css=\u00a0\u00bb.vc_custom_1524497943427{padding-right: 0px !important;padding-left: 0px !important;}\u00a0\u00bb][vc_column_inner width=\u00a0\u00bb1\/2&Prime; css=\u00a0\u00bb.vc_custom_1524498837842{padding-right: 0px !important;padding-bottom: 25px !important;padding-left: 0px !important;background-color: #00bcbc !important;}\u00a0\u00bb]<div class=\"eltdf-banner-holder  \">\n\t    <div class=\"eltdf-banner-text-holder\" style=\"background-color: #00bcbc\">\n\t    <div class=\"eltdf-banner-text-inner\">\n\t\t    \t\t    <div class=\"eltdf-banner-content\">\n\t\t        \t\t            <h4 class=\"eltdf-banner-title\">Inscriptions et Mise \u00e0 jour du fichier des anciens<\/h4>\n\t\t        \t\t        \t\t\t        <p class=\"eltdf-banner-text\">Le d\u00e9veloppement et la p\u00e9rennit\u00e9 de notre association passe par le recrutement de ses membres. Ce travail de tous les instants doit nous permettre de cr\u00e9er une base de relation toujours plus importante. Nous souhaitons dynamiser ce fichier en introduisant de nouvelles donn\u00e9es (Etudes en cours, professions)<\/p>\n\t\t        \t\t\t\t\t        <\/div>\n\t\t<\/div>\n\t<\/div>\n<\/div><a itemprop=\"url\" href=\"https:\/\/docs.google.com\/forms\/d\/e\/1FAIpQLSe6y8a7fsW-frmDw0alZeqn7-D4GWexygkWeNtVNC4J1_qZkg\/viewform\" target=\"_blank\" style=\"color: #ffffff\" class=\"eltdf-btn eltdf-btn-medium eltdf-btn-solid eltdf-btn-default \"  >\n    <span class=\"eltdf-btn-text\">Alors gardons le contact<\/span>\n        <\/a>[\/vc_column_inner][vc_column_inner width=\u00a0\u00bb1\/2&Prime; css=\u00a0\u00bb.vc_custom_1524498734613{padding-right: 0px !important;padding-bottom: 25px !important;padding-left: 0px !important;background-color: #1e73be !important;}\u00a0\u00bb]<div class=\"eltdf-banner-holder  \">\n\t    <div class=\"eltdf-banner-text-holder\" style=\"background-color: #1e73be\">\n\t    <div class=\"eltdf-banner-text-inner\">\n\t\t    \t\t    <div class=\"eltdf-banner-content\">\n\t\t        \t\t            <h4 class=\"eltdf-banner-title\">Archives et collecte de souvenirs<\/h4>\n\t\t        \t\t        \t\t\t        <p class=\"eltdf-banner-text\">\u2022 Afin d&#039;enrichir le fond de nos archives, nous recevons volontiers tous les documents relatifs \u00e0 votre passage \u00e0 Saint Bernard - Urbain IV : photos, souvenirs, film ou vid\u00e9os,... \u00e0 l&#039;adresse : adae.stbernard@gmail.com<\/p>\n\t\t        \t\t\t\t\t        <\/div>\n\t\t<\/div>\n\t<\/div>\n<\/div>[\/vc_column_inner][\/vc_row_inner][\/vc_column][\/vc_row][vc_row content_placement=\u00a0\u00bbmiddle\u00a0\u00bb parallax=\u00a0\u00bbcontent-moving\u00a0\u00bb disable_background_image=\u00a0\u00bb\u00a0\u00bb css=\u00a0\u00bb.vc_custom_1525441654806{padding-top: 50px !important;padding-right: 0px !important;padding-bottom: 50px !important;padding-left: 0px !important;background-position: center;background-repeat: no-repeat !important;background-size: contain !important;}\u00a0\u00bb simple_background_color=\u00a0\u00bb#d1d1d1&Prime; simple_background_image=\u00a0\u00bb7098&Prime;][vc_column css_animation=\u00a0\u00bbbounceInDown\u00a0\u00bb width=\u00a0\u00bb2\/3&Prime; css=\u00a0\u00bb.vc_custom_1524489056247{padding-left: 30px !important;background-color: #ffffff !important;}\u00a0\u00bb]<div class=\"eltdf-section-title-holder  eltdf-st-has-watermark\" style=\"text-align: center\">\n\t<div class=\"eltdf-st-inner\">\n\t\t\t\t\t<span class=\"eltdf-st-watermark\" style=\"color: #00bcbc;font-size: 30px\">\n\t\t\t\tLes liens ADAE Saint Bernard\t\t\t<\/span>\n\t\t\t\t\t\t\t\t\t\t\t<h6 class=\"eltdf-st-text\" >\n\t\t\t\t``Parce qu'il existe une vie apr\u00e8s Saint Bernard``, nous souhaitons faire profiter les plus jeunes de nos exp\u00e9riences et soutenir leurs projets en proposant plusieurs actions :\t\t\t<\/h6>\n\t\t\t<\/div>\n<\/div>[vc_empty_space height=\u00a0\u00bb50px\u00a0\u00bb]<div class=\"eltdf-icon-list-holder \" style=\"margin-bottom: 8px\">\n\t<div class=\"eltdf-il-icon-holder\">\n\t\t<i class=\"eltdf-icon-font-awesome fa fa-check \" style=\"color: #00bcbc;font-size: 20px\"><\/i>\t<\/div>\n\t<p class=\"eltdf-il-text\" style=\"color: #707070\">Accompagnement \u00e0 l&#039;orientation (Forum, conseils, t\u00e9moignages). Partagez votre parcours de formation en nous transmettant votre profil comme l&#039;exemple ci-contre . Il sera pr\u00e9sent\u00e9 lors des rencontres d&#039;orientation de 3\u00e8me et de 2nde.<\/p>\n<\/div><div class=\"eltdf-icon-list-holder \" style=\"margin-bottom: 8px\">\n\t<div class=\"eltdf-il-icon-holder\">\n\t\t<i class=\"eltdf-icon-font-awesome fa fa-check \" style=\"color: #00bcbc;font-size: 20px\"><\/i>\t<\/div>\n\t<p class=\"eltdf-il-text\" style=\"color: #707070\">Participation \u00e0 la Journ\u00e9e Portes Ouvertes o\u00f9 les anciens sont ambassadeurs de l&#039;\u00e9tablissement.<\/p>\n<\/div><div class=\"eltdf-icon-list-holder \" style=\"margin-bottom: 8px\">\n\t<div class=\"eltdf-il-icon-holder\">\n\t\t<i class=\"eltdf-icon-font-awesome fa fa-check \" style=\"color: #00bcbc;font-size: 20px\"><\/i>\t<\/div>\n\t<p class=\"eltdf-il-text\" style=\"color: #707070\">Accueil de stagiaires de 3\u00e8me et 2nde en entreprise.<\/p>\n<\/div><div class=\"eltdf-icon-list-holder \" >\n\t<div class=\"eltdf-il-icon-holder\">\n\t\t<i class=\"eltdf-icon-font-awesome fa fa-check \" style=\"color: #00bcbc;font-size: 20px\"><\/i>\t<\/div>\n\t<p class=\"eltdf-il-text\" style=\"color: #707070;padding-left: Des actions de solidarit\u00e9 sont organis\u00e9es pendant les temps de l&#039;Avent et du Car\u00eame.px\">Prix des anciens lors de la remise des r\u00e9compenses de fin d&#039;ann\u00e9e.<\/p>\n<\/div>[\/vc_column][vc_column width=\u00a0\u00bb1\/3&Prime; css=\u00a0\u00bb.vc_custom_1524487513422{padding-top: -100px !important;}\u00a0\u00bb]<div class=\"eltdf-section-title-holder  \" style=\"padding: 0 5%;text-align: left\">\n\t<div class=\"eltdf-st-inner\">\n\t\t\t\t\t\t\t\t\t<h3 class=\"eltdf-st-title\" style=\"color: #ffffff\">\n\t\t\t\tICI votre parcours de formation\t\t\t<\/h3>\n\t\t\t\t\t<\/div>\n<\/div>[vc_icon icon_fontawesome=\u00a0\u00bbfa fa-arrow-down\u00a0\u00bb color=\u00a0\u00bbturquoise\u00a0\u00bb size=\u00a0\u00bblg\u00a0\u00bb][vc_empty_space height=\u00a0\u00bb20px\u00a0\u00bb][vc_images_carousel images=\u00a0\u00bb7694&Prime; autoplay=\u00a0\u00bbyes\u00a0\u00bb css_animation=\u00a0\u00bbbounceInDown\u00a0\u00bb css=\u00a0\u00bb.vc_custom_1543333043606{border-radius: 20px !important;}\u00a0\u00bb]<div class=\"eltdf-section-title-holder  \" style=\"padding: 0 5%;text-align: left\">\n\t<div class=\"eltdf-st-inner\">\n\t\t\t\t\t\t\t\t\t<h5 class=\"eltdf-st-title\" style=\"color: #ffffff\">\n\t\t\t\tmerci de l'envoyer \u00e0 adae.stbernard@gmail.com sous le format ppt ou pptx\t\t\t<\/h5>\n\t\t\t\t\t<\/div>\n<\/div>[\/vc_column][\/vc_row][vc_row][vc_column]<div class=\"eltdf-section-title-holder  eltdf-st-has-watermark\" style=\"padding: 0 19%;text-align: center\">\n\t<div class=\"eltdf-st-inner\">\n\t\t\t\t\t<span class=\"eltdf-st-watermark\" style=\"color: #bcbcbc;font-size: 150px\">\n\t\t\t\tNews\t\t\t<\/span>\n\t\t\t\t\t\t\t\t\t<h2 class=\"eltdf-st-title\" style=\"color: #00bcbc\">\n\t\t\t\tActualit\u00e9s\t\t\t<\/h2>\n\t\t\t\t\t<\/div>\n<\/div>[vc_empty_space height=\u00a0\u00bb100px\u00a0\u00bb][\/vc_column][\/vc_row]<\/p>\n","protected":false},"excerpt":{"rendered":"<p>[vc_row][vc_column][vc_single_image image=\u00a0\u00bb11043&Prime; img_size=\u00a0\u00bb250X250&Prime; alignment=\u00a0\u00bbcenter\u00a0\u00bb onclick=\u00a0\u00bbcustom_link\u00a0\u00bb link=\u00a0\u00bbhttps:\/\/www.saint-bernard-troyes.fr\/\u00a0\u00bb][\/vc_column][\/vc_row][vc_row row_content_width=\u00a0\u00bbgrid\u00a0\u00bb css=\u00a0\u00bb.vc_custom_1727712803445{padding-top: 100px !important;background-color: #ffffff !important;}\u00a0\u00bb simple_background_color=\u00a0\u00bb#ededed\u00a0\u00bb][vc_column css=\u00a0\u00bb.vc_custom_1727712752965{margin-top: -100px !important;background-color: #ffffff !important;}\u00a0\u00bb][vc_single_image image=\u00a0\u00bb10989&Prime; alignment=\u00a0\u00bbcenter\u00a0\u00bb onclick=\u00a0\u00bbcustom_link\u00a0\u00bb link=\u00a0\u00bbhttps:\/\/www.saint-bernard-troyes.fr\/\u00a0\u00bb css=\u00a0\u00bb.vc_custom_1727712709059{background-color: #ffffff !important;}\u00a0\u00bb][vc_empty_space height=\u00a0\u00bb30px\u00a0\u00bb][vc_empty_space height=\u00a0\u00bb20px\u00a0\u00bb][vc_empty_space height=\u00a0\u00bb20px\u00a0\u00bb][\/vc_column][\/vc_row][vc_row][vc_column][vc_empty_space][\/vc_column][\/vc_row][vc_row equal_height=\u00a0\u00bbyes\u00a0\u00bb content_placement=\u00a0\u00bbtop\u00a0\u00bb css_animation=\u00a0\u00bbzoomInRight\u00a0\u00bb row_content_width=\u00a0\u00bbgrid\u00a0\u00bb css=\u00a0\u00bb.vc_custom_1524480559711{padding-right: 0px !important;padding-left: 0px !important;}\u00a0\u00bb][vc_column][vc_empty_space height=\u00a0\u00bb20px\u00a0\u00bb][vc_empty_space height=\u00a0\u00bb20px\u00a0\u00bb][vc_empty_space height=\u00a0\u00bb20px\u00a0\u00bb][\/vc_column][\/vc_row][vc_row][vc_column][vc_empty_space [&hellip;]<\/p>\n","protected":false},"author":1,"featured_media":0,"parent":0,"menu_order":0,"comment_status":"closed","ping_status":"closed","template":"full-width.php","meta":{"footnotes":""},"class_list":["post-7076","page","type-page","status-publish","hentry"],"_links":{"self":[{"href":"https:\/\/www.saint-bernard-troyes.fr\/index.php?rest_route=\/wp\/v2\/pages\/7076","targetHints":{"allow":["GET"]}}],"collection":[{"href":"https:\/\/www.saint-bernard-troyes.fr\/index.php?rest_route=\/wp\/v2\/pages"}],"about":[{"href":"https:\/\/www.saint-bernard-troyes.fr\/index.php?rest_route=\/wp\/v2\/types\/page"}],"author":[{"embeddable":true,"href":"https:\/\/www.saint-bernard-troyes.fr\/index.php?rest_route=\/wp\/v2\/users\/1"}],"replies":[{"embeddable":true,"href":"https:\/\/www.saint-bernard-troyes.fr\/index.php?rest_route=%2Fwp%2Fv2%2Fcomments&post=7076"}],"version-history":[{"count":115,"href":"https:\/\/www.saint-bernard-troyes.fr\/index.php?rest_route=\/wp\/v2\/pages\/7076\/revisions"}],"predecessor-version":[{"id":11074,"href":"https:\/\/www.saint-bernard-troyes.fr\/index.php?rest_route=\/wp\/v2\/pages\/7076\/revisions\/11074"}],"wp:attachment":[{"href":"https:\/\/www.saint-bernard-troyes.fr\/index.php?rest_route=%2Fwp%2Fv2%2Fmedia&parent=7076"}],"curies":[{"name":"wp","href":"https:\/\/api.w.org\/{rel}","templated":true}]}}