{"id":6751,"date":"2018-04-24T10:01:11","date_gmt":"2018-04-24T08:01:11","guid":{"rendered":"http:\/\/www.saint-bernard-troyes.fr\/?page_id=6751"},"modified":"2024-10-02T11:15:45","modified_gmt":"2024-10-02T09:15:45","slug":"le-projet-pastoral-du-lycee","status":"publish","type":"page","link":"https:\/\/www.saint-bernard-troyes.fr\/?page_id=6751","title":{"rendered":"Le projet pastoral du lyc\u00e9e"},"content":{"rendered":"<p>[vc_row][vc_column][vc_single_image image=\u00a0\u00bb11043&Prime; img_size=\u00a0\u00bb250X250&Prime; alignment=\u00a0\u00bbcenter\u00a0\u00bb onclick=\u00a0\u00bbcustom_link\u00a0\u00bb link=\u00a0\u00bbhttps:\/\/www.saint-bernard-troyes.fr\/\u00a0\u00bb][\/vc_column][\/vc_row][vc_row row_content_width=\u00a0\u00bbgrid\u00a0\u00bb css=\u00a0\u00bb.vc_custom_1524475345106{padding-top: 100px !important;}\u00a0\u00bb simple_background_color=\u00a0\u00bb#ededed\u00a0\u00bb][vc_column css=\u00a0\u00bb.vc_custom_1523620187516{margin-top: -100px !important;}\u00a0\u00bb][vc_empty_space height=\u00a0\u00bb30px\u00a0\u00bb]<div class=\"eltdf-section-title-holder  eltdf-st-has-watermark\" style=\"padding: 0 15%;text-align: center\">\n\t<div class=\"eltdf-st-inner\">\n\t\t\t\t\t<span class=\"eltdf-st-watermark\" style=\"color: #c9c9c9;font-size: 70px\">\n\t\t\t\tFormation humaine\t\t\t<\/span>\n\t\t\t\t\t\t\t\t\t<h3 class=\"eltdf-st-title\" >\n\t\t\t\tLe Projet Pastoral\t\t\t<\/h3>\n\t\t\t\t\t<\/div>\n<\/div>[vc_empty_space height=\u00a0\u00bb30px\u00a0\u00bb]<div class=\"eltdf-section-title-holder  \" style=\"padding: 0 15%;text-align: center\">\n\t<div class=\"eltdf-st-inner\">\n\t\t\t\t\t\t\t\t\t<h6 class=\"eltdf-st-title\" style=\"color: #00bcbc\">\n\t\t\t\tLe Bienheureux P\u00e8re Louis Brisson, fondateur de l'\u00e9tablissement Saint Bernard et fid\u00e8le disciple de Saint Fran\u00e7ois de Sales, encourage ses \u00e9ducateurs de ``former des hommes et des femmes de conviction et de caract\u00e8re, de conscience et de c\u0153ur, leur apprendre \u00e0 \u00eatre quelqu'un et \u00e0 faire quelque chose``.\t\t\t<\/h6>\n\t\t\t\t\t<\/div>\n<\/div>[vc_empty_space height=\u00a0\u00bb30px\u00a0\u00bb]<div class=\"eltdf-section-title-holder  \" style=\"padding: 0 15%;text-align: center\">\n\t<div class=\"eltdf-st-inner\">\n\t\t\t\t\t\t\t\t\t<h6 class=\"eltdf-st-title\" style=\"color: #a8a8a8\">\n\t\t\t\tL'\u00e9tablissement est ouvert \u00e0 tous sans distinction de religion. Cependant, une ouverture \u00e0 la dimension spirituelle est propos\u00e9e \u00e0 chaque jeune.\t\t\t<\/h6>\n\t\t\t\t\t<\/div>\n<\/div>[vc_empty_space height=\u00a0\u00bb30px\u00a0\u00bb][\/vc_column][\/vc_row][vc_row][vc_column][vc_empty_space][\/vc_column][\/vc_row][vc_row equal_height=\u00a0\u00bbyes\u00a0\u00bb content_placement=\u00a0\u00bbtop\u00a0\u00bb css_animation=\u00a0\u00bbzoomInRight\u00a0\u00bb row_content_width=\u00a0\u00bbgrid\u00a0\u00bb css=\u00a0\u00bb.vc_custom_1524480559711{padding-right: 0px !important;padding-left: 0px !important;}\u00a0\u00bb][vc_column width=\u00a0\u00bb1\/4&Prime; css=\u00a0\u00bb.vc_custom_1524554700549{padding-right: 0px !important;padding-left: 0px !important;}\u00a0\u00bb][vc_empty_space][vc_single_image image=\u00a0\u00bb6752&Prime; img_size=\u00a0\u00bbfull\u00a0\u00bb style=\u00a0\u00bbvc_box_border_circle_2&Prime; border_color=\u00a0\u00bbpurple\u00a0\u00bb css=\u00a0\u00bb.vc_custom_1524574415102{padding-right: 0px !important;padding-left: 0px !important;}\u00a0\u00bb][\/vc_column][vc_column width=\u00a0\u00bb3\/4&Prime;]<div class=\"eltdf-section-title-holder  eltdf-st-has-watermark\" >\n\t<div class=\"eltdf-st-inner\">\n\t\t\t\t\t<span class=\"eltdf-st-watermark\" style=\"color: #00bcbc;font-size: 30px\">\n\t\t\t\tL&#039;objectif de la proposition est triple\t\t\t<\/span>\n\t\t\t\t\t\t\t\t\t<\/div>\n<\/div>[vc_empty_space height=\u00a0\u00bb30px\u00a0\u00bb]<div class=\"eltdf-icon-list-holder \" >\n\t<div class=\"eltdf-il-icon-holder\">\n\t\t<i class=\"eltdf-icon-font-awesome fa fa-check \" style=\"color: #00bcbc;font-size: 20px\"><\/i>\t<\/div>\n\t<p class=\"eltdf-il-text\" >Permettre d&#039;acqu\u00e9rir une culture religieuse qui est avant tout une connaissance.<\/p>\n<\/div><div class=\"eltdf-icon-list-holder \" >\n\t<div class=\"eltdf-il-icon-holder\">\n\t\t<i class=\"eltdf-icon-font-awesome fa fa-check \" style=\"color: #00bcbc;font-size: 20px\"><\/i>\t<\/div>\n\t<p class=\"eltdf-il-text\" >Permettre de trouver un lieu pour ``\u00e9prouver sa foi``, \u00e9tayer son adh\u00e9sion personnelle et la nourrir ou motiver son refus.<\/p>\n<\/div><div class=\"eltdf-icon-list-holder \" >\n\t<div class=\"eltdf-il-icon-holder\">\n\t\t<i class=\"eltdf-icon-font-awesome fa fa-check \" style=\"color: #00bcbc;font-size: 20px\"><\/i>\t<\/div>\n\t<p class=\"eltdf-il-text\" >Proposer une communaut\u00e9 chr\u00e9tienne vivante et c\u00e9l\u00e9brante, et aider les jeunes qui le d\u00e9sirent \u00e0 devenir, au nom de leur bapt\u00eame, actifs dans l&#039;Eglise en particulier l&#039;Eglise Dioc\u00e9saine.<\/p>\n<\/div><div class=\"eltdf-icon-list-holder \" >\n\t<div class=\"eltdf-il-icon-holder\">\n\t\t<i class=\"eltdf-icon-font-awesome fa  \" style=\"color: #00bcbc\"><\/i>\t<\/div>\n\t<p class=\"eltdf-il-text\" >Ainsi tout jeune est-il invit\u00e9 \u00e0 r\u00e9fl\u00e9chir sur ce qui fait sens dans sa vie.<\/p>\n<\/div><div class=\"eltdf-icon-list-holder \" >\n\t<div class=\"eltdf-il-icon-holder\">\n\t\t<i class=\"eltdf-icon-font-awesome fa  \" style=\"color: #00bcbc\"><\/i>\t<\/div>\n\t<p class=\"eltdf-il-text\" >Cette formule a pour but de le provoquer au dialogue, de lui permettre, s&#039;il le d\u00e9sire, de s&#039;exprimer personnellement, de lui donner l\u2019occasion de se poser des questions. Le groupe jouera alors le r\u00e9el lieu d&#039;\u00e9coute et offrira souvent des possibilit\u00e9s d&#039;activit\u00e9s communes.<\/p>\n<\/div>[\/vc_column][\/vc_row][vc_row][vc_column][vc_empty_space][\/vc_column][\/vc_row][vc_row content_placement=\u00a0\u00bbmiddle\u00a0\u00bb parallax=\u00a0\u00bbcontent-moving\u00a0\u00bb disable_background_image=\u00a0\u00bb\u00a0\u00bb css=\u00a0\u00bb.vc_custom_1524555176996{padding-top: 50px !important;padding-right: 0px !important;padding-bottom: 50px !important;padding-left: 0px !important;background-position: center;background-repeat: no-repeat;background-size: contain !important;}\u00a0\u00bb simple_background_color=\u00a0\u00bb#26ebf2&Prime; simple_background_image=\u00a0\u00bb6643&Prime;][vc_column css_animation=\u00a0\u00bbbounceInDown\u00a0\u00bb width=\u00a0\u00bb2\/3&Prime; css=\u00a0\u00bb.vc_custom_1524489056247{padding-left: 30px !important;background-color: #ffffff !important;}\u00a0\u00bb]<div class=\"eltdf-section-title-holder  eltdf-st-has-watermark\" style=\"padding: 0 15%;text-align: center\">\n\t<div class=\"eltdf-st-inner\">\n\t\t\t\t\t<span class=\"eltdf-st-watermark\" style=\"color: #00bcbc;font-size: 30px\">\n\t\t\t\tC\u00e9l\u00e9brations, C\u00e9r\u00e9monies, Temps Forts\t\t\t<\/span>\n\t\t\t\t\t\t\t\t\t<h3 class=\"eltdf-st-title\" >\n\t\t\t\tDans ce cadre\t\t\t<\/h3>\n\t\t\t\t\t<\/div>\n<\/div>[vc_empty_space height=\u00a0\u00bb50px\u00a0\u00bb]<div class=\"eltdf-icon-list-holder \" >\n\t<div class=\"eltdf-il-icon-holder\">\n\t\t<i class=\"eltdf-icon-font-awesome fa fa-check \" style=\"color: #00bcbc;font-size: 20px\"><\/i>\t<\/div>\n\t<p class=\"eltdf-il-text\" style=\"color: #686868\">Une c\u00e9l\u00e9bration est propos\u00e9e \u00e0 tous, chaque semaine dans la chapelle de l&#039;\u00e9tablissement.<\/p>\n<\/div>[vc_empty_space height=\u00a0\u00bb10px\u00a0\u00bb]<div class=\"eltdf-icon-list-holder \" >\n\t<div class=\"eltdf-il-icon-holder\">\n\t\t<i class=\"eltdf-icon-font-awesome fa fa-check \" style=\"color: #00bcbc;font-size: 20px\"><\/i>\t<\/div>\n\t<p class=\"eltdf-il-text\" style=\"color: #686868\">A l&#039;occasion des grandes f\u00eates, proposition de C\u00e9r\u00e9monies P\u00e9nitentielles.<\/p>\n<\/div>[vc_empty_space height=\u00a0\u00bb10px\u00a0\u00bb]<div class=\"eltdf-icon-list-holder \" >\n\t<div class=\"eltdf-il-icon-holder\">\n\t\t<i class=\"eltdf-icon-font-awesome fa fa-check \" style=\"color: #00bcbc;font-size: 20px\"><\/i>\t<\/div>\n\t<p class=\"eltdf-il-text\" style=\"color: #686868\">Des temps forts comme la f\u00eate du Bienheureux Louis Brisson, l&#039;Avent, la veill\u00e9e de No\u00ebl, la f\u00eate de Saint Fran\u00e7ois de Sales, le Car\u00eame, la Passion, la f\u00eate de P\u00e2ques, la f\u00eate du Sacr\u00e9 C\u0153ur avec sa journ\u00e9e d&#039;adoration, la messe d&#039;Action de Gr\u00e2ce jalonnent l&#039;ann\u00e9e avec des d\u00e9marches particuli\u00e8res.<\/p>\n<\/div>[vc_empty_space height=\u00a0\u00bb10px\u00a0\u00bb]<div class=\"eltdf-icon-list-holder \" >\n\t<div class=\"eltdf-il-icon-holder\">\n\t\t<i class=\"eltdf-icon-font-awesome fa fa-check \" style=\"color: #00bcbc;font-size: 20px\"><\/i>\t<\/div>\n\t<p class=\"eltdf-il-text\" style=\"color: #686868;padding-left: Des actions de solidarit\u00e9 sont organis\u00e9es pendant les temps de l&#039;Avent et du Car\u00eame.px\">A l&#039;occasion des grandes f\u00eates, proposition de C\u00e9r\u00e9monies P\u00e9nitentielles.<\/p>\n<\/div>[\/vc_column][vc_column width=\u00a0\u00bb1\/3&Prime; css=\u00a0\u00bb.vc_custom_1524487513422{padding-top: -100px !important;}\u00a0\u00bb][vc_empty_space height=\u00a0\u00bb10px\u00a0\u00bb][\/vc_column][\/vc_row][vc_row][vc_column][vc_empty_space height=\u00a0\u00bb50px\u00a0\u00bb]<div class=\"eltdf-section-title-holder  eltdf-st-has-watermark\" style=\"padding: 0 15%;text-align: center\">\n\t<div class=\"eltdf-st-inner\">\n\t\t\t\t\t<span class=\"eltdf-st-watermark\" style=\"color: #c9c9c9;font-size: 70px\">\n\t\t\t\tFormation humaine\t\t\t<\/span>\n\t\t\t\t\t\t\t\t\t<h3 class=\"eltdf-st-title\" >\n\t\t\t\tAu lyc\u00e9e\t\t\t<\/h3>\n\t\t\t\t\t<\/div>\n<\/div>[vc_empty_space height=\u00a0\u00bb40px\u00a0\u00bb][vc_empty_space height=\u00a0\u00bb50px\u00a0\u00bb][vc_row_inner equal_height=\u00a0\u00bbyes\u00a0\u00bb css=\u00a0\u00bb.vc_custom_1524497943427{padding-right: 0px !important;padding-left: 0px !important;}\u00a0\u00bb][vc_column_inner width=\u00a0\u00bb1\/2&Prime; css=\u00a0\u00bb.vc_custom_1524561709833{padding-right: 0px !important;padding-bottom: 10px !important;padding-left: 0px !important;background-color: #00bcbc !important;}\u00a0\u00bb]<div class=\"eltdf-banner-holder  \">\n\t    <div class=\"eltdf-banner-text-holder\" style=\"background-color: #00bcbc\">\n\t    <div class=\"eltdf-banner-text-inner\">\n\t\t    \t\t    <div class=\"eltdf-banner-content\">\n\t\t        \t\t            <h4 class=\"eltdf-banner-title\">la Formation humaine<\/h4>\n\t\t        \t\t        \t\t\t        <p class=\"eltdf-banner-text\">Un temps de formation humaine (conf\u00e9rences et temps de r\u00e9flexion) est offerts aux \u00e9l\u00e8ves.<\/p>\n\t\t        \t\t\t\t\t        <\/div>\n\t\t<\/div>\n\t<\/div>\n<\/div>[\/vc_column_inner][vc_column_inner width=\u00a0\u00bb1\/2&Prime; css=\u00a0\u00bb.vc_custom_1524561717560{padding-right: 0px !important;padding-bottom: 10px !important;padding-left: 0px !important;background-color: #dd9933 !important;}\u00a0\u00bb]<div class=\"eltdf-banner-holder  \">\n\t    <div class=\"eltdf-banner-text-holder\" style=\"background-color: #dd9933\">\n\t    <div class=\"eltdf-banner-text-inner\">\n\t\t    \t\t    <div class=\"eltdf-banner-content\">\n\t\t        \t\t            <h4 class=\"eltdf-banner-title\">la Confirmation<\/h4>\n\t\t        \t\t        \t\t\t        <p class=\"eltdf-banner-text\">la Confirmation est propos\u00e9e au Lyc\u00e9e avec une d\u00e9marche sp\u00e9cifique en lien avec l&#039;aum\u00f4nerie et les lyc\u00e9ens de l&#039;agglom\u00e9ration troyenne.<\/p>\n\t\t        \t\t\t\t\t        <\/div>\n\t\t<\/div>\n\t<\/div>\n<\/div>[\/vc_column_inner][\/vc_row_inner][\/vc_column][\/vc_row][vc_row content_text_aligment=\u00a0\u00bbcenter\u00a0\u00bb][vc_column]<div class=\"eltdf-masonry-elements-holder eltdf-masonry-four-columns\">\n\t<div class=\"eltdf-masonry-elements-grid-sizer\"><\/div>\n\t<div class=\"eltdf-masonry-elements-item eltdf-square\">\n\t<div class=\"eltdf-masonry-elements-item-inner eltdf-masonry-elements-item-custom-795928\"  data-item-class=\"eltdf-masonry-elements-item-custom-795928\">\n\t\t<span class=\"eltdf-masonry-elements-item-background\" style=\"background-image: url(https:\/\/www.saint-bernard-troyes.fr\/wp-content\/uploads\/2018\/04\/20160226_100854modif2.jpg)\"><\/span>\n\t\t<div class=\"eltdf-masonry-elements-item-inner-helper\">\n\t\t\t<div class=\"eltdf-masonry-elements-item-inner-tb\">\n\t\t\t\t<div class=\"eltdf-masonry-elements-item-inner-tc\" style=\"vertical-align: middle;text-align: left\">\n\t\t\t\t\t\t\t\t\t<\/div>\n\t\t\t<\/div>\n\t\t<\/div>\n\t<\/div>\n<\/div><div class=\"eltdf-masonry-elements-item eltdf-large-width\">\n\t<div class=\"eltdf-masonry-elements-item-inner eltdf-masonry-elements-item-custom-288233\" style=\"padding: 0px 147px 0px 64px\" data-item-class=\"eltdf-masonry-elements-item-custom-288233\" data-1280-1440=\"0px 147px 0px 64px\" data-1024-1280=\"0px 106px 0px 25px\" data-768-1024=\"0px 200px 0px 64px\" data-600-768=\"0px 40px\" data-480-600=\"0px\" data-480=\"0px\">\n\t\t<span class=\"eltdf-masonry-elements-item-background\" style=\"background-color: #4687bf\"><\/span>\n\t\t<div class=\"eltdf-masonry-elements-item-inner-helper\">\n\t\t\t<div class=\"eltdf-masonry-elements-item-inner-tb\">\n\t\t\t\t<div class=\"eltdf-masonry-elements-item-inner-tc\" style=\"vertical-align: middle;text-align: left\">\n\t\t\t\t\t<div class=\"eltdf-section-title-holder  eltdf-st-has-watermark\" style=\"text-align: left\">\n\t<div class=\"eltdf-st-inner\">\n\t\t\t\t\t<span class=\"eltdf-st-watermark\" style=\"color: #2f7cbf;font-size: 120px\">\n\t\t\t\tFormation humaine\t\t\t<\/span>\n\t\t\t\t\t\t\t\t\t<\/div>\n<\/div>[vc_empty_space height=\u00a0\u00bb30px\u00a0\u00bb]<div class=\"eltdf-section-title-holder  \" style=\"text-align: left\">\n\t<div class=\"eltdf-st-inner\">\n\t\t\t\t\t\t\t\t\t\t\t<span class=\"eltdf-st-text\" style=\"color: #ffffff\">\n\t\t\t\tCes rencontres et ces d\u00e9marches permettent aux enfants et aux jeunes de nourrir, d'approfondir et de c\u00e9l\u00e9brer leur foi.\t\t\t<\/span>\n\t\t\t<\/div>\n<\/div>\t\t\t\t<\/div>\n\t\t\t<\/div>\n\t\t<\/div>\n\t<\/div>\n<\/div><div class=\"eltdf-masonry-elements-item eltdf-square\">\n\t<div class=\"eltdf-masonry-elements-item-inner eltdf-masonry-elements-item-custom-289619\" style=\"padding: 0px 62px 0px\" data-item-class=\"eltdf-masonry-elements-item-custom-289619\" data-1280-1440=\"0px 62px\" data-1024-1280=\"0px 36px\" data-768-1024=\"0px 76px\" data-600-768=\"0px\" data-480-600=\"0px\" data-480=\"0px\">\n\t\t<span class=\"eltdf-masonry-elements-item-background\" style=\"background-image: url(https:\/\/www.saint-bernard-troyes.fr\/wp-content\/uploads\/2018\/04\/DSC_2162modif.jpg);background-color: #4582ff\"><\/span>\n\t\t<div class=\"eltdf-masonry-elements-item-inner-helper\">\n\t\t\t<div class=\"eltdf-masonry-elements-item-inner-tb\">\n\t\t\t\t<div class=\"eltdf-masonry-elements-item-inner-tc\" style=\"vertical-align: middle;text-align: center\">\n\t\t\t\t\t[vc_empty_space height=\u00a0\u00bb30px\u00a0\u00bb]\t\t\t\t<\/div>\n\t\t\t<\/div>\n\t\t<\/div>\n\t<\/div>\n<\/div><div class=\"eltdf-masonry-elements-item eltdf-square\">\n\t<div class=\"eltdf-masonry-elements-item-inner eltdf-masonry-elements-item-custom-381585\" style=\"padding: 0px 0px 0px 40px\" data-item-class=\"eltdf-masonry-elements-item-custom-381585\" data-1280-1440=\"0px 0px 0px 40px\" data-1024-1280=\"0px 0px 0px 40px\" data-768-1024=\"0px 21px 0px 40px\" data-600-768=\"0px 0px 0px 40px\" data-480-600=\"0px 20px\" data-480=\"0px 20px\">\n\t\t<span class=\"eltdf-masonry-elements-item-background\" style=\"background-image: url(https:\/\/www.saint-bernard-troyes.fr\/wp-content\/uploads\/2018\/04\/DSC_2153modif.jpg)\"><\/span>\n\t\t<div class=\"eltdf-masonry-elements-item-inner-helper\">\n\t\t\t<div class=\"eltdf-masonry-elements-item-inner-tb\">\n\t\t\t\t<div class=\"eltdf-masonry-elements-item-inner-tc\" style=\"vertical-align: middle;text-align: left\">\n\t\t\t\t\t[vc_empty_space height=\u00a0\u00bb12px\u00a0\u00bb]\t\t\t\t<\/div>\n\t\t\t<\/div>\n\t\t<\/div>\n\t<\/div>\n<\/div><div class=\"eltdf-masonry-elements-item eltdf-square\">\n\t<div class=\"eltdf-masonry-elements-item-inner eltdf-masonry-elements-item-custom-139631\"  data-item-class=\"eltdf-masonry-elements-item-custom-139631\">\n\t\t<span class=\"eltdf-masonry-elements-item-background\" style=\"background-image: url(https:\/\/www.saint-bernard-troyes.fr\/wp-content\/uploads\/2018\/04\/20150919_104538modif.jpg)\"><\/span>\n\t\t<div class=\"eltdf-masonry-elements-item-inner-helper\">\n\t\t\t<div class=\"eltdf-masonry-elements-item-inner-tb\">\n\t\t\t\t<div class=\"eltdf-masonry-elements-item-inner-tc\" style=\"vertical-align: middle;text-align: left\">\n\t\t\t\t\t<div class=\"eltdf-section-title-holder  eltdf-st-has-watermark\" style=\"text-align: center\">\n\t<div class=\"eltdf-st-inner\">\n\t\t\t\t\t<span class=\"eltdf-st-watermark\" style=\"color: #ffffff;font-size: 60px\">\n\t\t\t\tConfirmation\t\t\t<\/span>\n\t\t\t\t\t\t\t\t\t<\/div>\n<\/div>\t\t\t\t<\/div>\n\t\t\t<\/div>\n\t\t<\/div>\n\t<\/div>\n<\/div><\/div>[\/vc_column][\/vc_row]<\/p>\n","protected":false},"excerpt":{"rendered":"<p>[vc_row][vc_column][vc_single_image image=\u00a0\u00bb11043&Prime; img_size=\u00a0\u00bb250X250&Prime; alignment=\u00a0\u00bbcenter\u00a0\u00bb onclick=\u00a0\u00bbcustom_link\u00a0\u00bb link=\u00a0\u00bbhttps:\/\/www.saint-bernard-troyes.fr\/\u00a0\u00bb][\/vc_column][\/vc_row][vc_row row_content_width=\u00a0\u00bbgrid\u00a0\u00bb css=\u00a0\u00bb.vc_custom_1524475345106{padding-top: 100px !important;}\u00a0\u00bb simple_background_color=\u00a0\u00bb#ededed\u00a0\u00bb][vc_column css=\u00a0\u00bb.vc_custom_1523620187516{margin-top: -100px !important;}\u00a0\u00bb][vc_empty_space height=\u00a0\u00bb30px\u00a0\u00bb][vc_empty_space height=\u00a0\u00bb30px\u00a0\u00bb][vc_empty_space height=\u00a0\u00bb30px\u00a0\u00bb][vc_empty_space height=\u00a0\u00bb30px\u00a0\u00bb][\/vc_column][\/vc_row][vc_row][vc_column][vc_empty_space][\/vc_column][\/vc_row][vc_row equal_height=\u00a0\u00bbyes\u00a0\u00bb content_placement=\u00a0\u00bbtop\u00a0\u00bb css_animation=\u00a0\u00bbzoomInRight\u00a0\u00bb row_content_width=\u00a0\u00bbgrid\u00a0\u00bb css=\u00a0\u00bb.vc_custom_1524480559711{padding-right: 0px !important;padding-left: 0px !important;}\u00a0\u00bb][vc_column width=\u00a0\u00bb1\/4&Prime; css=\u00a0\u00bb.vc_custom_1524554700549{padding-right: 0px !important;padding-left: 0px !important;}\u00a0\u00bb][vc_empty_space][vc_single_image image=\u00a0\u00bb6752&Prime; img_size=\u00a0\u00bbfull\u00a0\u00bb style=\u00a0\u00bbvc_box_border_circle_2&Prime; border_color=\u00a0\u00bbpurple\u00a0\u00bb css=\u00a0\u00bb.vc_custom_1524574415102{padding-right: 0px !important;padding-left: [&hellip;]<\/p>\n","protected":false},"author":1,"featured_media":0,"parent":0,"menu_order":0,"comment_status":"closed","ping_status":"closed","template":"full-width.php","meta":{"footnotes":""},"class_list":["post-6751","page","type-page","status-publish","hentry"],"_links":{"self":[{"href":"https:\/\/www.saint-bernard-troyes.fr\/index.php?rest_route=\/wp\/v2\/pages\/6751","targetHints":{"allow":["GET"]}}],"collection":[{"href":"https:\/\/www.saint-bernard-troyes.fr\/index.php?rest_route=\/wp\/v2\/pages"}],"about":[{"href":"https:\/\/www.saint-bernard-troyes.fr\/index.php?rest_route=\/wp\/v2\/types\/page"}],"author":[{"embeddable":true,"href":"https:\/\/www.saint-bernard-troyes.fr\/index.php?rest_route=\/wp\/v2\/users\/1"}],"replies":[{"embeddable":true,"href":"https:\/\/www.saint-bernard-troyes.fr\/index.php?rest_route=%2Fwp%2Fv2%2Fcomments&post=6751"}],"version-history":[{"count":32,"href":"https:\/\/www.saint-bernard-troyes.fr\/index.php?rest_route=\/wp\/v2\/pages\/6751\/revisions"}],"predecessor-version":[{"id":11069,"href":"https:\/\/www.saint-bernard-troyes.fr\/index.php?rest_route=\/wp\/v2\/pages\/6751\/revisions\/11069"}],"wp:attachment":[{"href":"https:\/\/www.saint-bernard-troyes.fr\/index.php?rest_route=%2Fwp%2Fv2%2Fmedia&parent=6751"}],"curies":[{"name":"wp","href":"https:\/\/api.w.org\/{rel}","templated":true}]}}