{"id":6637,"date":"2018-04-23T16:09:26","date_gmt":"2018-04-23T14:09:26","guid":{"rendered":"http:\/\/www.saint-bernard-troyes.fr\/?page_id=6637"},"modified":"2024-10-02T11:14:39","modified_gmt":"2024-10-02T09:14:39","slug":"le-projet-pastoral-du-college","status":"publish","type":"page","link":"https:\/\/www.saint-bernard-troyes.fr\/?page_id=6637","title":{"rendered":"Le projet pastoral du coll\u00e8ge"},"content":{"rendered":"<p>[vc_row content_text_aligment=\u00a0\u00bbcenter\u00a0\u00bb][vc_column][vc_single_image image=\u00a0\u00bb11043&Prime; img_size=\u00a0\u00bb250X250&Prime; alignment=\u00a0\u00bbcenter\u00a0\u00bb onclick=\u00a0\u00bbcustom_link\u00a0\u00bb link=\u00a0\u00bbhttps:\/\/www.saint-bernard-troyes.fr\/\u00a0\u00bb][\/vc_column][\/vc_row][vc_row row_content_width=\u00a0\u00bbgrid\u00a0\u00bb css=\u00a0\u00bb.vc_custom_1524475345106{padding-top: 100px !important;}\u00a0\u00bb simple_background_color=\u00a0\u00bb#ededed\u00a0\u00bb][vc_column css=\u00a0\u00bb.vc_custom_1523620187516{margin-top: -100px !important;}\u00a0\u00bb][vc_empty_space height=\u00a0\u00bb30px\u00a0\u00bb]<div class=\"eltdf-section-title-holder  eltdf-st-has-watermark\" style=\"padding: 0 15%;text-align: center\">\n\t<div class=\"eltdf-st-inner\">\n\t\t\t\t\t<span class=\"eltdf-st-watermark\" style=\"color: #c9c9c9;font-size: 70px\">\n\t\t\t\tFormation humaine\t\t\t<\/span>\n\t\t\t\t\t\t\t\t\t<h3 class=\"eltdf-st-title\" >\n\t\t\t\tLe Projet Pastoral\t\t\t<\/h3>\n\t\t\t\t\t<\/div>\n<\/div>[vc_empty_space height=\u00a0\u00bb30px\u00a0\u00bb]<div class=\"eltdf-section-title-holder  \" style=\"padding: 0 15%;text-align: center\">\n\t<div class=\"eltdf-st-inner\">\n\t\t\t\t\t\t\t\t\t<h6 class=\"eltdf-st-title\" style=\"color: #00bcbc\">\n\t\t\t\tLe Bienheureux P\u00e8re Louis Brisson, fondateur de l'\u00e9tablissement Saint Bernard et fid\u00e8le disciple de Saint Fran\u00e7ois de Sales, encourage ses \u00e9ducateurs de ``former des hommes et des femmes de conviction et de caract\u00e8re, de conscience et de c\u0153ur, leur apprendre \u00e0 \u00eatre quelqu'un et \u00e0 faire quelque chose``.\t\t\t<\/h6>\n\t\t\t\t\t<\/div>\n<\/div>[vc_empty_space height=\u00a0\u00bb30px\u00a0\u00bb]<div class=\"eltdf-section-title-holder  \" style=\"padding: 0 15%;text-align: center\">\n\t<div class=\"eltdf-st-inner\">\n\t\t\t\t\t\t\t\t\t<h6 class=\"eltdf-st-title\" style=\"color: #a8a8a8\">\n\t\t\t\tL'\u00e9tablissement est ouvert \u00e0 tous sans distinction de religion. Cependant, une ouverture \u00e0 la dimension spirituelle est propos\u00e9e \u00e0 chaque jeune.\t\t\t<\/h6>\n\t\t\t\t\t<\/div>\n<\/div>[vc_empty_space height=\u00a0\u00bb30px\u00a0\u00bb][\/vc_column][\/vc_row][vc_row][vc_column][vc_empty_space][\/vc_column][\/vc_row][vc_row equal_height=\u00a0\u00bbyes\u00a0\u00bb content_placement=\u00a0\u00bbtop\u00a0\u00bb css_animation=\u00a0\u00bbzoomInRight\u00a0\u00bb row_content_width=\u00a0\u00bbgrid\u00a0\u00bb css=\u00a0\u00bb.vc_custom_1524480559711{padding-right: 0px !important;padding-left: 0px !important;}\u00a0\u00bb][vc_column width=\u00a0\u00bb1\/4&Prime; css=\u00a0\u00bb.vc_custom_1524554700549{padding-right: 0px !important;padding-left: 0px !important;}\u00a0\u00bb][vc_empty_space][vc_single_image image=\u00a0\u00bb6712&Prime; img_size=\u00a0\u00bbfull\u00a0\u00bb style=\u00a0\u00bbvc_box_border_circle_2&Prime; border_color=\u00a0\u00bbturquoise\u00a0\u00bb][\/vc_column][vc_column width=\u00a0\u00bb3\/4&Prime;]<div class=\"eltdf-section-title-holder  eltdf-st-has-watermark\" >\n\t<div class=\"eltdf-st-inner\">\n\t\t\t\t\t<span class=\"eltdf-st-watermark\" style=\"color: #00bcbc;font-size: 30px\">\n\t\t\t\tL&#039;objectif de la proposition est triple\t\t\t<\/span>\n\t\t\t\t\t\t\t\t\t<\/div>\n<\/div>[vc_empty_space height=\u00a0\u00bb30px\u00a0\u00bb]<div class=\"eltdf-icon-list-holder \" >\n\t<div class=\"eltdf-il-icon-holder\">\n\t\t<i class=\"eltdf-icon-font-awesome fa fa-check \" style=\"color: #00bcbc;font-size: 20px\"><\/i>\t<\/div>\n\t<p class=\"eltdf-il-text\" >Permettre d&#039;acqu\u00e9rir une culture religieuse qui est avant tout une connaissance.<\/p>\n<\/div><div class=\"eltdf-icon-list-holder \" >\n\t<div class=\"eltdf-il-icon-holder\">\n\t\t<i class=\"eltdf-icon-font-awesome fa fa-check \" style=\"color: #00bcbc;font-size: 20px\"><\/i>\t<\/div>\n\t<p class=\"eltdf-il-text\" >Permettre de trouver un lieu pour ``\u00e9prouver sa foi``, \u00e9tayer son adh\u00e9sion personnelle et la nourrir ou motiver son refus.<\/p>\n<\/div><div class=\"eltdf-icon-list-holder \" >\n\t<div class=\"eltdf-il-icon-holder\">\n\t\t<i class=\"eltdf-icon-font-awesome fa fa-check \" style=\"color: #00bcbc;font-size: 20px\"><\/i>\t<\/div>\n\t<p class=\"eltdf-il-text\" >Proposer une communaut\u00e9 chr\u00e9tienne vivante et c\u00e9l\u00e9brante, et aider les jeunes qui le d\u00e9sirent \u00e0 devenir, au nom de leur bapt\u00eame, actifs dans l&#039;Eglise en particulier l&#039;Eglise Dioc\u00e9saine.<\/p>\n<\/div><div class=\"eltdf-icon-list-holder \" >\n\t<div class=\"eltdf-il-icon-holder\">\n\t\t<i class=\"eltdf-icon-font-awesome fa  \" style=\"color: #00bcbc\"><\/i>\t<\/div>\n\t<p class=\"eltdf-il-text\" >Ainsi tout jeune est-il invit\u00e9 \u00e0 r\u00e9fl\u00e9chir sur ce qui fait sens dans sa vie.<\/p>\n<\/div><div class=\"eltdf-icon-list-holder \" >\n\t<div class=\"eltdf-il-icon-holder\">\n\t\t<i class=\"eltdf-icon-font-awesome fa  \" style=\"color: #00bcbc\"><\/i>\t<\/div>\n\t<p class=\"eltdf-il-text\" >Cette formule a pour but de le provoquer au dialogue, de lui permettre, s&#039;il le d\u00e9sire, de s&#039;exprimer personnellement, de lui donner l\u2019occasion de se poser des questions. Le groupe jouera alors le r\u00e9el lieu d&#039;\u00e9coute et offrira souvent des possibilit\u00e9s d&#039;activit\u00e9s communes.<\/p>\n<\/div>[\/vc_column][\/vc_row][vc_row][vc_column][vc_empty_space][\/vc_column][\/vc_row][vc_row content_placement=\u00a0\u00bbmiddle\u00a0\u00bb parallax=\u00a0\u00bbcontent-moving\u00a0\u00bb disable_background_image=\u00a0\u00bb\u00a0\u00bb css=\u00a0\u00bb.vc_custom_1524555176996{padding-top: 50px !important;padding-right: 0px !important;padding-bottom: 50px !important;padding-left: 0px !important;background-position: center;background-repeat: no-repeat !important;background-size: contain !important;}\u00a0\u00bb simple_background_color=\u00a0\u00bb#26ebf2&Prime; simple_background_image=\u00a0\u00bb6643&Prime;][vc_column css_animation=\u00a0\u00bbbounceInDown\u00a0\u00bb width=\u00a0\u00bb2\/3&Prime; css=\u00a0\u00bb.vc_custom_1524489056247{padding-left: 30px !important;background-color: #ffffff !important;}\u00a0\u00bb]<div class=\"eltdf-section-title-holder  eltdf-st-has-watermark\" style=\"padding: 0 15%;text-align: center\">\n\t<div class=\"eltdf-st-inner\">\n\t\t\t\t\t<span class=\"eltdf-st-watermark\" style=\"color: #00bcbc;font-size: 30px\">\n\t\t\t\tC\u00e9l\u00e9brations, C\u00e9r\u00e9monies, Temps Forts\t\t\t<\/span>\n\t\t\t\t\t\t\t\t\t<h3 class=\"eltdf-st-title\" >\n\t\t\t\tDans ce cadre\t\t\t<\/h3>\n\t\t\t\t\t<\/div>\n<\/div>[vc_empty_space height=\u00a0\u00bb50px\u00a0\u00bb]<div class=\"eltdf-icon-list-holder \" >\n\t<div class=\"eltdf-il-icon-holder\">\n\t\t<i class=\"eltdf-icon-font-awesome fa fa-check \" style=\"color: #00bcbc;font-size: 20px\"><\/i>\t<\/div>\n\t<p class=\"eltdf-il-text\" style=\"color: #686868\">Une c\u00e9l\u00e9bration est propos\u00e9e \u00e0 tous, chaque semaine dans la chapelle de l&#039;\u00e9tablissement.<\/p>\n<\/div>[vc_empty_space height=\u00a0\u00bb10px\u00a0\u00bb]<div class=\"eltdf-icon-list-holder \" >\n\t<div class=\"eltdf-il-icon-holder\">\n\t\t<i class=\"eltdf-icon-font-awesome fa fa-check \" style=\"color: #00bcbc;font-size: 20px\"><\/i>\t<\/div>\n\t<p class=\"eltdf-il-text\" style=\"color: #686868\">A l&#039;occasion des grandes f\u00eates, proposition de C\u00e9r\u00e9monies P\u00e9nitentielles.<\/p>\n<\/div>[vc_empty_space height=\u00a0\u00bb10px\u00a0\u00bb]<div class=\"eltdf-icon-list-holder \" >\n\t<div class=\"eltdf-il-icon-holder\">\n\t\t<i class=\"eltdf-icon-font-awesome fa fa-check \" style=\"color: #00bcbc;font-size: 20px\"><\/i>\t<\/div>\n\t<p class=\"eltdf-il-text\" style=\"color: #686868\">Des temps forts comme la f\u00eate du Bienheureux Louis Brisson, l&#039;Avent, la veill\u00e9e de No\u00ebl, la f\u00eate de Saint Fran\u00e7ois de Sales, le Car\u00eame, la Passion, la f\u00eate de P\u00e2ques, la f\u00eate du Sacr\u00e9 C\u0153ur avec sa journ\u00e9e d&#039;adoration, la messe d&#039;Action de Gr\u00e2ce jalonnent l&#039;ann\u00e9e avec des d\u00e9marches particuli\u00e8res.<\/p>\n<\/div>[vc_empty_space height=\u00a0\u00bb10px\u00a0\u00bb]<div class=\"eltdf-icon-list-holder \" >\n\t<div class=\"eltdf-il-icon-holder\">\n\t\t<i class=\"eltdf-icon-font-awesome fa fa-check \" style=\"color: #00bcbc;font-size: 20px\"><\/i>\t<\/div>\n\t<p class=\"eltdf-il-text\" style=\"color: #686868;padding-left: Des actions de solidarit\u00e9 sont organis\u00e9es pendant les temps de l&#039;Avent et du Car\u00eame.px\">A l&#039;occasion des grandes f\u00eates, proposition de C\u00e9r\u00e9monies P\u00e9nitentielles.<\/p>\n<\/div>[\/vc_column][vc_column width=\u00a0\u00bb1\/3&Prime; css=\u00a0\u00bb.vc_custom_1524487513422{padding-top: -100px !important;}\u00a0\u00bb][vc_empty_space height=\u00a0\u00bb10px\u00a0\u00bb][\/vc_column][\/vc_row][vc_row][vc_column][vc_empty_space height=\u00a0\u00bb50px\u00a0\u00bb]<div class=\"eltdf-section-title-holder  \" style=\"text-align: center\">\n\t<div class=\"eltdf-st-inner\">\n\t\t\t\t\t\t\t\t\t<h4 class=\"eltdf-st-title\" >\n\t\t\t\tAu coll\u00e8ge\t\t\t<\/h4>\n\t\t\t\t\t<\/div>\n<\/div>[vc_empty_space height=\u00a0\u00bb40px\u00a0\u00bb]<div class=\"eltdf-section-title-holder  eltdf-st-has-watermark\" style=\"text-align: center\">\n\t<div class=\"eltdf-st-inner\">\n\t\t\t\t\t<span class=\"eltdf-st-watermark\" style=\"color: #00bcbc;font-size: 30px\">\n\t\t\t\tUn temps de formation adapt\u00e9 \u00e0 chaque niveau scolaire\t\t\t<\/span>\n\t\t\t\t\t\t\t\t\t\t\t<span class=\"eltdf-st-text\" >\n\t\t\t\tChaque s\u00e9ance aborde une question qui prend son origine dans la vie quotidienne des adolescents. Elle comprend 3 partie :\t\t\t<\/span>\n\t\t\t<\/div>\n<\/div>[vc_empty_space height=\u00a0\u00bb50px\u00a0\u00bb][vc_row_inner equal_height=\u00a0\u00bbyes\u00a0\u00bb css=\u00a0\u00bb.vc_custom_1524497943427{padding-right: 0px !important;padding-left: 0px !important;}\u00a0\u00bb][vc_column_inner width=\u00a0\u00bb1\/3&Prime; css=\u00a0\u00bb.vc_custom_1524498837842{padding-right: 0px !important;padding-bottom: 25px !important;padding-left: 0px !important;background-color: #00bcbc !important;}\u00a0\u00bb]<div class=\"eltdf-banner-holder  \">\n\t    <div class=\"eltdf-banner-text-holder\" style=\"background-color: #00bcbc\">\n\t    <div class=\"eltdf-banner-text-inner\">\n\t\t    \t\t    <div class=\"eltdf-banner-content\">\n\t\t        \t\t            <h4 class=\"eltdf-banner-title\">la Formation humaine<\/h4>\n\t\t        \t\t        \t\t\t        <p class=\"eltdf-banner-text\">Elle permet aux jeunes de D\u00c9CRIRE le fait religieux dans l&#039;histoire des hommes. La s\u00e9ance pose une probl\u00e9matique, une question de vie et de sens. La s\u00e9ance apporte une r\u00e9flexion \u00e9thique, adapt\u00e9e \u00e0 la maturit\u00e9 du jeunes.<\/p>\n\t\t        \t\t\t\t\t        <\/div>\n\t\t<\/div>\n\t<\/div>\n<\/div>[\/vc_column_inner][vc_column_inner width=\u00a0\u00bb1\/3&Prime; css=\u00a0\u00bb.vc_custom_1524498768243{padding-right: 0px !important;padding-bottom: 25px !important;padding-left: 0px !important;background-color: #dd9933 !important;}\u00a0\u00bb]<div class=\"eltdf-banner-holder  \">\n\t    <div class=\"eltdf-banner-text-holder\" style=\"background-color: #dd9933\">\n\t    <div class=\"eltdf-banner-text-inner\">\n\t\t    \t\t    <div class=\"eltdf-banner-content\">\n\t\t        \t\t            <h4 class=\"eltdf-banner-title\">la Culture Chr\u00e9tienne<\/h4>\n\t\t        \t\t        \t\t\t        <p class=\"eltdf-banner-text\">Elle permet de S&#039;INSCRIRE dans une histoire particuli\u00e8re marqu\u00e9e par le christianisme. La s\u00e9ance permet d&#039;apporter un ``plus`` de connaissances dans de nombreux domaines tels que l&#039;histoire, l&#039;art, l&#039;architecture, la litt\u00e9rature,....<\/p>\n\t\t        \t\t\t\t\t        <\/div>\n\t\t<\/div>\n\t<\/div>\n<\/div>[\/vc_column_inner][vc_column_inner width=\u00a0\u00bb1\/3&Prime; css=\u00a0\u00bb.vc_custom_1524498734613{padding-right: 0px !important;padding-bottom: 25px !important;padding-left: 0px !important;background-color: #1e73be !important;}\u00a0\u00bb]<div class=\"eltdf-banner-holder  \">\n\t    <div class=\"eltdf-banner-text-holder\" style=\"background-color: #1e73be\">\n\t    <div class=\"eltdf-banner-text-inner\">\n\t\t    \t\t    <div class=\"eltdf-banner-content\">\n\t\t        \t\t            <h4 class=\"eltdf-banner-title\">la Culture religieuse<\/h4>\n\t\t        \t\t        \t\t\t        <p class=\"eltdf-banner-text\">Elle n&#039;impose pas une r\u00e9ponse de foi, mais cette s\u00e9ance invite \u00e0 une connaissance des faits religieux et des religions pour apprendre aux jeunes \u00e0 RESPECTER les diverses confessions.<\/p>\n\t\t        \t\t\t\t\t        <\/div>\n\t\t<\/div>\n\t<\/div>\n<\/div>[\/vc_column_inner][\/vc_row_inner][\/vc_column][\/vc_row][vc_row content_text_aligment=\u00a0\u00bbcenter\u00a0\u00bb][vc_column]<div class=\"eltdf-masonry-elements-holder eltdf-masonry-four-columns\">\n\t<div class=\"eltdf-masonry-elements-grid-sizer\"><\/div>\n\t<div class=\"eltdf-masonry-elements-item eltdf-square\">\n\t<div class=\"eltdf-masonry-elements-item-inner eltdf-masonry-elements-item-custom-367199\"  data-item-class=\"eltdf-masonry-elements-item-custom-367199\">\n\t\t<span class=\"eltdf-masonry-elements-item-background\" style=\"background-image: url(https:\/\/www.saint-bernard-troyes.fr\/wp-content\/uploads\/2018\/04\/IMG_4054modif.jpg)\"><\/span>\n\t\t<div class=\"eltdf-masonry-elements-item-inner-helper\">\n\t\t\t<div class=\"eltdf-masonry-elements-item-inner-tb\">\n\t\t\t\t<div class=\"eltdf-masonry-elements-item-inner-tc\" style=\"vertical-align: middle;text-align: left\">\n\t\t\t\t\t<div class=\"eltdf-section-title-holder  eltdf-st-has-watermark\" style=\"text-align: center\">\n\t<div class=\"eltdf-st-inner\">\n\t\t\t\t\t<span class=\"eltdf-st-watermark\" style=\"color: #ffffff;font-size: 60px\">\n\t\t\t\tProfession de foi\t\t\t<\/span>\n\t\t\t\t\t\t\t\t\t<\/div>\n<\/div>\t\t\t\t<\/div>\n\t\t\t<\/div>\n\t\t<\/div>\n\t<\/div>\n<\/div><div class=\"eltdf-masonry-elements-item eltdf-large-width\">\n\t<div class=\"eltdf-masonry-elements-item-inner eltdf-masonry-elements-item-custom-474444\" style=\"padding: 0px 147px 0px 64px\" data-item-class=\"eltdf-masonry-elements-item-custom-474444\" data-1280-1440=\"0px 147px 0px 64px\" data-1024-1280=\"0px 106px 0px 25px\" data-768-1024=\"0px 200px 0px 64px\" data-600-768=\"0px 40px\" data-480-600=\"0px\" data-480=\"0px\">\n\t\t<span class=\"eltdf-masonry-elements-item-background\" style=\"background-color: #04d2c8\"><\/span>\n\t\t<div class=\"eltdf-masonry-elements-item-inner-helper\">\n\t\t\t<div class=\"eltdf-masonry-elements-item-inner-tb\">\n\t\t\t\t<div class=\"eltdf-masonry-elements-item-inner-tc\" style=\"vertical-align: middle;text-align: left\">\n\t\t\t\t\t<div class=\"eltdf-section-title-holder  eltdf-st-has-watermark\" style=\"text-align: left\">\n\t<div class=\"eltdf-st-inner\">\n\t\t\t\t\t<span class=\"eltdf-st-watermark\" style=\"color: #12e1d7;font-size: 150px\">\n\t\t\t\tFormation humaine\t\t\t<\/span>\n\t\t\t\t\t\t\t\t\t<\/div>\n<\/div>[vc_empty_space height=\u00a0\u00bb30px\u00a0\u00bb]<div class=\"eltdf-section-title-holder  \" style=\"text-align: left\">\n\t<div class=\"eltdf-st-inner\">\n\t\t\t\t\t\t\t\t\t\t\t<span class=\"eltdf-st-text\" style=\"color: #ffffff\">\n\t\t\t\tLa proposition du programme simple et concret, cherche \u00e0 inciter la curiosit\u00e9 des jeunes et encourage d'aller \u00e0 la recherche du sens. Cette ouverture \u00e0 la formation humaine, \u00e0 la culture chr\u00e9tienne et \u00e0 la culture religieuse permet aux enfants et aux jeunes une d\u00e9couverte sans adh\u00e9sion ni conviction.\t\t\t<\/span>\n\t\t\t<\/div>\n<\/div>\t\t\t\t<\/div>\n\t\t\t<\/div>\n\t\t<\/div>\n\t<\/div>\n<\/div><div class=\"eltdf-masonry-elements-item eltdf-square\">\n\t<div class=\"eltdf-masonry-elements-item-inner eltdf-masonry-elements-item-custom-767174\" style=\"padding: 0px 62px 0px\" data-item-class=\"eltdf-masonry-elements-item-custom-767174\" data-1280-1440=\"0px 62px\" data-1024-1280=\"0px 36px\" data-768-1024=\"0px 76px\" data-600-768=\"0px\" data-480-600=\"0px\" data-480=\"0px\">\n\t\t<span class=\"eltdf-masonry-elements-item-background\" style=\"background-color: #4582ff\"><\/span>\n\t\t<div class=\"eltdf-masonry-elements-item-inner-helper\">\n\t\t\t<div class=\"eltdf-masonry-elements-item-inner-tb\">\n\t\t\t\t<div class=\"eltdf-masonry-elements-item-inner-tc\" style=\"vertical-align: middle;text-align: center\">\n\t\t\t\t\t[vc_empty_space height=\u00a0\u00bb30px\u00a0\u00bb]<div class=\"eltdf-iwt clearfix  eltdf-iwt-icon-top eltdf-iwt-icon-medium\">\n\t<div class=\"eltdf-iwt-icon\">\n\t\t\t\t\t\t\t\t\t    <span class=\"eltdf-icon-shortcode eltdf-normal   eltdf-icon-medium\"  data-color=\"#ffffff\">\n                    <i class=\"eltdf-icon-font-awesome fa fa-circle-thin eltdf-icon-element\" style=\"color: #ffffff\" ><\/i>            <\/span>\n\t\t\t\t\t\t<\/div>\n\t<div class=\"eltdf-iwt-content\" style=\"padding-top: 0px\">\n\t\t\t\t\t<h5 class=\"eltdf-iwt-title\" style=\"color: #ffffff;margin-top: 18px\">\n\t\t\t\t\t\t\t\t<span class=\"eltdf-iwt-title-text\">En classe de 6\u00e8me et 5\u00e8me une heure de culture religieuse hebdomadaire et de quinzaine<\/span>\n\t\t\t\t\t\t\t<\/h5>\n\t\t\t\t\t<\/div>\n<\/div>[vc_empty_space height=\u00a0\u00bb10px\u00a0\u00bb]\t\t\t\t<\/div>\n\t\t\t<\/div>\n\t\t<\/div>\n\t<\/div>\n<\/div><div class=\"eltdf-masonry-elements-item eltdf-square\">\n\t<div class=\"eltdf-masonry-elements-item-inner eltdf-masonry-elements-item-custom-111502\" style=\"padding: 0px 0px 0px 40px\" data-item-class=\"eltdf-masonry-elements-item-custom-111502\" data-1280-1440=\"0px 0px 0px 40px\" data-1024-1280=\"0px 0px 0px 40px\" data-768-1024=\"0px 21px 0px 40px\" data-600-768=\"0px 0px 0px 40px\" data-480-600=\"0px 20px\" data-480=\"0px 20px\">\n\t\t<span class=\"eltdf-masonry-elements-item-background\" ><\/span>\n\t\t<div class=\"eltdf-masonry-elements-item-inner-helper\">\n\t\t\t<div class=\"eltdf-masonry-elements-item-inner-tb\">\n\t\t\t\t<div class=\"eltdf-masonry-elements-item-inner-tc\" style=\"vertical-align: middle;text-align: left\">\n\t\t\t\t\t[vc_empty_space height=\u00a0\u00bb12px\u00a0\u00bb]<div class=\"eltdf-section-title-holder  eltdf-st-has-watermark\" style=\"text-align: center\">\n\t<div class=\"eltdf-st-inner\">\n\t\t\t\t\t<span class=\"eltdf-st-watermark\" style=\"color: #cecece;font-size: 100px\">\n\t\t\t\t4\u00e8me 3\u00e8me\t\t\t<\/span>\n\t\t\t\t\t\t\t\t\t<h5 class=\"eltdf-st-title\" >\n\t\t\t\tEn classe de 4\u00e8me et de 3\u00e8me, un temps de formation humaine propos\u00e9 chaque mois\t\t\t<\/h5>\n\t\t\t\t\t<\/div>\n<\/div>\t\t\t\t<\/div>\n\t\t\t<\/div>\n\t\t<\/div>\n\t<\/div>\n<\/div><div class=\"eltdf-masonry-elements-item eltdf-square\">\n\t<div class=\"eltdf-masonry-elements-item-inner eltdf-masonry-elements-item-custom-367976\"  data-item-class=\"eltdf-masonry-elements-item-custom-367976\">\n\t\t<span class=\"eltdf-masonry-elements-item-background\" style=\"background-image: url(https:\/\/www.saint-bernard-troyes.fr\/wp-content\/uploads\/2018\/04\/DSCF7300modif2.jpg)\"><\/span>\n\t\t<div class=\"eltdf-masonry-elements-item-inner-helper\">\n\t\t\t<div class=\"eltdf-masonry-elements-item-inner-tb\">\n\t\t\t\t<div class=\"eltdf-masonry-elements-item-inner-tc\" style=\"vertical-align: middle;text-align: left\">\n\t\t\t\t\t<div class=\"eltdf-section-title-holder  eltdf-st-has-watermark\" style=\"text-align: right\">\n\t<div class=\"eltdf-st-inner\">\n\t\t\t\t\t<span class=\"eltdf-st-watermark\" style=\"color: #ffffff;font-size: 25px\">\n\t\t\t\tAutour de ces rencontres, des propositions permettent aux jeunes qui le d\u00e9sirent d&#039;approfondir et de c\u00e9l\u00e9brer leur foi dans ou hors de l&#039;\u00e9tablissement\t\t\t<\/span>\n\t\t\t\t\t\t\t\t\t<\/div>\n<\/div>[vc_empty_space height=\u00a0\u00bb12px\u00a0\u00bb]\t\t\t\t<\/div>\n\t\t\t<\/div>\n\t\t<\/div>\n\t<\/div>\n<\/div><\/div>[\/vc_column][\/vc_row]<\/p>\n","protected":false},"excerpt":{"rendered":"<p>[vc_row content_text_aligment=\u00a0\u00bbcenter\u00a0\u00bb][vc_column][vc_single_image image=\u00a0\u00bb11043&Prime; img_size=\u00a0\u00bb250X250&Prime; alignment=\u00a0\u00bbcenter\u00a0\u00bb onclick=\u00a0\u00bbcustom_link\u00a0\u00bb link=\u00a0\u00bbhttps:\/\/www.saint-bernard-troyes.fr\/\u00a0\u00bb][\/vc_column][\/vc_row][vc_row row_content_width=\u00a0\u00bbgrid\u00a0\u00bb css=\u00a0\u00bb.vc_custom_1524475345106{padding-top: 100px !important;}\u00a0\u00bb simple_background_color=\u00a0\u00bb#ededed\u00a0\u00bb][vc_column css=\u00a0\u00bb.vc_custom_1523620187516{margin-top: -100px !important;}\u00a0\u00bb][vc_empty_space height=\u00a0\u00bb30px\u00a0\u00bb][vc_empty_space height=\u00a0\u00bb30px\u00a0\u00bb][vc_empty_space height=\u00a0\u00bb30px\u00a0\u00bb][vc_empty_space height=\u00a0\u00bb30px\u00a0\u00bb][\/vc_column][\/vc_row][vc_row][vc_column][vc_empty_space][\/vc_column][\/vc_row][vc_row equal_height=\u00a0\u00bbyes\u00a0\u00bb content_placement=\u00a0\u00bbtop\u00a0\u00bb css_animation=\u00a0\u00bbzoomInRight\u00a0\u00bb row_content_width=\u00a0\u00bbgrid\u00a0\u00bb css=\u00a0\u00bb.vc_custom_1524480559711{padding-right: 0px !important;padding-left: 0px !important;}\u00a0\u00bb][vc_column width=\u00a0\u00bb1\/4&Prime; css=\u00a0\u00bb.vc_custom_1524554700549{padding-right: 0px !important;padding-left: 0px !important;}\u00a0\u00bb][vc_empty_space][vc_single_image image=\u00a0\u00bb6712&Prime; img_size=\u00a0\u00bbfull\u00a0\u00bb style=\u00a0\u00bbvc_box_border_circle_2&Prime; border_color=\u00a0\u00bbturquoise\u00a0\u00bb][\/vc_column][vc_column width=\u00a0\u00bb3\/4&Prime;][vc_empty_space height=\u00a0\u00bb30px\u00a0\u00bb][\/vc_column][\/vc_row][vc_row][vc_column][vc_empty_space][\/vc_column][\/vc_row][vc_row [&hellip;]<\/p>\n","protected":false},"author":1,"featured_media":0,"parent":0,"menu_order":0,"comment_status":"closed","ping_status":"closed","template":"full-width.php","meta":{"footnotes":""},"class_list":["post-6637","page","type-page","status-publish","hentry"],"_links":{"self":[{"href":"https:\/\/www.saint-bernard-troyes.fr\/index.php?rest_route=\/wp\/v2\/pages\/6637","targetHints":{"allow":["GET"]}}],"collection":[{"href":"https:\/\/www.saint-bernard-troyes.fr\/index.php?rest_route=\/wp\/v2\/pages"}],"about":[{"href":"https:\/\/www.saint-bernard-troyes.fr\/index.php?rest_route=\/wp\/v2\/types\/page"}],"author":[{"embeddable":true,"href":"https:\/\/www.saint-bernard-troyes.fr\/index.php?rest_route=\/wp\/v2\/users\/1"}],"replies":[{"embeddable":true,"href":"https:\/\/www.saint-bernard-troyes.fr\/index.php?rest_route=%2Fwp%2Fv2%2Fcomments&post=6637"}],"version-history":[{"count":82,"href":"https:\/\/www.saint-bernard-troyes.fr\/index.php?rest_route=\/wp\/v2\/pages\/6637\/revisions"}],"predecessor-version":[{"id":11062,"href":"https:\/\/www.saint-bernard-troyes.fr\/index.php?rest_route=\/wp\/v2\/pages\/6637\/revisions\/11062"}],"wp:attachment":[{"href":"https:\/\/www.saint-bernard-troyes.fr\/index.php?rest_route=%2Fwp%2Fv2%2Fmedia&parent=6637"}],"curies":[{"name":"wp","href":"https:\/\/api.w.org\/{rel}","templated":true}]}}