{"id":65,"date":"2018-02-12T13:47:14","date_gmt":"2018-02-12T12:47:14","guid":{"rendered":"http:\/\/www.saint-bernard-troyes.fr\/?page_id=65"},"modified":"2018-02-12T14:16:33","modified_gmt":"2018-02-12T13:16:33","slug":"preparez-votre-avenir","status":"publish","type":"page","link":"https:\/\/www.saint-bernard-troyes.fr\/?page_id=65","title":{"rendered":"Pr\u00e9parez votre avenir"},"content":{"rendered":"<p>Au-del\u00e0 de l&rsquo;accompagnement vers une orientation r\u00e9ussie (Rencontre d&rsquo;orientation, visites d&rsquo;\u00e9tablissements, entretien d&rsquo;orientation), nous vous proposons de d\u00e9couvrir les guides d&rsquo;orientation pour compl\u00e9ter votre information en suivant le lien suivant :<\/p>\n<p>&nbsp;<\/p>\n<p><a href=\"http:\/\/www.onisep.fr\/Mes-infos-regionales\/Champagne-Ardenne\/Publications\/Guides-d-orientation\"><img loading=\"lazy\" decoding=\"async\" class=\"wp-image-70 size-medium aligncenter\" src=\"http:\/\/www.saint-bernard-troyes.fr\/wp-content\/uploads\/2018\/02\/onisep-300x88.jpg\" alt=\"\" width=\"300\" height=\"88\" srcset=\"https:\/\/www.saint-bernard-troyes.fr\/wp-content\/uploads\/2018\/02\/onisep-300x88.jpg 300w, https:\/\/www.saint-bernard-troyes.fr\/wp-content\/uploads\/2018\/02\/onisep-600x176.jpg 600w, https:\/\/www.saint-bernard-troyes.fr\/wp-content\/uploads\/2018\/02\/onisep-768x225.jpg 768w, https:\/\/www.saint-bernard-troyes.fr\/wp-content\/uploads\/2018\/02\/onisep-1024x300.jpg 1024w\" sizes=\"auto, (max-width: 300px) 100vw, 300px\" \/><\/a><\/p>\n<p>&nbsp;<\/p>\n<p>&nbsp;<\/p>\n<p>&nbsp;<\/p>\n<p>Dans son projet d&rsquo;\u00e9tablissement, Saint Bernard\u00a0\u00a0\u00bb\u00a0recherche toutes possibilit\u00e9s d&rsquo;\u00e9largir le champ de r\u00e9ussite des jeunes qui lui sont confi\u00e9s :<\/p>\n<ul>\n<li>Il assure la promotion de toutes les fili\u00e8res.<\/li>\n<li>Il s&rsquo;efforce de permettre \u00e0 chacun une orientation r\u00e9ussie.<\/li>\n<li>Il consid\u00e8re toute composante de l&rsquo;homme en faisant appel \u00e0 ses ressources spirituelles, physiques, artistiques, intellectuelles, relationnelles. \u00ab\u00a0<\/li>\n<\/ul>\n<p>&nbsp;<\/p>\n<p>La proc\u00e9dure PARCOURSUP est destin\u00e9e\u00a0<em>aux \u00e9l\u00e8ves de terminale<\/em>. Elle leur permet d&rsquo;effectuer des v\u0153ux d&rsquo;inscriptions en enseignement sup\u00e9rieur d\u00e9s le 22 janvier dans le respect du calendrier fix\u00e9 :<\/p>\n<p>&nbsp;<\/p>\n<p><a href=\"https:\/\/www.parcoursup.fr\/index.php?desc=accueil\"><img loading=\"lazy\" decoding=\"async\" class=\"wp-image-71 size-medium aligncenter\" src=\"http:\/\/www.saint-bernard-troyes.fr\/wp-content\/uploads\/2018\/02\/PARCOURSUP-300x169.jpg\" alt=\"\" width=\"300\" height=\"169\" srcset=\"https:\/\/www.saint-bernard-troyes.fr\/wp-content\/uploads\/2018\/02\/PARCOURSUP-300x169.jpg 300w, https:\/\/www.saint-bernard-troyes.fr\/wp-content\/uploads\/2018\/02\/PARCOURSUP-600x338.jpg 600w, https:\/\/www.saint-bernard-troyes.fr\/wp-content\/uploads\/2018\/02\/PARCOURSUP-768x432.jpg 768w, https:\/\/www.saint-bernard-troyes.fr\/wp-content\/uploads\/2018\/02\/PARCOURSUP.jpg 1024w\" sizes=\"auto, (max-width: 300px) 100vw, 300px\" \/><\/a><\/p>\n","protected":false},"excerpt":{"rendered":"<p>Au-del\u00e0 de l&rsquo;accompagnement vers une orientation r\u00e9ussie (Rencontre d&rsquo;orientation, visites d&rsquo;\u00e9tablissements, entretien d&rsquo;orientation), nous vous proposons de d\u00e9couvrir les guides d&rsquo;orientation pour compl\u00e9ter votre information en suivant le lien suivant : &nbsp; &nbsp; &nbsp; &nbsp; Dans son projet d&rsquo;\u00e9tablissement, Saint [&hellip;]<\/p>\n","protected":false},"author":1,"featured_media":0,"parent":0,"menu_order":0,"comment_status":"closed","ping_status":"closed","template":"","meta":{"footnotes":""},"class_list":["post-65","page","type-page","status-publish","hentry"],"_links":{"self":[{"href":"https:\/\/www.saint-bernard-troyes.fr\/index.php?rest_route=\/wp\/v2\/pages\/65","targetHints":{"allow":["GET"]}}],"collection":[{"href":"https:\/\/www.saint-bernard-troyes.fr\/index.php?rest_route=\/wp\/v2\/pages"}],"about":[{"href":"https:\/\/www.saint-bernard-troyes.fr\/index.php?rest_route=\/wp\/v2\/types\/page"}],"author":[{"embeddable":true,"href":"https:\/\/www.saint-bernard-troyes.fr\/index.php?rest_route=\/wp\/v2\/users\/1"}],"replies":[{"embeddable":true,"href":"https:\/\/www.saint-bernard-troyes.fr\/index.php?rest_route=%2Fwp%2Fv2%2Fcomments&post=65"}],"version-history":[{"count":5,"href":"https:\/\/www.saint-bernard-troyes.fr\/index.php?rest_route=\/wp\/v2\/pages\/65\/revisions"}],"predecessor-version":[{"id":81,"href":"https:\/\/www.saint-bernard-troyes.fr\/index.php?rest_route=\/wp\/v2\/pages\/65\/revisions\/81"}],"wp:attachment":[{"href":"https:\/\/www.saint-bernard-troyes.fr\/index.php?rest_route=%2Fwp%2Fv2%2Fmedia&parent=65"}],"curies":[{"name":"wp","href":"https:\/\/api.w.org\/{rel}","templated":true}]}}