{"id":6357,"date":"2018-04-20T15:00:51","date_gmt":"2018-04-20T13:00:51","guid":{"rendered":"http:\/\/www.saint-bernard-troyes.fr\/?page_id=6357"},"modified":"2024-10-02T11:13:47","modified_gmt":"2024-10-02T09:13:47","slug":"petits-chanteurs-de-champagne","status":"publish","type":"page","link":"https:\/\/www.saint-bernard-troyes.fr\/?page_id=6357","title":{"rendered":"Petits Chanteurs de Champagne"},"content":{"rendered":"<p>[vc_row row_content_width=\u00a0\u00bbgrid\u00a0\u00bb css=\u00a0\u00bb.vc_custom_1524131598983{padding-top: 100px !important;padding-bottom: 73px !important;}\u00a0\u00bb simple_background_color=\u00a0\u00bb#ededed\u00a0\u00bb][vc_column css=\u00a0\u00bb.vc_custom_1523620187516{margin-top: -100px !important;}\u00a0\u00bb][vc_empty_space height=\u00a0\u00bb30px\u00a0\u00bb]<div class=\"eltdf-section-title-holder  eltdf-st-has-watermark\" style=\"padding: 0 15%;text-align: center\">\n\t<div class=\"eltdf-st-inner\">\n\t\t\t\t\t<span class=\"eltdf-st-watermark\" style=\"color: #a6b2b2;font-size: 90px\">\n\t\t\t\tArtisans de Paix\t\t\t<\/span>\n\t\t\t\t\t\t\t\t\t<\/div>\n<\/div>[vc_empty_space height=\u00a0\u00bb20px\u00a0\u00bb]<div class=\"eltdf-section-title-holder  \" style=\"padding: 0 15%;text-align: center\">\n\t<div class=\"eltdf-st-inner\">\n\t\t\t\t\t\t\t\t\t<h3 class=\"eltdf-st-title\" >\n\t\t\t\tLES PETITS CHANTEURS DE CHAMPAGNE\t\t\t<\/h3>\n\t\t\t\t\t<\/div>\n<\/div>[vc_empty_space height=\u00a0\u00bb25px\u00a0\u00bb]<div class=\"eltdf-section-title-holder  \" style=\"padding: 0 15%;text-align: center\">\n\t<div class=\"eltdf-st-inner\">\n\t\t\t\t\t\t\t<h4 class=\"eltdf-st-tagline\" style=\"color: #00bcbc;margin-bottom: 100 px\">\n\t\t\t\tMa\u00eetrise de la cath\u00e9drale de Troyes\t\t\t<\/h4>\n\t\t\t\t\t\t\t<\/div>\n<\/div>[\/vc_column][\/vc_row][vc_row equal_height=\u00a0\u00bbyes\u00a0\u00bb row_content_width=\u00a0\u00bbgrid\u00a0\u00bb css=\u00a0\u00bb.vc_custom_1524237515172{padding-top: 100px !important;padding-bottom: 73px !important;}\u00a0\u00bb simple_background_color=\u00a0\u00bb#ffffff\u00a0\u00bb][vc_column css=\u00a0\u00bb.vc_custom_1523620187516{margin-top: -100px !important;}\u00a0\u00bb]<div class=\"eltdf-section-title-holder  \" style=\"text-align: center\">\n\t<div class=\"eltdf-st-inner\">\n\t\t\t\t\t\t\t\t\t\t\t<span class=\"eltdf-st-text\" >\n\t\t\t\tLes Petits Chanteurs de Champagne forment un ch\u0153ur \u00e0 4 voix mixtes.\t\t\t<\/span>\n\t\t\t<\/div>\n<\/div>[vc_empty_space height=\u00a0\u00bb40px\u00a0\u00bb]<div class=\"eltdf-section-title-holder  \" style=\"text-align: center\">\n\t<div class=\"eltdf-st-inner\">\n\t\t\t\t\t\t\t\t\t\t\t<span class=\"eltdf-st-text\" >\n\t\t\t\tIl est compos\u00e9 de jeunes de 8 \u00e0 18 ans invit\u00e9s \u00e0 d\u00e9velopper leur \u00e9panouissement personnel,\t\t\t<\/span>\n\t\t\t<\/div>\n<\/div><div class=\"eltdf-section-title-holder  \" style=\"text-align: center\">\n\t<div class=\"eltdf-st-inner\">\n\t\t\t\t\t\t\t\t\t\t\t<span class=\"eltdf-st-text\" >\n\t\t\t\tet participer \u00e0 une exp\u00e9rience collective par une pratique de la musique.\t\t\t<\/span>\n\t\t\t<\/div>\n<\/div>[\/vc_column][\/vc_row][vc_row equal_height=\u00a0\u00bbyes\u00a0\u00bb content_placement=\u00a0\u00bbtop\u00a0\u00bb css_animation=\u00a0\u00bbzoomInRight\u00a0\u00bb css=\u00a0\u00bb.vc_custom_1529909075217{margin-right: 0px !important;margin-left: 0px !important;}\u00a0\u00bb][vc_column width=\u00a0\u00bb1\/3&Prime; css=\u00a0\u00bb.vc_custom_1529909121298{padding-right: 0px !important;padding-left: 0px !important;background-color: #dd9933 !important;}\u00a0\u00bb]<div class=\"eltdf-banner-holder  \">\n\t\t    <div class=\"eltdf-banner-image\">\n\t        <img loading=\"lazy\" decoding=\"async\" width=\"1518\" height=\"1520\" src=\"https:\/\/www.saint-bernard-troyes.fr\/wp-content\/uploads\/2018\/06\/PCC-modif3.jpg\" class=\"attachment-full size-full\" alt=\"\" srcset=\"https:\/\/www.saint-bernard-troyes.fr\/wp-content\/uploads\/2018\/06\/PCC-modif3.jpg 1518w, https:\/\/www.saint-bernard-troyes.fr\/wp-content\/uploads\/2018\/06\/PCC-modif3-150x150.jpg 150w, https:\/\/www.saint-bernard-troyes.fr\/wp-content\/uploads\/2018\/06\/PCC-modif3-300x300.jpg 300w, https:\/\/www.saint-bernard-troyes.fr\/wp-content\/uploads\/2018\/06\/PCC-modif3-768x769.jpg 768w, https:\/\/www.saint-bernard-troyes.fr\/wp-content\/uploads\/2018\/06\/PCC-modif3-1024x1024.jpg 1024w, https:\/\/www.saint-bernard-troyes.fr\/wp-content\/uploads\/2018\/06\/PCC-modif3-550x550.jpg 550w, https:\/\/www.saint-bernard-troyes.fr\/wp-content\/uploads\/2018\/06\/PCC-modif3-1100x1100.jpg 1100w, https:\/\/www.saint-bernard-troyes.fr\/wp-content\/uploads\/2018\/06\/PCC-modif3-600x601.jpg 600w, https:\/\/www.saint-bernard-troyes.fr\/wp-content\/uploads\/2018\/06\/PCC-modif3-100x100.jpg 100w\" sizes=\"auto, (max-width: 1518px) 100vw, 1518px\" \/>\t    <\/div>\n\t    <div class=\"eltdf-banner-text-holder\" style=\"background-color: #dd9933\">\n\t    <div class=\"eltdf-banner-text-inner\">\n\t\t    \t\t    <div class=\"eltdf-banner-content\">\n\t\t        \t\t            <h5 class=\"eltdf-banner-title\">L&#039;exp\u00e9rience de prestations publiques<\/h5>\n\t\t        \t\t        \t\t\t        <p class=\"eltdf-banner-text\">Les concerts, les auditions, les messes pontificales font partie int\u00e9grante de la formation. Les Petits Chanteurs sont amen\u00e9s \u00e0 se produire r\u00e9guli\u00e8rement devant un public pour : la messe de la Toussaint, de la Nuit de No\u00ebl, de P\u00e2ques, de la Pentec\u00f4te, les diff\u00e9rents concerts de No\u00ebl, la nuit des cath\u00e9drales, la nuit des \u00e9glises et autres manifestations musicales.<\/p>\n\t\t        \t\t\t\t\t        <\/div>\n\t\t<\/div>\n\t<\/div>\n<\/div>[\/vc_column][vc_column width=\u00a0\u00bb1\/3&Prime; css=\u00a0\u00bb.vc_custom_1579618848820{padding-right: 0px !important;padding-left: 0px !important;background-color: #00c0c6 !important;}\u00a0\u00bb]<div class=\"eltdf-banner-holder  \">\n\t\t    <div class=\"eltdf-banner-image\">\n\t        <img loading=\"lazy\" decoding=\"async\" width=\"600\" height=\"600\" src=\"https:\/\/www.saint-bernard-troyes.fr\/wp-content\/uploads\/2018\/04\/SITE-201905171558096077794.jpg\" class=\"attachment-full size-full\" alt=\"\" \/>\t    <\/div>\n\t    <div class=\"eltdf-banner-text-holder\" style=\"background-color: #00c0c6\">\n\t    <div class=\"eltdf-banner-text-inner\">\n\t\t    \t\t    <div class=\"eltdf-banner-content\">\n\t\t        \t\t            <h5 class=\"eltdf-banner-title\">La d\u00e9couverte et l&#039;apprentissage des r\u00e9pertoires<\/h5>\n\t\t        \t\t        \t\t\t        <p class=\"eltdf-banner-text\">Au cours de leur formation, les jeunes chanteurs abordent les diff\u00e9rents styles de la musique vocale \u00e0 travers les si\u00e8cles et d\u00e9couvrent des r\u00e9pertoires vari\u00e9s aussi bien profanes que sacr\u00e9s. Il re\u00e7oivent une formation musicale g\u00e9n\u00e9rale fond\u00e9e sur la connaissance de la voix.<\/p>\n\t\t        \t\t\t\t\t        <\/div>\n\t\t<\/div>\n\t<\/div>\n<\/div>[\/vc_column][vc_column width=\u00a0\u00bb1\/3&Prime; css=\u00a0\u00bb.vc_custom_1579618862782{padding-right: 0px !important;padding-left: 0px !important;background-color: #0049dd !important;}\u00a0\u00bb]<div class=\"eltdf-banner-holder  \">\n\t\t    <div class=\"eltdf-banner-image\">\n\t        <img loading=\"lazy\" decoding=\"async\" width=\"1515\" height=\"1515\" src=\"https:\/\/www.saint-bernard-troyes.fr\/wp-content\/uploads\/2018\/06\/PCC-modif1.jpg\" class=\"attachment-full size-full\" alt=\"\" srcset=\"https:\/\/www.saint-bernard-troyes.fr\/wp-content\/uploads\/2018\/06\/PCC-modif1.jpg 1515w, https:\/\/www.saint-bernard-troyes.fr\/wp-content\/uploads\/2018\/06\/PCC-modif1-150x150.jpg 150w, https:\/\/www.saint-bernard-troyes.fr\/wp-content\/uploads\/2018\/06\/PCC-modif1-300x300.jpg 300w, https:\/\/www.saint-bernard-troyes.fr\/wp-content\/uploads\/2018\/06\/PCC-modif1-768x768.jpg 768w, https:\/\/www.saint-bernard-troyes.fr\/wp-content\/uploads\/2018\/06\/PCC-modif1-1024x1024.jpg 1024w, https:\/\/www.saint-bernard-troyes.fr\/wp-content\/uploads\/2018\/06\/PCC-modif1-550x550.jpg 550w, https:\/\/www.saint-bernard-troyes.fr\/wp-content\/uploads\/2018\/06\/PCC-modif1-1100x1100.jpg 1100w, https:\/\/www.saint-bernard-troyes.fr\/wp-content\/uploads\/2018\/06\/PCC-modif1-600x600.jpg 600w, https:\/\/www.saint-bernard-troyes.fr\/wp-content\/uploads\/2018\/06\/PCC-modif1-100x100.jpg 100w\" sizes=\"auto, (max-width: 1515px) 100vw, 1515px\" \/>\t    <\/div>\n\t    <div class=\"eltdf-banner-text-holder\" style=\"background-color: #0049dd\">\n\t    <div class=\"eltdf-banner-text-inner\">\n\t\t    \t\t    <div class=\"eltdf-banner-content\">\n\t\t        \t\t            <h5 class=\"eltdf-banner-title\">la pratique d&#039;une activit\u00e9 artistique de qualit\u00e9<\/h5>\n\t\t        \t\t        \t\t\t        <p class=\"eltdf-banner-text\">L\u2019emploi du temps des \u00e9l\u00e8ves est organis\u00e9 de mani\u00e8re \u00e0 leur permettre d&#039;avoir une pratique hebdomadaire. Ils suivent des cours de chant et de technique vocale et participent aux diff\u00e9rentes r\u00e9p\u00e9titions destin\u00e9es \u00e0 l&#039;apprentissage des partitions et l&#039;acquisition d&#039;un r\u00e9pertoire large et vari\u00e9 de belle oeuvres polyphoniques.<\/p>\n\t\t        \t\t\t\t\t        <\/div>\n\t\t<\/div>\n\t<\/div>\n<\/div>[\/vc_column][\/vc_row][vc_row row_content_width=\u00a0\u00bbgrid\u00a0\u00bb css=\u00a0\u00bb.vc_custom_1524238389042{padding-top: 100px !important;background-position: 0 0 !important;background-repeat: no-repeat !important;}\u00a0\u00bb simple_background_color=\u00a0\u00bb#ffffff\u00a0\u00bb][vc_column width=\u00a0\u00bb1\/3&Prime;][vc_single_image image=\u00a0\u00bb9136&Prime; img_size=\u00a0\u00bblarge\u00a0\u00bb alignment=\u00a0\u00bbcenter\u00a0\u00bb style=\u00a0\u00bbvc_box_border_circle_2&Prime; border_color=\u00a0\u00bbturquoise\u00a0\u00bb css_animation=\u00a0\u00bbzoomInDown\u00a0\u00bb][vc_empty_space height=\u00a0\u00bb200px\u00a0\u00bb][\/vc_column][vc_column width=\u00a0\u00bb2\/3&Prime; css=\u00a0\u00bb.vc_custom_1523620187516{margin-top: -100px !important;}\u00a0\u00bb]<div class=\"eltdf-section-title-holder  eltdf-st-has-watermark\" style=\"text-align: center\">\n\t<div class=\"eltdf-st-inner\">\n\t\t\t\t\t<span class=\"eltdf-st-watermark\" style=\"font-size: 100px\">\n\t\t\t\tHistoire\t\t\t<\/span>\n\t\t\t\t\t\t\t<span class=\"eltdf-st-tagline\" style=\"margin-bottom: 50px\">\n\t\t\t\tHISTORIQUE\t\t\t<\/span>\n\t\t\t\t\t\t\t<\/div>\n<\/div>[vc_empty_space height=\u00a0\u00bb20px\u00a0\u00bb]<div class=\"eltdf-section-title-holder  \" style=\"text-align: left\">\n\t<div class=\"eltdf-st-inner\">\n\t\t\t\t\t\t\t\t\t\t\t<span class=\"eltdf-st-text\" >\n\t\t\t\tLes Petits Chanteurs de Champagne ont \u00e9t\u00e9 fond\u00e9s en 1944 par Monsieur l'Abb\u00e9 Louis VELUT, \u00e0 l'initiative de Monseigneur LE COUEDIC, alors \u00e9v\u00eaque de Troyes. A cette \u00e9poque, il s'agissait de redonner vie \u00e0 la Ma\u00eetrise de la cath\u00e9drale cr\u00e9\u00e9e au XIII\u00e8me si\u00e8cle.\t\t\t<\/span>\n\t\t\t<\/div>\n<\/div>[vc_empty_space height=\u00a0\u00bb10px\u00a0\u00bb]<div class=\"eltdf-section-title-holder  \" style=\"text-align: left\">\n\t<div class=\"eltdf-st-inner\">\n\t\t\t\t\t\t\t\t\t\t\t<span class=\"eltdf-st-text\" >\n\t\t\t\tDepuis la rentr\u00e9e de septembre 2009, la Ma\u00eetrise est rattach\u00e9e \u00e0 l'Ecole Coll\u00e8ge Lyc\u00e9e Saint Bernard et la belle aventure se poursuit.\t\t\t<\/span>\n\t\t\t<\/div>\n<\/div>[vc_empty_space height=\u00a0\u00bb10px\u00a0\u00bb]<div class=\"eltdf-section-title-holder  \" style=\"text-align: left\">\n\t<div class=\"eltdf-st-inner\">\n\t\t\t\t\t\t\t\t\t\t\t<span class=\"eltdf-st-text\" >\n\t\t\t\tLes enfants continuent de chanter les louanges du Seigneur dans la cath\u00e9drale. Ils se produisent en concert et partagent ainsi leur joie de vivre, de chanter, d'\u00eatre en contact avec la beaut\u00e9.\t\t\t<\/span>\n\t\t\t<\/div>\n<\/div>[\/vc_column][\/vc_row][vc_row][vc_column css=\u00a0\u00bb.vc_custom_1529913194206{padding-bottom: 30px !important;}\u00a0\u00bb][vc_hoverbox image=\u00a0\u00bb8296&Prime; primary_title=\u00a0\u00bbDevenir Petits Chanteurs&#8230;\u00a0\u00bb primary_title_font_container=\u00a0\u00bbfont_size:40|color:%23ffffff|line_height:Devenir%20Petits%20Chanteurs&#8230;\u00a0\u00bb primary_title_google_fonts=\u00a0\u00bbfont_family:Rambla%3Aregular%2Citalic%2C700%2C700italic|font_style:400%20italic%3A400%3Aitalic\u00a0\u00bb hover_title=\u00a0\u00bbPour rejoindre les Petits Chanteurs de Champagne et d\u00e9velopper de belles amiti\u00e9s :\u00a0\u00bb hover_title_font_container=\u00a0\u00bbfont_size:30px|color:%23dd3333&Prime; hover_title_google_fonts=\u00a0\u00bbfont_family:Concert%20One%3Aregular|font_style:400%20regular%3A400%3Anormal\u00a0\u00bb shape=\u00a0\u00bbround\u00a0\u00bb css_animation=\u00a0\u00bbzoomInLeft\u00a0\u00bb use_custom_fonts_primary_title=\u00a0\u00bbtrue\u00a0\u00bb use_custom_fonts_hover_title=\u00a0\u00bbtrue\u00a0\u00bb css=\u00a0\u00bb.vc_custom_1558524048456{padding-bottom: 50px !important;}\u00a0\u00bb]<\/p>\n<p style=\"text-align: center;\">Envoyez un mail \u00e0 accueil@saint-bernard-troyes.fr<\/p>\n<p style=\"text-align: center;\">Contactez-nous par t\u00e9l\u00e9phone au 03.25.73.03.28.<\/p>\n<p>&nbsp;<\/p>\n<h5 style=\"text-align: center;\"><em>Audition ouvert \u00e0 tous<\/em><\/h5>\n<h5 style=\"text-align: center;\"><em>n&rsquo;implique pas d&rsquo;\u00eatre scolaris\u00e9 \u00e0 Saint Bernard.<\/em><\/h5>\n<p>[\/vc_hoverbox][\/vc_column][\/vc_row]<\/p>\n","protected":false},"excerpt":{"rendered":"<p>[vc_row row_content_width=\u00a0\u00bbgrid\u00a0\u00bb css=\u00a0\u00bb.vc_custom_1524131598983{padding-top: 100px !important;padding-bottom: 73px !important;}\u00a0\u00bb simple_background_color=\u00a0\u00bb#ededed\u00a0\u00bb][vc_column css=\u00a0\u00bb.vc_custom_1523620187516{margin-top: -100px !important;}\u00a0\u00bb][vc_empty_space height=\u00a0\u00bb30px\u00a0\u00bb][vc_empty_space height=\u00a0\u00bb20px\u00a0\u00bb][vc_empty_space height=\u00a0\u00bb25px\u00a0\u00bb][\/vc_column][\/vc_row][vc_row equal_height=\u00a0\u00bbyes\u00a0\u00bb row_content_width=\u00a0\u00bbgrid\u00a0\u00bb css=\u00a0\u00bb.vc_custom_1524237515172{padding-top: 100px !important;padding-bottom: 73px !important;}\u00a0\u00bb simple_background_color=\u00a0\u00bb#ffffff\u00a0\u00bb][vc_column css=\u00a0\u00bb.vc_custom_1523620187516{margin-top: -100px !important;}\u00a0\u00bb][vc_empty_space height=\u00a0\u00bb40px\u00a0\u00bb][\/vc_column][\/vc_row][vc_row equal_height=\u00a0\u00bbyes\u00a0\u00bb content_placement=\u00a0\u00bbtop\u00a0\u00bb css_animation=\u00a0\u00bbzoomInRight\u00a0\u00bb css=\u00a0\u00bb.vc_custom_1529909075217{margin-right: 0px !important;margin-left: 0px !important;}\u00a0\u00bb][vc_column width=\u00a0\u00bb1\/3&Prime; css=\u00a0\u00bb.vc_custom_1529909121298{padding-right: 0px !important;padding-left: 0px !important;background-color: [&hellip;]<\/p>\n","protected":false},"author":1,"featured_media":0,"parent":0,"menu_order":0,"comment_status":"closed","ping_status":"closed","template":"full-width.php","meta":{"footnotes":""},"class_list":["post-6357","page","type-page","status-publish","hentry"],"_links":{"self":[{"href":"https:\/\/www.saint-bernard-troyes.fr\/index.php?rest_route=\/wp\/v2\/pages\/6357","targetHints":{"allow":["GET"]}}],"collection":[{"href":"https:\/\/www.saint-bernard-troyes.fr\/index.php?rest_route=\/wp\/v2\/pages"}],"about":[{"href":"https:\/\/www.saint-bernard-troyes.fr\/index.php?rest_route=\/wp\/v2\/types\/page"}],"author":[{"embeddable":true,"href":"https:\/\/www.saint-bernard-troyes.fr\/index.php?rest_route=\/wp\/v2\/users\/1"}],"replies":[{"embeddable":true,"href":"https:\/\/www.saint-bernard-troyes.fr\/index.php?rest_route=%2Fwp%2Fv2%2Fcomments&post=6357"}],"version-history":[{"count":191,"href":"https:\/\/www.saint-bernard-troyes.fr\/index.php?rest_route=\/wp\/v2\/pages\/6357\/revisions"}],"predecessor-version":[{"id":9598,"href":"https:\/\/www.saint-bernard-troyes.fr\/index.php?rest_route=\/wp\/v2\/pages\/6357\/revisions\/9598"}],"wp:attachment":[{"href":"https:\/\/www.saint-bernard-troyes.fr\/index.php?rest_route=%2Fwp%2Fv2%2Fmedia&parent=6357"}],"curies":[{"name":"wp","href":"https:\/\/api.w.org\/{rel}","templated":true}]}}