{"id":5759,"date":"2018-04-13T10:44:08","date_gmt":"2018-04-13T08:44:08","guid":{"rendered":"http:\/\/www.saint-bernard-troyes.fr\/?page_id=5759"},"modified":"2024-10-02T11:13:03","modified_gmt":"2024-10-02T09:13:03","slug":"le-projet-pedagogique-de-lecole","status":"publish","type":"page","link":"https:\/\/www.saint-bernard-troyes.fr\/?page_id=5759","title":{"rendered":"le projet p\u00e9dagogique de l&rsquo;\u00e9cole"},"content":{"rendered":"<p>[vc_row][vc_column][vc_single_image image=\u00a0\u00bb11043&Prime; img_size=\u00a0\u00bb250X250&Prime; alignment=\u00a0\u00bbcenter\u00a0\u00bb onclick=\u00a0\u00bbcustom_link\u00a0\u00bb link=\u00a0\u00bbhttps:\/\/www.saint-bernard-troyes.fr\/\u00a0\u00bb][\/vc_column][\/vc_row][vc_row row_content_width=\u00a0\u00bbgrid\u00a0\u00bb css=\u00a0\u00bb.vc_custom_1524147700600{padding-top: 100px !important;padding-bottom: 73px !important;}\u00a0\u00bb simple_background_color=\u00a0\u00bb#ededed\u00a0\u00bb][vc_column css=\u00a0\u00bb.vc_custom_1523620187516{margin-top: -100px !important;}\u00a0\u00bb][vc_empty_space height=\u00a0\u00bb30px\u00a0\u00bb]<div class=\"eltdf-section-title-holder  eltdf-st-has-watermark\" style=\"padding: 0 15%;text-align: center\">\n\t<div class=\"eltdf-st-inner\">\n\t\t\t\t\t<span class=\"eltdf-st-watermark\" style=\"color: #c9c9c9;font-size: 100px\">\n\t\t\t\tP\u00e9dagogie\t\t\t<\/span>\n\t\t\t\t\t\t\t<h4 class=\"eltdf-st-tagline\" style=\"color: #00bcbc;margin-bottom: 100 px\">\n\t\t\t\tUne p\u00e9dagogie bas\u00e9e sur\t\t\t<\/h4>\n\t\t\t\t\t\t\t<h3 class=\"eltdf-st-title\" >\n\t\t\t\tLa confiance, l'encouragement, le soutien, l'exigence et la rigueur\t\t\t<\/h3>\n\t\t\t\t\t<\/div>\n<\/div>[vc_empty_space height=\u00a0\u00bb30px\u00a0\u00bb]<div class=\"eltdf-section-title-holder  \" style=\"padding: 0 15%;text-align: center\">\n\t<div class=\"eltdf-st-inner\">\n\t\t\t\t\t\t\t\t\t\t\t<h6 class=\"eltdf-st-text\" >\n\t\t\t\t``Portez un grand respect aux qualit\u00e9s de vos \u00e9l\u00e8ves, \u00e0 tous les dons de Dieux en eux``\t\t\t<\/h6>\n\t\t\t<\/div>\n<\/div><div class=\"eltdf-section-title-holder  \" style=\"padding: 0 15%;text-align: center\">\n\t<div class=\"eltdf-st-inner\">\n\t\t\t\t\t\t\t\t\t\t\t<h6 class=\"eltdf-st-text\" >\n\t\t\t\tP\u00e8re Louis Brisson.\t\t\t<\/h6>\n\t\t\t<\/div>\n<\/div>[\/vc_column][\/vc_row][vc_row][vc_column][vc_empty_space height=\u00a0\u00bb100px\u00a0\u00bb][\/vc_column][\/vc_row][vc_row equal_height=\u00a0\u00bbyes\u00a0\u00bb content_placement=\u00a0\u00bbtop\u00a0\u00bb css_animation=\u00a0\u00bbzoomInRight\u00a0\u00bb row_content_width=\u00a0\u00bbgrid\u00a0\u00bb][vc_column width=\u00a0\u00bb1\/3&Prime;][vc_single_image image=\u00a0\u00bb5667&Prime; img_size=\u00a0\u00bbmedium\u00a0\u00bb alignment=\u00a0\u00bbcenter\u00a0\u00bb style=\u00a0\u00bbvc_box_border_circle\u00a0\u00bb border_color=\u00a0\u00bborange\u00a0\u00bb css_animation=\u00a0\u00bbzoomInDown\u00a0\u00bb][\/vc_column][vc_column width=\u00a0\u00bb1\/3&Prime;]<div class=\"eltdf-section-title-holder  \" style=\"text-align: left\">\n\t<div class=\"eltdf-st-inner\">\n\t\t\t\t\t\t\t\t\t<h6 class=\"eltdf-st-title\" style=\"color: #b3babf\">\n\t\t\t\tCycle des apprentissages\t\t\t<\/h6>\n\t\t\t\t\t<\/div>\n<\/div><div class=\"eltdf-section-title-holder  \" style=\"text-align: left\">\n\t<div class=\"eltdf-st-inner\">\n\t\t\t\t\t\t\t\t\t<h6 class=\"eltdf-st-title\" style=\"color: #b3babf\">\n\t\t\t\tfondamentaux\t\t\t<\/h6>\n\t\t\t\t\t<\/div>\n<\/div><div class=\"eltdf-tml-holder\">\n            <h4 class=\"eltdf-tml-title\">CYCLE 2<\/h4>\n        <div class=\"eltdf-timeline\">\n        <div class=\"eltdf-tml-item-holder\">\n    <span class=\"eltdf-tml-item-circle\"><\/span>\n    <div class=\"eltdf-tml-item-content\">\n        <h6 class=\"eltdf-tml-item-title\">CP<\/h6>\n        <p class=\"eltdf-tml-item-subtitle\">COURS PREPARATOIRE<\/p>\n    <\/div>\n<\/div><div class=\"eltdf-tml-item-holder\">\n    <span class=\"eltdf-tml-item-circle\"><\/span>\n    <div class=\"eltdf-tml-item-content\">\n        <h6 class=\"eltdf-tml-item-title\">CE1<\/h6>\n        <p class=\"eltdf-tml-item-subtitle\">COURS ELEMETAIRE PEMIERE ANNEE<\/p>\n    <\/div>\n<\/div><div class=\"eltdf-tml-item-holder\">\n    <span class=\"eltdf-tml-item-circle\"><\/span>\n    <div class=\"eltdf-tml-item-content\">\n        <h6 class=\"eltdf-tml-item-title\">CE2<\/h6>\n        <p class=\"eltdf-tml-item-subtitle\">COURS ELEMETAIRE DEUXIEME ANNEE<\/p>\n    <\/div>\n<\/div>    <\/div>\n<\/div>[\/vc_column][vc_column width=\u00a0\u00bb1\/3&Prime;]<div class=\"eltdf-section-title-holder  \" >\n\t<div class=\"eltdf-st-inner\">\n\t\t\t\t\t\t\t\t\t<h6 class=\"eltdf-st-title\" style=\"color: #b3babf\">\n\t\t\t\tCycle de consolidation\t\t\t<\/h6>\n\t\t\t\t\t<\/div>\n<\/div><div class=\"eltdf-section-title-holder  \" >\n\t<div class=\"eltdf-st-inner\">\n\t\t\t\t\t\t\t\t\t<\/div>\n<\/div><div class=\"eltdf-tml-holder\">\n            <h4 class=\"eltdf-tml-title\">CYCLE 3<\/h4>\n        <div class=\"eltdf-timeline\">\n        <div class=\"eltdf-tml-item-holder\">\n    <span class=\"eltdf-tml-item-circle\"><\/span>\n    <div class=\"eltdf-tml-item-content\">\n        <h6 class=\"eltdf-tml-item-title\">CM1<\/h6>\n        <p class=\"eltdf-tml-item-subtitle\">COURS MOYEN 1ERE ANNEE<\/p>\n    <\/div>\n<\/div><div class=\"eltdf-tml-item-holder\">\n    <span class=\"eltdf-tml-item-circle\"><\/span>\n    <div class=\"eltdf-tml-item-content\">\n        <h6 class=\"eltdf-tml-item-title\">CM2<\/h6>\n        <p class=\"eltdf-tml-item-subtitle\">COURS MOYEN 2EME ANNEE<\/p>\n    <\/div>\n<\/div><div class=\"eltdf-tml-item-holder\">\n    <span class=\"eltdf-tml-item-circle\"><\/span>\n    <div class=\"eltdf-tml-item-content\">\n        <h6 class=\"eltdf-tml-item-title\">... 6EME<\/h6>\n        <p class=\"eltdf-tml-item-subtitle\">Coll\u00e8ge<\/p>\n    <\/div>\n<\/div>    <\/div>\n<\/div>[\/vc_column][\/vc_row][vc_row][vc_column][vc_empty_space height=\u00a0\u00bb100px\u00a0\u00bb][\/vc_column][\/vc_row][vc_row row_content_width=\u00a0\u00bbgrid\u00a0\u00bb css=\u00a0\u00bb.vc_custom_1524147740943{padding-top: 100px !important;padding-bottom: 73px !important;}\u00a0\u00bb simple_background_color=\u00a0\u00bb#ededed\u00a0\u00bb][vc_column width=\u00a0\u00bb2\/3&Prime; css=\u00a0\u00bb.vc_custom_1523620187516{margin-top: -100px !important;}\u00a0\u00bb][vc_empty_space height=\u00a0\u00bb100px\u00a0\u00bb]<div class=\"eltdf-section-title-holder  \" >\n\t<div class=\"eltdf-st-inner\">\n\t\t\t\t\t\t\t\t\t\t\t<h6 class=\"eltdf-st-text\" >\n\t\t\t\tL\u2019Ecole veut permettre l\u2019acc\u00e8s au savoir et favoriser des acquisitions solides en valorisant l\u2019effort. Elle souhaite donner ou trouver les moyens qui permettent \u00e0 chacun de progresser et de r\u00e9ussir selon ses possibilit\u00e9s. Par une attitude d\u2019\u00e9coute, de disponibilit\u00e9, d\u2019encouragement et de confiance, mais aussi d\u2019exigence et de rigueur, les enseignants et \u00e9ducateurs cherchent \u00e0 faire avancer et progresser chaque \u00e9l\u00e8ve dans son parcours d\u2019apprentissage.\t\t\t<\/h6>\n\t\t\t<\/div>\n<\/div>[vc_empty_space height=\u00a0\u00bb30px\u00a0\u00bb]<div class=\"eltdf-section-title-holder  \" >\n\t<div class=\"eltdf-st-inner\">\n\t\t\t\t\t\t\t\t\t\t\t<h6 class=\"eltdf-st-text\" >\n\t\t\t\tNotre \u00e9cole se veut \u00eatre un lieu familial o\u00f9 l\u2019accueil et la tol\u00e9rance permettent de vivre les diff\u00e9rences comme une richesse. Par l\u2019\u00e9coute, l\u2019accompagnement et le respect de l\u2019autre, elle veut contribuer \u00e0 l\u2019\u00e9panouissement de chacun, dans sa globalit\u00e9.\t\t\t<\/h6>\n\t\t\t<\/div>\n<\/div>[vc_empty_space height=\u00a0\u00bb30px\u00a0\u00bb]<div class=\"eltdf-section-title-holder  \" >\n\t<div class=\"eltdf-st-inner\">\n\t\t\t\t\t\t\t\t\t\t\t<h6 class=\"eltdf-st-text\" >\n\t\t\t\tEducatrice, en partenariat avec les parents et les familles, l\u2019\u00e9cole se doit aussi d\u2019\u00e9duquer les \u00e9l\u00e8ves \u00e0 la responsabilit\u00e9 et \u00e0 l\u2019autonomie, \u00e0 la libert\u00e9 et \u00e0 la solidarit\u00e9.\t\t\t<\/h6>\n\t\t\t<\/div>\n<\/div>[vc_row_inner css=\u00a0\u00bb.vc_custom_1523907386365{padding-top: 100px !important;}\u00a0\u00bb][vc_column_inner width=\u00a0\u00bb1\/2&Prime;]<div class=\"eltdf-icon-list-holder \" style=\"margin-bottom: 15px\">\n\t<div class=\"eltdf-il-icon-holder\">\n\t\t<span aria-hidden=\"true\" class=\"eltdf-icon-font-elegant icon_check \" style=\"color: #04d2c8;font-size: 18px\"><\/span>\t<\/div>\n\t<p class=\"eltdf-il-text\" style=\"color: #000000;font-size: 14px;padding-left: 30px\">Un enseignement aux langues \u00e9trang\u00e8res (anglais) est propos\u00e9 d\u00e8s la classe de CP et en allemand d\u00e8s la classe de CM1.<\/p>\n<\/div><div class=\"eltdf-icon-list-holder \" style=\"margin-bottom: 15px\">\n\t<div class=\"eltdf-il-icon-holder\">\n\t\t<span aria-hidden=\"true\" class=\"eltdf-icon-font-elegant icon_check \" style=\"color: #04d2c8;font-size: 18px\"><\/span>\t<\/div>\n\t<p class=\"eltdf-il-text\" style=\"color: #000000;font-size: 14px;padding-left: 30px\">NOUVEAUT\u00c9S 2021 : Partenariat avec l&#039;\u00e9cole de langue Cap English sur le temps extra-scolaire (12h45 \/ 13h30 et 16h45 \/ 17h30) et en classe de CM1 \/ CM2<\/p>\n<\/div><div class=\"eltdf-icon-list-holder \" style=\"margin-bottom: 15px\">\n\t<div class=\"eltdf-il-icon-holder\">\n\t\t<span aria-hidden=\"true\" class=\"eltdf-icon-font-elegant icon_check \" style=\"color: #04d2c8;font-size: 18px\"><\/span>\t<\/div>\n\t<p class=\"eltdf-il-text\" style=\"color: #000000;font-size: 14px;padding-left: 30px\">Soutien scolaire pour les \u00e9l\u00e8ves en difficult\u00e9s. Intervention d\u2019un enseignant sp\u00e9cialis\u00e9 ASH (1h par semaine). Des stages de remise \u00e0 niveau sont propos\u00e9s pendant les vacances scolaires.<\/p>\n<\/div><div class=\"eltdf-icon-list-holder \" style=\"margin-bottom: 15px\">\n\t<div class=\"eltdf-il-icon-holder\">\n\t\t<span aria-hidden=\"true\" class=\"eltdf-icon-font-elegant icon_check \" style=\"color: #04d2c8;font-size: 18px\"><\/span>\t<\/div>\n\t<p class=\"eltdf-il-text\" style=\"color: #000000;font-size: 14px;padding-left: 30px\">Des sorties culturelles en lien avec les projets p\u00e9dagogiques : salon du livre, spectacle, sensibilisation \u00e0 la protection de l\u2019environnement, \u00e0 la s\u00e9curit\u00e9 routi\u00e8re, visites de mus\u00e9es\u2026<\/p>\n<\/div>[\/vc_column_inner][vc_column_inner width=\u00a0\u00bb1\/2&Prime;]<div class=\"eltdf-icon-list-holder \" style=\"margin-bottom: 15px\">\n\t<div class=\"eltdf-il-icon-holder\">\n\t\t<span aria-hidden=\"true\" class=\"eltdf-icon-font-elegant icon_check \" style=\"color: #04d2c8;font-size: 18px\"><\/span>\t<\/div>\n\t<p class=\"eltdf-il-text\" style=\"color: #000000;font-size: 14px;padding-left: 30px\">Des activit\u00e9s sportives sont organis\u00e9es dans les diff\u00e9rents cycles : escrime, natation, Gymnastique rythmique\u2026<\/p>\n<\/div><div class=\"eltdf-icon-list-holder \" style=\"margin-bottom: 15px\">\n\t<div class=\"eltdf-il-icon-holder\">\n\t\t<span aria-hidden=\"true\" class=\"eltdf-icon-font-elegant icon_check \" style=\"color: #04d2c8;font-size: 18px\"><\/span>\t<\/div>\n\t<p class=\"eltdf-il-text\" style=\"color: #000000;font-size: 14px;padding-left: 30px\">NOUVEAUT\u00c9 2021 : Pratique du chant chorale du CP au CM2. Possibilit\u00e9 d&#039;int\u00e9grer les Petits Chanteurs de Champagne \u00e0 partir du CE2.<\/p>\n<\/div><div class=\"eltdf-icon-list-holder \" style=\"margin-bottom: 15px\">\n\t<div class=\"eltdf-il-icon-holder\">\n\t\t<span aria-hidden=\"true\" class=\"eltdf-icon-font-elegant icon_check \" style=\"color: #04d2c8;font-size: 18px\"><\/span>\t<\/div>\n\t<p class=\"eltdf-il-text\" style=\"color: #000000;font-size: 14px;padding-left: 30px\">Interventions sur le d\u00e9veloppement durable en partenariat avec la ville de Troyes (jardinage, tri, recyclage,...)<\/p>\n<\/div>[\/vc_column_inner][\/vc_row_inner][vc_empty_space height=\u00a0\u00bb30px\u00a0\u00bb][\/vc_column][vc_column width=\u00a0\u00bb1\/3&Prime;][vc_hoverbox image=\u00a0\u00bb5910&Prime; primary_title=\u00a0\u00bbVivre ensemble\u00a0\u00bb primary_title_font_container=\u00a0\u00bbfont_size:40|color:%23ffffff\u00a0\u00bb primary_title_google_fonts=\u00a0\u00bbfont_family:Rambla%3Aregular%2Citalic%2C700%2C700italic|font_style:400%20regular%3A400%3Anormal\u00a0\u00bb primary_title_css_animation=\u00a0\u00bbnone\u00a0\u00bb hover_title=\u00a0\u00bb\u00a0\u00bb shape=\u00a0\u00bbround\u00a0\u00bb hover_background_color=\u00a0\u00bborange\u00a0\u00bb use_custom_fonts_primary_title=\u00a0\u00bbtrue\u00a0\u00bb]<\/p>\n<p style=\"text-align: left;\">Des tutorats au sein de la classe ou interclasse permet de favoriser le vivre ensemble et la prise de responsabilit\u00e9.<\/p>\n<p style=\"text-align: left;\">Ainsi les enfants de CM2 encadrent les plus jeunes au restaurant scolaire ou dans des actions plus sp\u00e9cifiques.<\/p>\n<p>&nbsp;<\/p>\n<p>[\/vc_hoverbox][vc_empty_space height=\u00a0\u00bb200px\u00a0\u00bb][vc_single_image image=\u00a0\u00bb5639&Prime; img_size=\u00a0\u00bblarge\u00a0\u00bb alignment=\u00a0\u00bbcenter\u00a0\u00bb style=\u00a0\u00bbvc_box_border_circle_2&Prime; border_color=\u00a0\u00bborange\u00a0\u00bb css_animation=\u00a0\u00bbbounceInRight\u00a0\u00bb][\/vc_column][\/vc_row][vc_row][vc_column][vc_hoverbox image=\u00a0\u00bb5932&Prime; primary_title=\u00a0\u00bbRythme Scolaire\u00a0\u00bb primary_title_font_container=\u00a0\u00bbfont_size:40|color:%23ffffff\u00a0\u00bb primary_title_google_fonts=\u00a0\u00bbfont_family:Rambla%3Aregular%2Citalic%2C700%2C700italic|font_style:400%20regular%3A400%3Anormal\u00a0\u00bb hover_title=\u00a0\u00bb\u00a0\u00bb hover_align=\u00a0\u00bbjustify\u00a0\u00bb hover_title_font_container=\u00a0\u00bbcolor:%23ffffff\u00a0\u00bb shape=\u00a0\u00bbround\u00a0\u00bb hover_background_color=\u00a0\u00bborange\u00a0\u00bb use_custom_fonts_primary_title=\u00a0\u00bbtrue\u00a0\u00bb use_custom_fonts_hover_title=\u00a0\u00bbtrue\u00a0\u00bb]<\/p>\n<p style=\"text-align: center;\">Un temps de travail respectueux du rythme des enfants.<\/p>\n<p style=\"text-align: center;\">Ouverture de l&rsquo;\u00e9tablissement de 7h45 \u00e0 18h00<\/p>\n<p style=\"text-align: center;\">Cours le lundi, mardi, jeudi, vendredi<\/p>\n<p style=\"text-align: center;\">de 08h30 \u00e0 11h55 (r\u00e9cr\u00e9ation de 10h20 \u00e0 10h35)<\/p>\n<p style=\"text-align: center;\">et de 13h45 \u00e0 16h30\u00a0(r\u00e9cr\u00e9ation de 15h20 \u00e0 15h35)<\/p>\n<p style=\"text-align: center;\">Soutien (Activit\u00e9 P\u00e9dagogique Compl\u00e9mentaire) le mardi de 16h30 \u00e0 17h30<\/p>\n<p style=\"text-align: center;\">Service de restauration sur place<\/p>\n<p style=\"text-align: center;\">\u00c9tude surveill\u00e9e propos\u00e9e de 16h45 \u00e0 17h30 ou 18h00<\/p>\n<p>[\/vc_hoverbox][vc_empty_space height=\u00a0\u00bb50px\u00a0\u00bb][\/vc_column][\/vc_row]<\/p>\n","protected":false},"excerpt":{"rendered":"<p>[vc_row][vc_column][vc_single_image image=\u00a0\u00bb11043&Prime; img_size=\u00a0\u00bb250X250&Prime; alignment=\u00a0\u00bbcenter\u00a0\u00bb onclick=\u00a0\u00bbcustom_link\u00a0\u00bb link=\u00a0\u00bbhttps:\/\/www.saint-bernard-troyes.fr\/\u00a0\u00bb][\/vc_column][\/vc_row][vc_row row_content_width=\u00a0\u00bbgrid\u00a0\u00bb css=\u00a0\u00bb.vc_custom_1524147700600{padding-top: 100px !important;padding-bottom: 73px !important;}\u00a0\u00bb simple_background_color=\u00a0\u00bb#ededed\u00a0\u00bb][vc_column css=\u00a0\u00bb.vc_custom_1523620187516{margin-top: -100px !important;}\u00a0\u00bb][vc_empty_space height=\u00a0\u00bb30px\u00a0\u00bb][vc_empty_space height=\u00a0\u00bb30px\u00a0\u00bb][\/vc_column][\/vc_row][vc_row][vc_column][vc_empty_space height=\u00a0\u00bb100px\u00a0\u00bb][\/vc_column][\/vc_row][vc_row equal_height=\u00a0\u00bbyes\u00a0\u00bb content_placement=\u00a0\u00bbtop\u00a0\u00bb css_animation=\u00a0\u00bbzoomInRight\u00a0\u00bb row_content_width=\u00a0\u00bbgrid\u00a0\u00bb][vc_column width=\u00a0\u00bb1\/3&Prime;][vc_single_image image=\u00a0\u00bb5667&Prime; img_size=\u00a0\u00bbmedium\u00a0\u00bb alignment=\u00a0\u00bbcenter\u00a0\u00bb style=\u00a0\u00bbvc_box_border_circle\u00a0\u00bb border_color=\u00a0\u00bborange\u00a0\u00bb css_animation=\u00a0\u00bbzoomInDown\u00a0\u00bb][\/vc_column][vc_column width=\u00a0\u00bb1\/3&Prime;][\/vc_column][vc_column width=\u00a0\u00bb1\/3&Prime;][\/vc_column][\/vc_row][vc_row][vc_column][vc_empty_space height=\u00a0\u00bb100px\u00a0\u00bb][\/vc_column][\/vc_row][vc_row row_content_width=\u00a0\u00bbgrid\u00a0\u00bb css=\u00a0\u00bb.vc_custom_1524147740943{padding-top: 100px !important;padding-bottom: 73px !important;}\u00a0\u00bb simple_background_color=\u00a0\u00bb#ededed\u00a0\u00bb][vc_column [&hellip;]<\/p>\n","protected":false},"author":1,"featured_media":0,"parent":0,"menu_order":0,"comment_status":"closed","ping_status":"closed","template":"full-width.php","meta":{"footnotes":""},"class_list":["post-5759","page","type-page","status-publish","hentry"],"_links":{"self":[{"href":"https:\/\/www.saint-bernard-troyes.fr\/index.php?rest_route=\/wp\/v2\/pages\/5759","targetHints":{"allow":["GET"]}}],"collection":[{"href":"https:\/\/www.saint-bernard-troyes.fr\/index.php?rest_route=\/wp\/v2\/pages"}],"about":[{"href":"https:\/\/www.saint-bernard-troyes.fr\/index.php?rest_route=\/wp\/v2\/types\/page"}],"author":[{"embeddable":true,"href":"https:\/\/www.saint-bernard-troyes.fr\/index.php?rest_route=\/wp\/v2\/users\/1"}],"replies":[{"embeddable":true,"href":"https:\/\/www.saint-bernard-troyes.fr\/index.php?rest_route=%2Fwp%2Fv2%2Fcomments&post=5759"}],"version-history":[{"count":229,"href":"https:\/\/www.saint-bernard-troyes.fr\/index.php?rest_route=\/wp\/v2\/pages\/5759\/revisions"}],"predecessor-version":[{"id":11056,"href":"https:\/\/www.saint-bernard-troyes.fr\/index.php?rest_route=\/wp\/v2\/pages\/5759\/revisions\/11056"}],"wp:attachment":[{"href":"https:\/\/www.saint-bernard-troyes.fr\/index.php?rest_route=%2Fwp%2Fv2%2Fmedia&parent=5759"}],"curies":[{"name":"wp","href":"https:\/\/api.w.org\/{rel}","templated":true}]}}