{"id":5737,"date":"2018-04-13T08:57:26","date_gmt":"2018-04-13T06:57:26","guid":{"rendered":"http:\/\/www.saint-bernard-troyes.fr\/?page_id=5737"},"modified":"2024-09-30T18:06:55","modified_gmt":"2024-09-30T16:06:55","slug":"ecole","status":"publish","type":"page","link":"https:\/\/www.saint-bernard-troyes.fr\/?page_id=5737","title":{"rendered":"\u00c9cole"},"content":{"rendered":"<p>[vc_row row_content_width=\u00a0\u00bbgrid\u00a0\u00bb css=\u00a0\u00bb.vc_custom_1524578975700{margin-top: -110px !important;padding-bottom: 30px !important;background-color: #ffffff !important;}\u00a0\u00bb simple_background_color=\u00a0\u00bb#ffffff\u00a0\u00bb][vc_column css=\u00a0\u00bb.vc_custom_1524578886725{margin-top: 50px !important;}\u00a0\u00bb][vc_single_image image=\u00a0\u00bb10989&Prime; alignment=\u00a0\u00bbcenter\u00a0\u00bb onclick=\u00a0\u00bbcustom_link\u00a0\u00bb css=\u00a0\u00bb.vc_custom_1727712445337{margin-top: -50px !important;}\u00a0\u00bb link=\u00a0\u00bbhttps:\/\/www.saint-bernard-troyes.fr\/\u00a0\u00bb]<div class=\"eltdf-elements-holder   eltdf-one-column  eltdf-responsive-mode-768 \" ><div class=\"eltdf-eh-item    eltdf-element-from-bottom\"  data-item-class=\"eltdf-eh-custom-9559\" data-animation=\"eltdf-element-from-bottom\" data-animation-delay=\"1000\" data-1280-1600=\"190px 0px 0px\" data-1024-1280=\"187px 0px 0px\" data-768-1024=\"190px 0px 0px\" data-680-768=\"24px 0px 0px\" data-680=\"175px 0px 0px\">\n\t<div class=\"eltdf-eh-item-inner\">\n\t\t<div class=\"eltdf-eh-item-content eltdf-eh-custom-9559\" style=\"padding: 0px\">\n\t\t\t<div class=\"eltdf-masonry-gallery-holder eltdf-disable-bottom-space eltdf-no-space\"><div class=\"eltdf-mg-inner eltdf-outer-space\"><div class=\"eltdf-mg-grid-sizer\"><\/div><div class=\"eltdf-mg-grid-gutter\"><\/div><article class=\"eltdf-item-space eltdf-mg-item eltdf-mg-no-info eltdf-mg-square-small eltdf-mg-skin-light\">\n\t<div class=\"eltdf-mg-content\">\n\t\t\t\t\t<div class=\"eltdf-mg-image\">\n\t\t\t\t<div class=\"eltdf-mg-image-overlay\" style=\"background-image:url(https:\/\/www.saint-bernard-troyes.fr\/wp-content\/uploads\/2017\/10\/SITE-cours-CM2.jpg)\"><\/div>\n\t\t\t<\/div>\n\t\t\t\t\t<\/div>\n<\/article>\n<article class=\"eltdf-item-space eltdf-mg-item eltdf-mg-simple eltdf-mg-square-small eltdf-mg-skin-light\">\n\t<div class=\"eltdf-mg-content\">\n                    <a itemprop=\"url\" class=\"eltdf-mg-item-link\" href=\"https:\/\/www.saint-bernard-troyes.fr\/?page_id=6878\" target=\"_self\"><\/a>\n        \t\t\t\t\t<div class=\"eltdf-mg-image\">\n\t\t\t\t<img loading=\"lazy\" decoding=\"async\" width=\"900\" height=\"900\" src=\"https:\/\/www.saint-bernard-troyes.fr\/wp-content\/uploads\/2017\/10\/h4-img-7.jpg\" class=\"attachment-post-thumbnail size-post-thumbnail wp-post-image\" alt=\"a\" srcset=\"https:\/\/www.saint-bernard-troyes.fr\/wp-content\/uploads\/2017\/10\/h4-img-7.jpg 900w, https:\/\/www.saint-bernard-troyes.fr\/wp-content\/uploads\/2017\/10\/h4-img-7-150x150.jpg 150w, https:\/\/www.saint-bernard-troyes.fr\/wp-content\/uploads\/2017\/10\/h4-img-7-300x300.jpg 300w, https:\/\/www.saint-bernard-troyes.fr\/wp-content\/uploads\/2017\/10\/h4-img-7-768x768.jpg 768w, https:\/\/www.saint-bernard-troyes.fr\/wp-content\/uploads\/2017\/10\/h4-img-7-550x550.jpg 550w, https:\/\/www.saint-bernard-troyes.fr\/wp-content\/uploads\/2017\/10\/h4-img-7-600x600.jpg 600w, https:\/\/www.saint-bernard-troyes.fr\/wp-content\/uploads\/2017\/10\/h4-img-7-100x100.jpg 100w\" sizes=\"auto, (max-width: 900px) 100vw, 900px\" \/>\t\t\t<\/div>\n\t\t\t\t<div class=\"eltdf-mg-item-outer\">\n\t\t\t<div class=\"eltdf-mg-item-inner\">\n\t\t\t\t<div class=\"eltdf-mg-item-content\">\n\t\t\t\t\t\t\t\t\t\t\t\t\t\t\t\t<h4 itemprop=\"name\" class=\"eltdf-mg-item-title entry-title\">\n\t\t\t\t\t\t\tLe projet d&rsquo;\u00e9tablissement\t\t\t\t\t\t<\/h4>\n\t\t\t\t\t\t\t\t\t\t\t\t\t\t\t\t<a itemprop=\"url\" class=\"eltdf-mg-item-button eltdf-btn eltdf-btn-simple\" href=\"https:\/\/www.saint-bernard-troyes.fr\/?page_id=6878\" target=\"_self\">\n\t\t\t\t\t\t\t<span class=\"eltdf-btn-text\">En savoir plus<\/span>\n\t\t\t\t\t\t<\/a>\n\t\t\t\t\t\t\t\t\t<\/div>\n\t\t\t<\/div>\n\t\t<\/div>\n\n\t<\/div>\n<\/article>\n<article class=\"eltdf-item-space eltdf-mg-item eltdf-mg-standard eltdf-mg-square-big eltdf-mg-skin-light\">\n\t<div class=\"eltdf-mg-content\">\n                    <a itemprop=\"url\" class=\"eltdf-mg-item-link\" href=\"https:\/\/www.saint-bernard-troyes.fr\/?page_id=6232\" target=\"_self\"><\/a>\n        \t\t\t\t\t<div class=\"eltdf-mg-image\">\n\t\t\t\t<div class=\"eltdf-mg-image-overlay\" style=\"background-image:url(https:\/\/www.saint-bernard-troyes.fr\/wp-content\/uploads\/2017\/10\/SITE-cour-\u00e9cole-4.jpg)\"><\/div>\n\t\t\t\t<img loading=\"lazy\" decoding=\"async\" width=\"1000\" height=\"1000\" src=\"https:\/\/www.saint-bernard-troyes.fr\/wp-content\/uploads\/2017\/10\/SITE-cour-\u00e9cole-4.jpg\" class=\"attachment-post-thumbnail size-post-thumbnail wp-post-image\" alt=\"\" \/>\t\t\t<\/div>\n\t\t\t\t<div class=\"eltdf-mg-item-outer\">\n\t\t\t<div class=\"eltdf-mg-item-inner\">\n\t\t\t\t<div class=\"eltdf-mg-item-content\">\n\t\t\t\t\t\t\t\t\t\t\t\t\t\t\t\t<h3 itemprop=\"name\" class=\"eltdf-mg-item-title entry-title\">\n\t\t\t\t\t\t\tS&rsquo;inscrire\t\t\t\t\t\t<\/h3>\n\t\t\t\t\t\t\t\t\t\t\t\t\t\t\t\t\t\t\t\t\t<a itemprop=\"url\" class=\"eltdf-mg-item-button eltdf-btn eltdf-btn-solid eltdf-btn-light eltdf-hover-animation\" href=\"https:\/\/www.saint-bernard-troyes.fr\/?page_id=6232\" target=\"_self\">\n\t\t\t\t\t\t\t<span class=\"eltdf-btn-text\">En savoir plus<\/span>\n                            <span class=\"eltdf-btn-hover-item\"><\/span>\n\t\t\t\t\t\t<\/a>\n\t\t\t\t\t\t\t\t\t<\/div>\n\t\t\t<\/div>\n\t\t<\/div>\n\n\t<\/div>\n<\/article>\n<article class=\"eltdf-item-space eltdf-mg-item eltdf-mg-simple eltdf-mg-square-small eltdf-mg-skin-light\">\n\t<div class=\"eltdf-mg-content\">\n                    <a itemprop=\"url\" class=\"eltdf-mg-item-link\" href=\"https:\/\/www.saint-bernard-troyes.fr\/?page_id=5759\" target=\"_self\"><\/a>\n        \t\t\t\t\t<div class=\"eltdf-mg-image\">\n\t\t\t\t<img loading=\"lazy\" decoding=\"async\" width=\"900\" height=\"900\" src=\"https:\/\/www.saint-bernard-troyes.fr\/wp-content\/uploads\/2017\/10\/h4-img-9.jpg\" class=\"attachment-post-thumbnail size-post-thumbnail wp-post-image\" alt=\"a\" srcset=\"https:\/\/www.saint-bernard-troyes.fr\/wp-content\/uploads\/2017\/10\/h4-img-9.jpg 900w, https:\/\/www.saint-bernard-troyes.fr\/wp-content\/uploads\/2017\/10\/h4-img-9-150x150.jpg 150w, https:\/\/www.saint-bernard-troyes.fr\/wp-content\/uploads\/2017\/10\/h4-img-9-300x300.jpg 300w, https:\/\/www.saint-bernard-troyes.fr\/wp-content\/uploads\/2017\/10\/h4-img-9-768x768.jpg 768w, https:\/\/www.saint-bernard-troyes.fr\/wp-content\/uploads\/2017\/10\/h4-img-9-550x550.jpg 550w, https:\/\/www.saint-bernard-troyes.fr\/wp-content\/uploads\/2017\/10\/h4-img-9-600x600.jpg 600w, https:\/\/www.saint-bernard-troyes.fr\/wp-content\/uploads\/2017\/10\/h4-img-9-100x100.jpg 100w\" sizes=\"auto, (max-width: 900px) 100vw, 900px\" \/>\t\t\t<\/div>\n\t\t\t\t<div class=\"eltdf-mg-item-outer\">\n\t\t\t<div class=\"eltdf-mg-item-inner\">\n\t\t\t\t<div class=\"eltdf-mg-item-content\">\n\t\t\t\t\t\t\t\t\t\t\t\t\t\t\t\t<h4 itemprop=\"name\" class=\"eltdf-mg-item-title entry-title\">\n\t\t\t\t\t\t\tLe Projet p\u00e9dagogique\t\t\t\t\t\t<\/h4>\n\t\t\t\t\t\t\t\t\t\t\t\t\t\t\t\t<a itemprop=\"url\" class=\"eltdf-mg-item-button eltdf-btn eltdf-btn-simple\" href=\"https:\/\/www.saint-bernard-troyes.fr\/?page_id=5759\" target=\"_self\">\n\t\t\t\t\t\t\t<span class=\"eltdf-btn-text\">En savoir plus<\/span>\n\t\t\t\t\t\t<\/a>\n\t\t\t\t\t\t\t\t\t<\/div>\n\t\t\t<\/div>\n\t\t<\/div>\n\n\t<\/div>\n<\/article>\n<article class=\"eltdf-item-space eltdf-mg-item eltdf-mg-simple eltdf-mg-square-small eltdf-mg-skin-light\">\n\t<div class=\"eltdf-mg-content\">\n                    <a itemprop=\"url\" class=\"eltdf-mg-item-link\" href=\"https:\/\/www.saint-bernard-troyes.fr\/?page_id=6450\" target=\"_self\"><\/a>\n        \t\t\t\t\t<div class=\"eltdf-mg-image\">\n\t\t\t\t<img loading=\"lazy\" decoding=\"async\" width=\"600\" height=\"600\" src=\"https:\/\/www.saint-bernard-troyes.fr\/wp-content\/uploads\/2017\/10\/SITE-cr\u00e9che-6.jpg\" class=\"attachment-post-thumbnail size-post-thumbnail wp-post-image\" alt=\"\" \/>\t\t\t<\/div>\n\t\t\t\t<div class=\"eltdf-mg-item-outer\">\n\t\t\t<div class=\"eltdf-mg-item-inner\">\n\t\t\t\t<div class=\"eltdf-mg-item-content\">\n\t\t\t\t\t\t\t\t\t\t\t\t\t\t\t\t<h4 itemprop=\"name\" class=\"eltdf-mg-item-title entry-title\">\n\t\t\t\t\t\t\tLe projet pastoral\t\t\t\t\t\t<\/h4>\n\t\t\t\t\t\t\t\t\t\t\t\t\t\t\t\t<a itemprop=\"url\" class=\"eltdf-mg-item-button eltdf-btn eltdf-btn-simple\" href=\"https:\/\/www.saint-bernard-troyes.fr\/?page_id=6450\" target=\"_self\">\n\t\t\t\t\t\t\t<span class=\"eltdf-btn-text\">En savoir plus<\/span>\n\t\t\t\t\t\t<\/a>\n\t\t\t\t\t\t\t\t\t<\/div>\n\t\t\t<\/div>\n\t\t<\/div>\n\n\t<\/div>\n<\/article>\n<article class=\"eltdf-item-space eltdf-mg-item eltdf-mg-standard eltdf-mg-square-big eltdf-mg-skin-light\">\n\t<div class=\"eltdf-mg-content\">\n                    <a itemprop=\"url\" class=\"eltdf-mg-item-link\" href=\"https:\/\/gratuit-4597528.webadorsite.com\/actualites-de-l-ecole\" target=\"_self\"><\/a>\n        \t\t\t\t\t<div class=\"eltdf-mg-image\">\n\t\t\t\t<div class=\"eltdf-mg-image-overlay\" style=\"background-image:url(https:\/\/www.saint-bernard-troyes.fr\/wp-content\/uploads\/2019\/04\/201812201545323743183.jpg)\"><\/div>\n\t\t\t\t<img loading=\"lazy\" decoding=\"async\" width=\"1440\" height=\"1440\" src=\"https:\/\/www.saint-bernard-troyes.fr\/wp-content\/uploads\/2019\/04\/201812201545323743183.jpg\" class=\"attachment-post-thumbnail size-post-thumbnail wp-post-image\" alt=\"\" srcset=\"https:\/\/www.saint-bernard-troyes.fr\/wp-content\/uploads\/2019\/04\/201812201545323743183.jpg 1440w, https:\/\/www.saint-bernard-troyes.fr\/wp-content\/uploads\/2019\/04\/201812201545323743183-150x150.jpg 150w, https:\/\/www.saint-bernard-troyes.fr\/wp-content\/uploads\/2019\/04\/201812201545323743183-300x300.jpg 300w, https:\/\/www.saint-bernard-troyes.fr\/wp-content\/uploads\/2019\/04\/201812201545323743183-768x768.jpg 768w, https:\/\/www.saint-bernard-troyes.fr\/wp-content\/uploads\/2019\/04\/201812201545323743183-1024x1024.jpg 1024w, https:\/\/www.saint-bernard-troyes.fr\/wp-content\/uploads\/2019\/04\/201812201545323743183-550x550.jpg 550w, https:\/\/www.saint-bernard-troyes.fr\/wp-content\/uploads\/2019\/04\/201812201545323743183-1100x1100.jpg 1100w, https:\/\/www.saint-bernard-troyes.fr\/wp-content\/uploads\/2019\/04\/201812201545323743183-600x600.jpg 600w, https:\/\/www.saint-bernard-troyes.fr\/wp-content\/uploads\/2019\/04\/201812201545323743183-100x100.jpg 100w\" sizes=\"auto, (max-width: 1440px) 100vw, 1440px\" \/>\t\t\t<\/div>\n\t\t\t\t<div class=\"eltdf-mg-item-outer\">\n\t\t\t<div class=\"eltdf-mg-item-inner\">\n\t\t\t\t<div class=\"eltdf-mg-item-content\">\n\t\t\t\t\t\t\t\t\t\t\t\t\t\t\t\t<h3 itemprop=\"name\" class=\"eltdf-mg-item-title entry-title\">\n\t\t\t\t\t\t\tLes actualit\u00e9s de l&rsquo;\u00e9cole\t\t\t\t\t\t<\/h3>\n\t\t\t\t\t\t\t\t\t\t\t\t\t\t\t\t\t\t\t\t\t<a itemprop=\"url\" class=\"eltdf-mg-item-button eltdf-btn eltdf-btn-solid eltdf-btn-light eltdf-hover-animation\" href=\"https:\/\/gratuit-4597528.webadorsite.com\/actualites-de-l-ecole\" target=\"_self\">\n\t\t\t\t\t\t\t<span class=\"eltdf-btn-text\">En savoir plus<\/span>\n                            <span class=\"eltdf-btn-hover-item\"><\/span>\n\t\t\t\t\t\t<\/a>\n\t\t\t\t\t\t\t\t\t<\/div>\n\t\t\t<\/div>\n\t\t<\/div>\n\n\t<\/div>\n<\/article>\n<article class=\"eltdf-item-space eltdf-mg-item eltdf-mg-no-info eltdf-mg-square-small eltdf-mg-skin-light\">\n\t<div class=\"eltdf-mg-content\">\n\t\t\t\t\t<div class=\"eltdf-mg-image\">\n\t\t\t\t<div class=\"eltdf-mg-image-overlay\" style=\"background-image:url(https:\/\/www.saint-bernard-troyes.fr\/wp-content\/uploads\/2017\/10\/SITE-s\u00e9curit\u00e9-routi\u00e8re-2.jpg)\"><\/div>\n\t\t\t<\/div>\n\t\t\t\t\t\t\t<a itemprop=\"url\" class=\"eltdf-mg-item-link\" href=\"http:\/\/esmarts.elated-themes.com\/event\/creative-day\/\" target=\"_self\"><\/a>\n\t\t\t<\/div>\n<\/article>\n<article class=\"eltdf-item-space eltdf-mg-item eltdf-mg-simple eltdf-mg-square-small eltdf-mg-skin-light\">\n\t<div class=\"eltdf-mg-content\">\n        \t\t\t\t\t<div class=\"eltdf-mg-image\">\n\t\t\t\t<img loading=\"lazy\" decoding=\"async\" width=\"900\" height=\"900\" src=\"https:\/\/www.saint-bernard-troyes.fr\/wp-content\/uploads\/2017\/10\/h4-img-8.jpg\" class=\"attachment-post-thumbnail size-post-thumbnail wp-post-image\" alt=\"a\" srcset=\"https:\/\/www.saint-bernard-troyes.fr\/wp-content\/uploads\/2017\/10\/h4-img-8.jpg 900w, https:\/\/www.saint-bernard-troyes.fr\/wp-content\/uploads\/2017\/10\/h4-img-8-150x150.jpg 150w, https:\/\/www.saint-bernard-troyes.fr\/wp-content\/uploads\/2017\/10\/h4-img-8-300x300.jpg 300w, https:\/\/www.saint-bernard-troyes.fr\/wp-content\/uploads\/2017\/10\/h4-img-8-768x768.jpg 768w, https:\/\/www.saint-bernard-troyes.fr\/wp-content\/uploads\/2017\/10\/h4-img-8-550x550.jpg 550w, https:\/\/www.saint-bernard-troyes.fr\/wp-content\/uploads\/2017\/10\/h4-img-8-600x600.jpg 600w, https:\/\/www.saint-bernard-troyes.fr\/wp-content\/uploads\/2017\/10\/h4-img-8-100x100.jpg 100w\" sizes=\"auto, (max-width: 900px) 100vw, 900px\" \/>\t\t\t<\/div>\n\t\t\t\t<div class=\"eltdf-mg-item-outer\">\n\t\t\t<div class=\"eltdf-mg-item-inner\">\n\t\t\t\t<div class=\"eltdf-mg-item-content\">\n\t\t\t\t\t\t\t\t\t\t\t\t\t\t\t\t<h4 itemprop=\"name\" class=\"eltdf-mg-item-title entry-title\">\n\t\t\t\t\t\t\tAu C\u0153ur de la Ville&#8230; Au C\u0153ur de la Vie&#8230;\t\t\t\t\t\t<\/h4>\n\t\t\t\t\t\t\t\t\t\t\t\t\t\t<\/div>\n\t\t\t<\/div>\n\t\t<\/div>\n\n\t<\/div>\n<\/article>\n<article class=\"eltdf-item-space eltdf-mg-item eltdf-mg-simple eltdf-mg-square-small eltdf-mg-skin-light\">\n\t<div class=\"eltdf-mg-content\">\n                    <a itemprop=\"url\" class=\"eltdf-mg-item-link\" href=\"https:\/\/www.saint-bernard-troyes.fr\/?page_id=6357\" target=\"_self\"><\/a>\n        \t\t\t\t\t<div class=\"eltdf-mg-image\">\n\t\t\t\t<img loading=\"lazy\" decoding=\"async\" width=\"900\" height=\"900\" src=\"https:\/\/www.saint-bernard-troyes.fr\/wp-content\/uploads\/2017\/10\/h4-img-7.jpg\" class=\"attachment-post-thumbnail size-post-thumbnail wp-post-image\" alt=\"a\" srcset=\"https:\/\/www.saint-bernard-troyes.fr\/wp-content\/uploads\/2017\/10\/h4-img-7.jpg 900w, https:\/\/www.saint-bernard-troyes.fr\/wp-content\/uploads\/2017\/10\/h4-img-7-150x150.jpg 150w, https:\/\/www.saint-bernard-troyes.fr\/wp-content\/uploads\/2017\/10\/h4-img-7-300x300.jpg 300w, https:\/\/www.saint-bernard-troyes.fr\/wp-content\/uploads\/2017\/10\/h4-img-7-768x768.jpg 768w, https:\/\/www.saint-bernard-troyes.fr\/wp-content\/uploads\/2017\/10\/h4-img-7-550x550.jpg 550w, https:\/\/www.saint-bernard-troyes.fr\/wp-content\/uploads\/2017\/10\/h4-img-7-600x600.jpg 600w, https:\/\/www.saint-bernard-troyes.fr\/wp-content\/uploads\/2017\/10\/h4-img-7-100x100.jpg 100w\" sizes=\"auto, (max-width: 900px) 100vw, 900px\" \/>\t\t\t<\/div>\n\t\t\t\t<div class=\"eltdf-mg-item-outer\">\n\t\t\t<div class=\"eltdf-mg-item-inner\">\n\t\t\t\t<div class=\"eltdf-mg-item-content\">\n\t\t\t\t\t\t\t\t\t\t\t\t\t\t\t\t<h4 itemprop=\"name\" class=\"eltdf-mg-item-title entry-title\">\n\t\t\t\t\t\t\tLes Petits Chanteurs de Champagne\t\t\t\t\t\t<\/h4>\n\t\t\t\t\t\t\t\t\t\t\t\t\t\t\t\t<a itemprop=\"url\" class=\"eltdf-mg-item-button eltdf-btn eltdf-btn-simple\" href=\"https:\/\/www.saint-bernard-troyes.fr\/?page_id=6357\" target=\"_self\">\n\t\t\t\t\t\t\t<span class=\"eltdf-btn-text\">En savoir plus<\/span>\n\t\t\t\t\t\t<\/a>\n\t\t\t\t\t\t\t\t\t<\/div>\n\t\t\t<\/div>\n\t\t<\/div>\n\n\t<\/div>\n<\/article>\n<article class=\"eltdf-item-space eltdf-mg-item eltdf-mg-no-info eltdf-mg-square-small eltdf-mg-skin-light\">\n\t<div class=\"eltdf-mg-content\">\n\t\t\t\t\t<div class=\"eltdf-mg-image\">\n\t\t\t\t<div class=\"eltdf-mg-image-overlay\" style=\"background-image:url(https:\/\/www.saint-bernard-troyes.fr\/wp-content\/uploads\/2017\/10\/SITE-201905171558096043316.jpg)\"><\/div>\n\t\t\t<\/div>\n\t\t\t\t\t<\/div>\n<\/article>\n<\/div><\/div>[vc_empty_space height=\u00a0\u00bb99px\u00a0\u00bb]\t\t<\/div>\n\t<\/div>\n<\/div><\/div>[\/vc_column][\/vc_row]<\/p>\n","protected":false},"excerpt":{"rendered":"<p>[vc_row row_content_width=\u00a0\u00bbgrid\u00a0\u00bb css=\u00a0\u00bb.vc_custom_1524578975700{margin-top: -110px !important;padding-bottom: 30px !important;background-color: #ffffff !important;}\u00a0\u00bb simple_background_color=\u00a0\u00bb#ffffff\u00a0\u00bb][vc_column css=\u00a0\u00bb.vc_custom_1524578886725{margin-top: 50px !important;}\u00a0\u00bb][vc_single_image image=\u00a0\u00bb10989&Prime; alignment=\u00a0\u00bbcenter\u00a0\u00bb onclick=\u00a0\u00bbcustom_link\u00a0\u00bb css=\u00a0\u00bb.vc_custom_1727712445337{margin-top: -50px !important;}\u00a0\u00bb link=\u00a0\u00bbhttps:\/\/www.saint-bernard-troyes.fr\/\u00a0\u00bb][\/vc_column][\/vc_row]<\/p>\n","protected":false},"author":1,"featured_media":0,"parent":0,"menu_order":0,"comment_status":"closed","ping_status":"closed","template":"full-width.php","meta":{"footnotes":""},"class_list":["post-5737","page","type-page","status-publish","hentry"],"_links":{"self":[{"href":"https:\/\/www.saint-bernard-troyes.fr\/index.php?rest_route=\/wp\/v2\/pages\/5737","targetHints":{"allow":["GET"]}}],"collection":[{"href":"https:\/\/www.saint-bernard-troyes.fr\/index.php?rest_route=\/wp\/v2\/pages"}],"about":[{"href":"https:\/\/www.saint-bernard-troyes.fr\/index.php?rest_route=\/wp\/v2\/types\/page"}],"author":[{"embeddable":true,"href":"https:\/\/www.saint-bernard-troyes.fr\/index.php?rest_route=\/wp\/v2\/users\/1"}],"replies":[{"embeddable":true,"href":"https:\/\/www.saint-bernard-troyes.fr\/index.php?rest_route=%2Fwp%2Fv2%2Fcomments&post=5737"}],"version-history":[{"count":15,"href":"https:\/\/www.saint-bernard-troyes.fr\/index.php?rest_route=\/wp\/v2\/pages\/5737\/revisions"}],"predecessor-version":[{"id":11029,"href":"https:\/\/www.saint-bernard-troyes.fr\/index.php?rest_route=\/wp\/v2\/pages\/5737\/revisions\/11029"}],"wp:attachment":[{"href":"https:\/\/www.saint-bernard-troyes.fr\/index.php?rest_route=%2Fwp%2Fv2%2Fmedia&parent=5737"}],"curies":[{"name":"wp","href":"https:\/\/api.w.org\/{rel}","templated":true}]}}