{"id":5661,"date":"2018-04-12T09:31:33","date_gmt":"2018-04-12T07:31:33","guid":{"rendered":"http:\/\/www.saint-bernard-troyes.fr\/?page_id=5661"},"modified":"2024-09-30T18:08:59","modified_gmt":"2024-09-30T16:08:59","slug":"college","status":"publish","type":"page","link":"https:\/\/www.saint-bernard-troyes.fr\/?page_id=5661","title":{"rendered":"Coll\u00e8ge"},"content":{"rendered":"<p>[vc_row row_content_width=\u00a0\u00bbgrid\u00a0\u00bb css=\u00a0\u00bb.vc_custom_1727711756399{margin-top: -100px !important;padding-bottom: 30px !important;background-color: #ffffff !important;}\u00a0\u00bb simple_background_color=\u00a0\u00bb#ffffff\u00a0\u00bb][vc_column css=\u00a0\u00bb.vc_custom_1727711782303{margin-top: 100px !important;background-color: #ffffff !important;}\u00a0\u00bb][vc_single_image image=\u00a0\u00bb10989&Prime; alignment=\u00a0\u00bbcenter\u00a0\u00bb onclick=\u00a0\u00bbcustom_link\u00a0\u00bb css=\u00a0\u00bb.vc_custom_1727712568541{margin-top: -100px !important;background-color: #ffffff !important;}\u00a0\u00bb link=\u00a0\u00bbhttps:\/\/www.saint-bernard-troyes.fr\/\u00a0\u00bb]<div class=\"eltdf-elements-holder   eltdf-one-column  eltdf-responsive-mode-768 \" style=\"background-color: #ffffff\"><div class=\"eltdf-eh-item    eltdf-element-from-bottom\" style=\"background-color: #ffffff\" data-item-class=\"eltdf-eh-custom-8659\" data-animation=\"eltdf-element-from-bottom\" data-animation-delay=\"1000\" data-1280-1600=\"190px 0px 0px\" data-1024-1280=\"187px 0px 0px\" data-768-1024=\"190px 0px 0px\" data-680-768=\"24px 0px 0px\" data-680=\"175px 0px 0px\">\n\t<div class=\"eltdf-eh-item-inner\">\n\t\t<div class=\"eltdf-eh-item-content eltdf-eh-custom-8659\" style=\"padding: 0px\">\n\t\t\t<div class=\"eltdf-masonry-gallery-holder eltdf-disable-bottom-space eltdf-no-space\"><div class=\"eltdf-mg-inner eltdf-outer-space\"><div class=\"eltdf-mg-grid-sizer\"><\/div><div class=\"eltdf-mg-grid-gutter\"><\/div><article class=\"eltdf-item-space eltdf-mg-item eltdf-mg-simple eltdf-mg-square-small eltdf-mg-skin-light\">\n\t<div class=\"eltdf-mg-content\">\n                    <a itemprop=\"url\" class=\"eltdf-mg-item-link\" href=\"https:\/\/www.saint-bernard-troyes.fr\/?page_id=6878\" target=\"_self\"><\/a>\n        \t\t\t\t\t<div class=\"eltdf-mg-image\">\n\t\t\t\t<img loading=\"lazy\" decoding=\"async\" width=\"600\" height=\"600\" src=\"https:\/\/www.saint-bernard-troyes.fr\/wp-content\/uploads\/2018\/04\/SITE-\u00e9l\u00e8ves-cour-du-coll\u00e8ge.jpg\" class=\"attachment-post-thumbnail size-post-thumbnail wp-post-image\" alt=\"\" \/>\t\t\t<\/div>\n\t\t\t\t<div class=\"eltdf-mg-item-outer\">\n\t\t\t<div class=\"eltdf-mg-item-inner\">\n\t\t\t\t<div class=\"eltdf-mg-item-content\">\n\t\t\t\t\t\t\t\t\t\t\t\t\t\t\t\t<h4 itemprop=\"name\" class=\"eltdf-mg-item-title entry-title\">\n\t\t\t\t\t\t\tLe projet d&rsquo;\u00e9tablissement\t\t\t\t\t\t<\/h4>\n\t\t\t\t\t\t\t\t\t\t\t\t\t\t\t\t<a itemprop=\"url\" class=\"eltdf-mg-item-button eltdf-btn eltdf-btn-simple\" href=\"https:\/\/www.saint-bernard-troyes.fr\/?page_id=6878\" target=\"_self\">\n\t\t\t\t\t\t\t<span class=\"eltdf-btn-text\">En savoir plus<\/span>\n\t\t\t\t\t\t<\/a>\n\t\t\t\t\t\t\t\t\t<\/div>\n\t\t\t<\/div>\n\t\t<\/div>\n\n\t<\/div>\n<\/article>\n<article class=\"eltdf-item-space eltdf-mg-item eltdf-mg-simple eltdf-mg-square-small eltdf-mg-skin-light\">\n\t<div class=\"eltdf-mg-content\">\n        \t\t\t\t\t<div class=\"eltdf-mg-image\">\n\t\t\t\t<img loading=\"lazy\" decoding=\"async\" width=\"900\" height=\"900\" src=\"https:\/\/www.saint-bernard-troyes.fr\/wp-content\/uploads\/2017\/10\/h4-img-8.jpg\" class=\"attachment-post-thumbnail size-post-thumbnail wp-post-image\" alt=\"a\" srcset=\"https:\/\/www.saint-bernard-troyes.fr\/wp-content\/uploads\/2017\/10\/h4-img-8.jpg 900w, https:\/\/www.saint-bernard-troyes.fr\/wp-content\/uploads\/2017\/10\/h4-img-8-150x150.jpg 150w, https:\/\/www.saint-bernard-troyes.fr\/wp-content\/uploads\/2017\/10\/h4-img-8-300x300.jpg 300w, https:\/\/www.saint-bernard-troyes.fr\/wp-content\/uploads\/2017\/10\/h4-img-8-768x768.jpg 768w, https:\/\/www.saint-bernard-troyes.fr\/wp-content\/uploads\/2017\/10\/h4-img-8-550x550.jpg 550w, https:\/\/www.saint-bernard-troyes.fr\/wp-content\/uploads\/2017\/10\/h4-img-8-600x600.jpg 600w, https:\/\/www.saint-bernard-troyes.fr\/wp-content\/uploads\/2017\/10\/h4-img-8-100x100.jpg 100w\" sizes=\"auto, (max-width: 900px) 100vw, 900px\" \/>\t\t\t<\/div>\n\t\t\t\t<div class=\"eltdf-mg-item-outer\">\n\t\t\t<div class=\"eltdf-mg-item-inner\">\n\t\t\t\t<div class=\"eltdf-mg-item-content\">\n\t\t\t\t\t\t\t\t\t\t\t\t\t\t\t\t<h4 itemprop=\"name\" class=\"eltdf-mg-item-title entry-title\">\n\t\t\t\t\t\t\tAu C\u0153ur de la Ville au C\u0153ur de la Vie&#8230;\t\t\t\t\t\t<\/h4>\n\t\t\t\t\t\t\t\t\t\t\t\t\t\t<\/div>\n\t\t\t<\/div>\n\t\t<\/div>\n\n\t<\/div>\n<\/article>\n<article class=\"eltdf-item-space eltdf-mg-item eltdf-mg-standard eltdf-mg-square-big eltdf-mg-skin-light\">\n\t<div class=\"eltdf-mg-content\">\n                    <a itemprop=\"url\" class=\"eltdf-mg-item-link\" href=\"https:\/\/www.saint-bernard-troyes.fr\/?page_id=6232\" target=\"_self\"><\/a>\n        \t\t\t\t\t<div class=\"eltdf-mg-image\">\n\t\t\t\t<div class=\"eltdf-mg-image-overlay\" style=\"background-image:url(https:\/\/www.saint-bernard-troyes.fr\/wp-content\/uploads\/2018\/04\/SITE-\u00e9tablissement-7.jpg)\"><\/div>\n\t\t\t\t<img loading=\"lazy\" decoding=\"async\" width=\"1000\" height=\"1000\" src=\"https:\/\/www.saint-bernard-troyes.fr\/wp-content\/uploads\/2018\/04\/SITE-\u00e9tablissement-7.jpg\" class=\"attachment-post-thumbnail size-post-thumbnail wp-post-image\" alt=\"\" \/>\t\t\t<\/div>\n\t\t\t\t<div class=\"eltdf-mg-item-outer\">\n\t\t\t<div class=\"eltdf-mg-item-inner\">\n\t\t\t\t<div class=\"eltdf-mg-item-content\">\n\t\t\t\t\t\t\t\t\t\t\t\t\t\t\t\t<h3 itemprop=\"name\" class=\"eltdf-mg-item-title entry-title\">\n\t\t\t\t\t\t\tS&rsquo;inscrire\t\t\t\t\t\t<\/h3>\n\t\t\t\t\t\t\t\t\t\t\t\t\t\t\t\t\t\t\t\t\t<a itemprop=\"url\" class=\"eltdf-mg-item-button eltdf-btn eltdf-btn-solid eltdf-btn-light eltdf-hover-animation\" href=\"https:\/\/www.saint-bernard-troyes.fr\/?page_id=6232\" target=\"_self\">\n\t\t\t\t\t\t\t<span class=\"eltdf-btn-text\">En savoir plus<\/span>\n                            <span class=\"eltdf-btn-hover-item\"><\/span>\n\t\t\t\t\t\t<\/a>\n\t\t\t\t\t\t\t\t\t<\/div>\n\t\t\t<\/div>\n\t\t<\/div>\n\n\t<\/div>\n<\/article>\n<article class=\"eltdf-item-space eltdf-mg-item eltdf-mg-simple eltdf-mg-square-small eltdf-mg-skin-light\">\n\t<div class=\"eltdf-mg-content\">\n                    <a itemprop=\"url\" class=\"eltdf-mg-item-link\" href=\"https:\/\/www.saint-bernard-troyes.fr\/?page_id=5940\" target=\"_self\"><\/a>\n        \t\t\t\t\t<div class=\"eltdf-mg-image\">\n\t\t\t\t<img loading=\"lazy\" decoding=\"async\" width=\"900\" height=\"900\" src=\"https:\/\/www.saint-bernard-troyes.fr\/wp-content\/uploads\/2017\/10\/h4-img-9.jpg\" class=\"attachment-post-thumbnail size-post-thumbnail wp-post-image\" alt=\"a\" srcset=\"https:\/\/www.saint-bernard-troyes.fr\/wp-content\/uploads\/2017\/10\/h4-img-9.jpg 900w, https:\/\/www.saint-bernard-troyes.fr\/wp-content\/uploads\/2017\/10\/h4-img-9-150x150.jpg 150w, https:\/\/www.saint-bernard-troyes.fr\/wp-content\/uploads\/2017\/10\/h4-img-9-300x300.jpg 300w, https:\/\/www.saint-bernard-troyes.fr\/wp-content\/uploads\/2017\/10\/h4-img-9-768x768.jpg 768w, https:\/\/www.saint-bernard-troyes.fr\/wp-content\/uploads\/2017\/10\/h4-img-9-550x550.jpg 550w, https:\/\/www.saint-bernard-troyes.fr\/wp-content\/uploads\/2017\/10\/h4-img-9-600x600.jpg 600w, https:\/\/www.saint-bernard-troyes.fr\/wp-content\/uploads\/2017\/10\/h4-img-9-100x100.jpg 100w\" sizes=\"auto, (max-width: 900px) 100vw, 900px\" \/>\t\t\t<\/div>\n\t\t\t\t<div class=\"eltdf-mg-item-outer\">\n\t\t\t<div class=\"eltdf-mg-item-inner\">\n\t\t\t\t<div class=\"eltdf-mg-item-content\">\n\t\t\t\t\t\t\t\t\t\t\t\t\t\t\t\t<h4 itemprop=\"name\" class=\"eltdf-mg-item-title entry-title\">\n\t\t\t\t\t\t\tLe projet p\u00e9dagogique\t\t\t\t\t\t<\/h4>\n\t\t\t\t\t\t\t\t\t\t\t\t\t\t\t\t<a itemprop=\"url\" class=\"eltdf-mg-item-button eltdf-btn eltdf-btn-simple\" href=\"https:\/\/www.saint-bernard-troyes.fr\/?page_id=5940\" target=\"_self\">\n\t\t\t\t\t\t\t<span class=\"eltdf-btn-text\">En savoir plus<\/span>\n\t\t\t\t\t\t<\/a>\n\t\t\t\t\t\t\t\t\t<\/div>\n\t\t\t<\/div>\n\t\t<\/div>\n\n\t<\/div>\n<\/article>\n<article class=\"eltdf-item-space eltdf-mg-item eltdf-mg-simple eltdf-mg-square-small eltdf-mg-skin-light\">\n\t<div class=\"eltdf-mg-content\">\n                    <a itemprop=\"url\" class=\"eltdf-mg-item-link\" href=\"https:\/\/www.saint-bernard-troyes.fr\/?page_id=6637\" target=\"_self\"><\/a>\n        \t\t\t\t\t<div class=\"eltdf-mg-image\">\n\t\t\t\t<img loading=\"lazy\" decoding=\"async\" width=\"600\" height=\"600\" src=\"https:\/\/www.saint-bernard-troyes.fr\/wp-content\/uploads\/2018\/04\/SITE-vitraux-5.jpg\" class=\"attachment-post-thumbnail size-post-thumbnail wp-post-image\" alt=\"\" \/>\t\t\t<\/div>\n\t\t\t\t<div class=\"eltdf-mg-item-outer\">\n\t\t\t<div class=\"eltdf-mg-item-inner\">\n\t\t\t\t<div class=\"eltdf-mg-item-content\">\n\t\t\t\t\t\t\t\t\t\t\t\t\t\t\t\t<h4 itemprop=\"name\" class=\"eltdf-mg-item-title entry-title\">\n\t\t\t\t\t\t\tLe projet pastoral\t\t\t\t\t\t<\/h4>\n\t\t\t\t\t\t\t\t\t\t\t\t\t\t\t\t<a itemprop=\"url\" class=\"eltdf-mg-item-button eltdf-btn eltdf-btn-simple\" href=\"https:\/\/www.saint-bernard-troyes.fr\/?page_id=6637\" target=\"_self\">\n\t\t\t\t\t\t\t<span class=\"eltdf-btn-text\">En savoir plus<\/span>\n\t\t\t\t\t\t<\/a>\n\t\t\t\t\t\t\t\t\t<\/div>\n\t\t\t<\/div>\n\t\t<\/div>\n\n\t<\/div>\n<\/article>\n<article class=\"eltdf-item-space eltdf-mg-item eltdf-mg-standard eltdf-mg-square-big eltdf-mg-skin-light\">\n\t<div class=\"eltdf-mg-content\">\n                    <a itemprop=\"url\" class=\"eltdf-mg-item-link\" href=\"https:\/\/gratuit-4597528.webadorsite.com\/actualites-du-college\" target=\"_self\"><\/a>\n        \t\t\t\t\t<div class=\"eltdf-mg-image\">\n\t\t\t\t<div class=\"eltdf-mg-image-overlay\" style=\"background-image:url(https:\/\/www.saint-bernard-troyes.fr\/wp-content\/uploads\/2019\/02\/201901301548837016794modif.jpg)\"><\/div>\n\t\t\t\t<img loading=\"lazy\" decoding=\"async\" width=\"700\" height=\"700\" src=\"https:\/\/www.saint-bernard-troyes.fr\/wp-content\/uploads\/2019\/02\/201901301548837016794modif.jpg\" class=\"attachment-post-thumbnail size-post-thumbnail wp-post-image\" alt=\"\" srcset=\"https:\/\/www.saint-bernard-troyes.fr\/wp-content\/uploads\/2019\/02\/201901301548837016794modif.jpg 700w, https:\/\/www.saint-bernard-troyes.fr\/wp-content\/uploads\/2019\/02\/201901301548837016794modif-150x150.jpg 150w, https:\/\/www.saint-bernard-troyes.fr\/wp-content\/uploads\/2019\/02\/201901301548837016794modif-300x300.jpg 300w, https:\/\/www.saint-bernard-troyes.fr\/wp-content\/uploads\/2019\/02\/201901301548837016794modif-550x550.jpg 550w, https:\/\/www.saint-bernard-troyes.fr\/wp-content\/uploads\/2019\/02\/201901301548837016794modif-600x600.jpg 600w, https:\/\/www.saint-bernard-troyes.fr\/wp-content\/uploads\/2019\/02\/201901301548837016794modif-100x100.jpg 100w\" sizes=\"auto, (max-width: 700px) 100vw, 700px\" \/>\t\t\t<\/div>\n\t\t\t\t<div class=\"eltdf-mg-item-outer\">\n\t\t\t<div class=\"eltdf-mg-item-inner\">\n\t\t\t\t<div class=\"eltdf-mg-item-content\">\n\t\t\t\t\t\t\t\t\t\t\t\t\t\t\t\t<h3 itemprop=\"name\" class=\"eltdf-mg-item-title entry-title\">\n\t\t\t\t\t\t\tLes actualit\u00e9s du coll\u00e8ge\t\t\t\t\t\t<\/h3>\n\t\t\t\t\t\t\t\t\t\t\t\t\t\t\t\t\t\t\t\t\t<a itemprop=\"url\" class=\"eltdf-mg-item-button eltdf-btn eltdf-btn-solid eltdf-btn-light eltdf-hover-animation\" href=\"https:\/\/gratuit-4597528.webadorsite.com\/actualites-du-college\" target=\"_self\">\n\t\t\t\t\t\t\t<span class=\"eltdf-btn-text\">D\u00e9couvrir<\/span>\n                            <span class=\"eltdf-btn-hover-item\"><\/span>\n\t\t\t\t\t\t<\/a>\n\t\t\t\t\t\t\t\t\t<\/div>\n\t\t\t<\/div>\n\t\t<\/div>\n\n\t<\/div>\n<\/article>\n<article class=\"eltdf-item-space eltdf-mg-item eltdf-mg-simple eltdf-mg-square-small eltdf-mg-skin-light\">\n\t<div class=\"eltdf-mg-content\">\n                    <a itemprop=\"url\" class=\"eltdf-mg-item-link\" href=\"https:\/\/www.saint-bernard-troyes.fr\/?page_id=6357\" target=\"_blank\"><\/a>\n        \t\t\t\t\t<div class=\"eltdf-mg-image\">\n\t\t\t\t<img loading=\"lazy\" decoding=\"async\" width=\"900\" height=\"900\" src=\"https:\/\/www.saint-bernard-troyes.fr\/wp-content\/uploads\/2017\/10\/h4-img-8.jpg\" class=\"attachment-post-thumbnail size-post-thumbnail wp-post-image\" alt=\"a\" srcset=\"https:\/\/www.saint-bernard-troyes.fr\/wp-content\/uploads\/2017\/10\/h4-img-8.jpg 900w, https:\/\/www.saint-bernard-troyes.fr\/wp-content\/uploads\/2017\/10\/h4-img-8-150x150.jpg 150w, https:\/\/www.saint-bernard-troyes.fr\/wp-content\/uploads\/2017\/10\/h4-img-8-300x300.jpg 300w, https:\/\/www.saint-bernard-troyes.fr\/wp-content\/uploads\/2017\/10\/h4-img-8-768x768.jpg 768w, https:\/\/www.saint-bernard-troyes.fr\/wp-content\/uploads\/2017\/10\/h4-img-8-550x550.jpg 550w, https:\/\/www.saint-bernard-troyes.fr\/wp-content\/uploads\/2017\/10\/h4-img-8-600x600.jpg 600w, https:\/\/www.saint-bernard-troyes.fr\/wp-content\/uploads\/2017\/10\/h4-img-8-100x100.jpg 100w\" sizes=\"auto, (max-width: 900px) 100vw, 900px\" \/>\t\t\t<\/div>\n\t\t\t\t<div class=\"eltdf-mg-item-outer\">\n\t\t\t<div class=\"eltdf-mg-item-inner\">\n\t\t\t\t<div class=\"eltdf-mg-item-content\">\n\t\t\t\t\t\t\t\t\t\t\t\t\t\t\t\t<h4 itemprop=\"name\" class=\"eltdf-mg-item-title entry-title\">\n\t\t\t\t\t\t\tLe Centre de Connaissances et de Culture\t\t\t\t\t\t<\/h4>\n\t\t\t\t\t\t\t\t\t\t\t\t\t\t\t\t<a itemprop=\"url\" class=\"eltdf-mg-item-button eltdf-btn eltdf-btn-simple\" href=\"https:\/\/www.saint-bernard-troyes.fr\/?page_id=6357\" target=\"_blank\">\n\t\t\t\t\t\t\t<span class=\"eltdf-btn-text\">En savoir plus<\/span>\n\t\t\t\t\t\t<\/a>\n\t\t\t\t\t\t\t\t\t<\/div>\n\t\t\t<\/div>\n\t\t<\/div>\n\n\t<\/div>\n<\/article>\n<article class=\"eltdf-item-space eltdf-mg-item eltdf-mg-simple eltdf-mg-square-small eltdf-mg-skin-light\">\n\t<div class=\"eltdf-mg-content\">\n                    <a itemprop=\"url\" class=\"eltdf-mg-item-link\" href=\"https:\/\/www.saint-bernard-troyes.fr\/?page_id=6357\" target=\"_self\"><\/a>\n        \t\t\t\t\t<div class=\"eltdf-mg-image\">\n\t\t\t\t<img loading=\"lazy\" decoding=\"async\" width=\"600\" height=\"600\" src=\"https:\/\/www.saint-bernard-troyes.fr\/wp-content\/uploads\/2018\/04\/SITE-201905171558096077794.jpg\" class=\"attachment-post-thumbnail size-post-thumbnail wp-post-image\" alt=\"\" \/>\t\t\t<\/div>\n\t\t\t\t<div class=\"eltdf-mg-item-outer\">\n\t\t\t<div class=\"eltdf-mg-item-inner\">\n\t\t\t\t<div class=\"eltdf-mg-item-content\">\n\t\t\t\t\t\t\t\t\t\t\t\t\t\t\t\t<h4 itemprop=\"name\" class=\"eltdf-mg-item-title entry-title\">\n\t\t\t\t\t\t\tLes Petits Chanteurs de Champagne\t\t\t\t\t\t<\/h4>\n\t\t\t\t\t\t\t\t\t\t\t\t\t\t\t\t<a itemprop=\"url\" class=\"eltdf-mg-item-button eltdf-btn eltdf-btn-simple\" href=\"https:\/\/www.saint-bernard-troyes.fr\/?page_id=6357\" target=\"_self\">\n\t\t\t\t\t\t\t<span class=\"eltdf-btn-text\">D\u00e9couvrir<\/span>\n\t\t\t\t\t\t<\/a>\n\t\t\t\t\t\t\t\t\t<\/div>\n\t\t\t<\/div>\n\t\t<\/div>\n\n\t<\/div>\n<\/article>\n<article class=\"eltdf-item-space eltdf-mg-item eltdf-mg-standard eltdf-mg-square-small eltdf-mg-skin-light\">\n\t<div class=\"eltdf-mg-content\">\n                    <a itemprop=\"url\" class=\"eltdf-mg-item-link\" href=\"https:\/\/www.saint-bernard-troyes.fr\/?page_id=7138\" target=\"_self\"><\/a>\n        \t\t\t\t\t<div class=\"eltdf-mg-image\">\n\t\t\t\t<div class=\"eltdf-mg-image-overlay\" style=\"background-image:url(https:\/\/www.saint-bernard-troyes.fr\/wp-content\/uploads\/2018\/04\/association-sportive-coll\u00e8ge.jpg)\"><\/div>\n\t\t\t\t<img loading=\"lazy\" decoding=\"async\" width=\"1440\" height=\"1440\" src=\"https:\/\/www.saint-bernard-troyes.fr\/wp-content\/uploads\/2018\/04\/association-sportive-coll\u00e8ge.jpg\" class=\"attachment-post-thumbnail size-post-thumbnail wp-post-image\" alt=\"\" \/>\t\t\t<\/div>\n\t\t\t\t<div class=\"eltdf-mg-item-outer\">\n\t\t\t<div class=\"eltdf-mg-item-inner\">\n\t\t\t\t<div class=\"eltdf-mg-item-content\">\n\t\t\t\t\t\t\t\t\t\t\t\t\t\t\t\t<h4 itemprop=\"name\" class=\"eltdf-mg-item-title entry-title\">\n\t\t\t\t\t\t\tL\u2019association sportive\t\t\t\t\t\t<\/h4>\n\t\t\t\t\t\t\t\t\t\t\t\t\t\t\t\t\t\t\t\t\t<a itemprop=\"url\" class=\"eltdf-mg-item-button eltdf-btn eltdf-btn-solid eltdf-btn-light eltdf-hover-animation\" href=\"https:\/\/www.saint-bernard-troyes.fr\/?page_id=7138\" target=\"_self\">\n\t\t\t\t\t\t\t<span class=\"eltdf-btn-text\">D\u00e9couvrir<\/span>\n                            <span class=\"eltdf-btn-hover-item\"><\/span>\n\t\t\t\t\t\t<\/a>\n\t\t\t\t\t\t\t\t\t<\/div>\n\t\t\t<\/div>\n\t\t<\/div>\n\n\t<\/div>\n<\/article>\n<article class=\"eltdf-item-space eltdf-mg-item eltdf-mg-simple eltdf-mg-square-small eltdf-mg-skin-light\">\n\t<div class=\"eltdf-mg-content\">\n        \t\t\t\t\t<div class=\"eltdf-mg-image\">\n\t\t\t\t<img loading=\"lazy\" decoding=\"async\" width=\"900\" height=\"900\" src=\"https:\/\/www.saint-bernard-troyes.fr\/wp-content\/uploads\/2017\/10\/h4-img-7.jpg\" class=\"attachment-post-thumbnail size-post-thumbnail wp-post-image\" alt=\"a\" srcset=\"https:\/\/www.saint-bernard-troyes.fr\/wp-content\/uploads\/2017\/10\/h4-img-7.jpg 900w, https:\/\/www.saint-bernard-troyes.fr\/wp-content\/uploads\/2017\/10\/h4-img-7-150x150.jpg 150w, https:\/\/www.saint-bernard-troyes.fr\/wp-content\/uploads\/2017\/10\/h4-img-7-300x300.jpg 300w, https:\/\/www.saint-bernard-troyes.fr\/wp-content\/uploads\/2017\/10\/h4-img-7-768x768.jpg 768w, https:\/\/www.saint-bernard-troyes.fr\/wp-content\/uploads\/2017\/10\/h4-img-7-550x550.jpg 550w, https:\/\/www.saint-bernard-troyes.fr\/wp-content\/uploads\/2017\/10\/h4-img-7-600x600.jpg 600w, https:\/\/www.saint-bernard-troyes.fr\/wp-content\/uploads\/2017\/10\/h4-img-7-100x100.jpg 100w\" sizes=\"auto, (max-width: 900px) 100vw, 900px\" \/>\t\t\t<\/div>\n\t\t\t\t<div class=\"eltdf-mg-item-outer\">\n\t\t\t<div class=\"eltdf-mg-item-inner\">\n\t\t\t\t<div class=\"eltdf-mg-item-content\">\n\t\t\t\t\t\t\t\t\t\t\t\t\t\t\t\t<h4 itemprop=\"name\" class=\"eltdf-mg-item-title entry-title\">\n\t\t\t\t\t\t\tOrientation\t\t\t\t\t\t<\/h4>\n\t\t\t\t\t\t\t\t\t\t\t\t\t\t<\/div>\n\t\t\t<\/div>\n\t\t<\/div>\n\n\t<\/div>\n<\/article>\n<\/div><\/div>[vc_empty_space height=\u00a0\u00bb99px\u00a0\u00bb]\t\t<\/div>\n\t<\/div>\n<\/div><\/div>[\/vc_column][\/vc_row]<\/p>\n","protected":false},"excerpt":{"rendered":"<p>[vc_row row_content_width=\u00a0\u00bbgrid\u00a0\u00bb css=\u00a0\u00bb.vc_custom_1727711756399{margin-top: -100px !important;padding-bottom: 30px !important;background-color: #ffffff !important;}\u00a0\u00bb simple_background_color=\u00a0\u00bb#ffffff\u00a0\u00bb][vc_column css=\u00a0\u00bb.vc_custom_1727711782303{margin-top: 100px !important;background-color: #ffffff !important;}\u00a0\u00bb][vc_single_image image=\u00a0\u00bb10989&Prime; alignment=\u00a0\u00bbcenter\u00a0\u00bb onclick=\u00a0\u00bbcustom_link\u00a0\u00bb css=\u00a0\u00bb.vc_custom_1727712568541{margin-top: -100px !important;background-color: #ffffff !important;}\u00a0\u00bb link=\u00a0\u00bbhttps:\/\/www.saint-bernard-troyes.fr\/\u00a0\u00bb][\/vc_column][\/vc_row]<\/p>\n","protected":false},"author":1,"featured_media":0,"parent":0,"menu_order":0,"comment_status":"closed","ping_status":"closed","template":"","meta":{"footnotes":""},"class_list":["post-5661","page","type-page","status-publish","hentry"],"_links":{"self":[{"href":"https:\/\/www.saint-bernard-troyes.fr\/index.php?rest_route=\/wp\/v2\/pages\/5661","targetHints":{"allow":["GET"]}}],"collection":[{"href":"https:\/\/www.saint-bernard-troyes.fr\/index.php?rest_route=\/wp\/v2\/pages"}],"about":[{"href":"https:\/\/www.saint-bernard-troyes.fr\/index.php?rest_route=\/wp\/v2\/types\/page"}],"author":[{"embeddable":true,"href":"https:\/\/www.saint-bernard-troyes.fr\/index.php?rest_route=\/wp\/v2\/users\/1"}],"replies":[{"embeddable":true,"href":"https:\/\/www.saint-bernard-troyes.fr\/index.php?rest_route=%2Fwp%2Fv2%2Fcomments&post=5661"}],"version-history":[{"count":18,"href":"https:\/\/www.saint-bernard-troyes.fr\/index.php?rest_route=\/wp\/v2\/pages\/5661\/revisions"}],"predecessor-version":[{"id":11030,"href":"https:\/\/www.saint-bernard-troyes.fr\/index.php?rest_route=\/wp\/v2\/pages\/5661\/revisions\/11030"}],"wp:attachment":[{"href":"https:\/\/www.saint-bernard-troyes.fr\/index.php?rest_route=%2Fwp%2Fv2%2Fmedia&parent=5661"}],"curies":[{"name":"wp","href":"https:\/\/api.w.org\/{rel}","templated":true}]}}