{"id":2,"date":"2018-02-07T10:28:18","date_gmt":"2018-02-07T09:28:18","guid":{"rendered":"http:\/\/www.saint-bernard-troyes.fr\/?page_id=2"},"modified":"2024-10-01T11:37:40","modified_gmt":"2024-10-01T09:37:40","slug":"page-d-exemple","status":"publish","type":"page","link":"https:\/\/www.saint-bernard-troyes.fr\/?page_id=2","title":{"rendered":"Mentions l\u00e9gales"},"content":{"rendered":"<p>[vc_row][vc_column][vc_single_image image=\u00a0\u00bb11043&Prime; img_size=\u00a0\u00bb250&#215;250&Prime; alignment=\u00a0\u00bbcenter\u00a0\u00bb onclick=\u00a0\u00bbcustom_link\u00a0\u00bb link=\u00a0\u00bbhttps:\/\/www.saint-bernard-troyes.fr\/\u00a0\u00bb][\/vc_column][\/vc_row][vc_row row_content_width=\u00a0\u00bbgrid\u00a0\u00bb css=\u00a0\u00bb.vc_custom_1524475345106{padding-top: 100px !important;}\u00a0\u00bb simple_background_color=\u00a0\u00bb#ededed\u00a0\u00bb][vc_column css=\u00a0\u00bb.vc_custom_1523620187516{margin-top: -100px !important;}\u00a0\u00bb][vc_empty_space height=\u00a0\u00bb30px\u00a0\u00bb]<div class=\"eltdf-section-title-holder  eltdf-st-has-watermark\" style=\"padding: 0 15%;text-align: center\">\n\t<div class=\"eltdf-st-inner\">\n\t\t\t\t\t<span class=\"eltdf-st-watermark\" style=\"color: #c9c9c9;font-size: 70px\">\n\t\t\t\tSaint Bernard\t\t\t<\/span>\n\t\t\t\t\t\t\t\t\t<h3 class=\"eltdf-st-title\" >\n\t\t\t\tMentions L\u00e9gales\t\t\t<\/h3>\n\t\t\t\t\t<\/div>\n<\/div>[vc_empty_space height=\u00a0\u00bb50px\u00a0\u00bb][\/vc_column][\/vc_row][vc_row gap=\u00a0\u00bb20&Prime; css=\u00a0\u00bb.vc_custom_1531938800973{padding-right: 40px !important;padding-left: 40px !important;}\u00a0\u00bb][vc_column][vc_empty_space height=\u00a0\u00bb50px\u00a0\u00bb][vc_column_text]<\/p>\n<div class=\"fusion-text\"><strong>Raison sociale<\/strong> : Association Saint Bernard de TROYES<\/div>\n<div class=\"fusion-text\"><strong>Si\u00e8ge Social<\/strong> : 8 rue du Palais de Justice 10000 TROYES<\/div>\n<div class=\"fusion-text\"><strong><u>T\u00e9l<\/u> <\/strong>: 03.25.73.03.28 \/ <strong><u>Fax<\/u><\/strong> : 03.25.73.42.16.<\/div>\n<div class=\"fusion-text\"><strong>Forme juridique<\/strong> : Association<\/div>\n<div class=\"fusion-text\"><strong><u>N\u00b0 Siret<\/u><\/strong> : 78034840500017 &#8211; 78034840500041 &#8211; 78034840500033<\/div>\n<div class=\"fusion-text\"><strong><u>Chef d\u2019\u00e9tablissement Coordinateur<\/u><\/strong>\u00a0 : M. BOIVIN Francis<\/div>\n<div class=\"fusion-text\"><strong><u>Chef d\u2019\u00e9tablissement Ecole <\/u><\/strong>\u00a0: Mme NORMAND Isabelle<\/div>\n<div class=\"fusion-text\"><\/div>\n<div class=\"fusion-text\"><em>Pour toute remarque relative au fonctionnement du site, merci d\u2019adresser un courrier \u00e9lectronique \u00e0 l\u2019administrateur du site \u00e0 l\u2019adresse suivante : accueil.saint-bernard@orange.fr<\/em><\/div>\n<div><\/div>\n<div class=\"fusion-text\"><strong><u>Copyright<\/u><\/strong><\/div>\n<div><\/div>\n<div>Toute personne ne respectant pas les dispositions\u00a0<span class=\"highlightedSearchTerm\">l\u00e9gales<\/span>\u00a0applicables se rend coupable du d\u00e9lit de contrefa\u00e7on et est passible des sanctions p\u00e9nales pr\u00e9vues par la loi.<\/div>\n<div><\/div>\n<div class=\"fusion-text\"><em>Les photographies, textes, slogans, dessins, images, vid\u00e9os, s\u00e9quences anim\u00e9es sonores ou non ainsi que toutes \u0153uvres int\u00e9gr\u00e9es dans le site sont la propri\u00e9t\u00e9 de Association Saint Bernard de TROYES ou de tiers ayant autoris\u00e9 Association Saint Bernard de TROYES \u00e0 les utiliser.<\/em><\/div>\n<div><\/div>\n<div class=\"fusion-text\"><em>Aucun \u00e9l\u00e9ment de ce site ne peut \u00eatre reproduit, repr\u00e9sent\u00e9 ou adapt\u00e9 d\u2019aucune mani\u00e8re sur aucun support connu ou inconnu \u00e0 ce jour, sans le consentement pr\u00e9alable \u00e9crit du chef d\u2019\u00e9tablissement de Association Saint Bernard de TROYES. <\/em><\/div>\n<div><\/div>\n<div class=\"fusion-text\"><strong>Liens vers des sites ext\u00e9rieurs<\/strong><\/div>\n<div><\/div>\n<div class=\"fusion-text\"><em>Le site Internet de l\u2019\u00c9cole Coll\u00e8ge Lyc\u00e9e Saint-Bernard contient des liens vers des sites g\u00e9r\u00e9s par des tiers. Ces liens ne sont propos\u00e9s que pour votre commodit\u00e9. Association Saint Bernard de TROYES, n\u2019exerce aucun contr\u00f4le sur ces sites, n\u2019assume aucune responsabilit\u00e9 concernant leur contenu et ne sera tenu responsable d\u2019aucun dommage ou pr\u00e9judice en d\u00e9coulant.<\/em><\/div>\n<div><\/div>\n<div class=\"fusion-text\"><strong><u>Donn\u00e9es personnelles<\/u><\/strong><\/div>\n<div>Les reproductions, les transmissions, les modifications, les r\u00e9utilisations, sur un support papier ou informatique, dudit site et des oeuvres qui y sont reproduites ne sont autoris\u00e9es que pour un usage personnel et priv\u00e9 conforme aux dispositions de l&rsquo;article L 122-5 du Code de la Propri\u00e9t\u00e9 Intellectuelle. Ces reproductions devront ainsi notamment indiquer clairement la source et l&rsquo;auteur du site et\/ou de ces oeuvres multim\u00e9dias. La classe n&rsquo;est pas consid\u00e9r\u00e9e comme un cercle priv\u00e9, ni comme un lieu d&rsquo;usage personnel. En aucun cas ces reproductions ne sauraient porter pr\u00e9judice aux droits des tiers. Les reproductions, les transmissions, les modifications, les r\u00e9utilisations \u00e0 des fins publicitaires, commerciales, ou d&rsquo;information, de tout ou partie du site, sont totalement interdites.<\/div>\n<div class=\"fusion-text\"><strong><em>Les photographies et les vid\u00e9os des personnes sont la propri\u00e9t\u00e9 de Association Saint Bernard de TROYES. <\/em><\/strong><\/div>\n<div><\/div>\n<div class=\"fusion-text\"><em>Si toutefois vous d\u00e9sirez qu\u2019une photo soit retir\u00e9e, l\u2019administration du site la retirera dans les plus brefs d\u00e9lais.<\/em> <em>Vous pouvez \u00e0 tout moment exercer ce droit en adressant votre demande\u00a0\u00e0 l\u2019adresse suivante : accueil.saint-bernard@orange.fr<\/em><\/div>\n<div><\/div>\n<div>Nous remercions les utilisateurs du site de nous faire part d&rsquo;\u00e9ventuelles omissions ou erreurs, et de nous proposer des corrections.<\/div>\n<div><\/div>\n<div class=\"fusion-text\"><strong><u>Cr\u00e9dit Photos<\/u><\/strong> Association Saint Bernard de TROYES<\/div>\n<div class=\"fusion-text\"><strong><u>Conception et r\u00e9alisation du site<\/u><\/strong> \u00c9cole Coll\u00e8ge Lyc\u00e9e Saint-Bernard 8 rue du Palais de Justice 10000 TROYES<\/div>\n<div class=\"fusion-text\"><strong><u>T\u00e9l<\/u> <\/strong>: 03.25.73.03.28<\/div>\n<div class=\"fusion-text\"><strong><u>Fax<\/u><\/strong> : 03.25.73.42.16.<\/div>\n<div class=\"fusion-text\"><strong>Forme juridique<\/strong> : Association<\/div>\n<div class=\"fusion-text\"><strong><u>N\u00b0 Siret<\/u><\/strong> : 78034840500017 E-mail : <em>accueil.saint-bernard@orange.fr<\/em><\/div>\n<div class=\"fusion-text\"><strong><u>H\u00e9bergement du site :<\/u><\/strong> <a href=\"http:\/\/www.opened-concept.com\" target=\"_blank\" rel=\"noopener\">www.opened-concept.com<\/a><\/div>\n<p>[\/vc_column_text][\/vc_column][\/vc_row]<\/p>\n","protected":false},"excerpt":{"rendered":"<p>[vc_row][vc_column][vc_single_image image=\u00a0\u00bb11043&Prime; img_size=\u00a0\u00bb250&#215;250&Prime; alignment=\u00a0\u00bbcenter\u00a0\u00bb onclick=\u00a0\u00bbcustom_link\u00a0\u00bb link=\u00a0\u00bbhttps:\/\/www.saint-bernard-troyes.fr\/\u00a0\u00bb][\/vc_column][\/vc_row][vc_row row_content_width=\u00a0\u00bbgrid\u00a0\u00bb css=\u00a0\u00bb.vc_custom_1524475345106{padding-top: 100px !important;}\u00a0\u00bb simple_background_color=\u00a0\u00bb#ededed\u00a0\u00bb][vc_column css=\u00a0\u00bb.vc_custom_1523620187516{margin-top: -100px !important;}\u00a0\u00bb][vc_empty_space height=\u00a0\u00bb30px\u00a0\u00bb][vc_empty_space height=\u00a0\u00bb50px\u00a0\u00bb][\/vc_column][\/vc_row][vc_row gap=\u00a0\u00bb20&Prime; css=\u00a0\u00bb.vc_custom_1531938800973{padding-right: 40px !important;padding-left: 40px !important;}\u00a0\u00bb][vc_column][vc_empty_space height=\u00a0\u00bb50px\u00a0\u00bb][vc_column_text] Raison sociale : Association Saint Bernard de TROYES Si\u00e8ge Social : 8 rue du Palais de Justice [&hellip;]<\/p>\n","protected":false},"author":1,"featured_media":0,"parent":0,"menu_order":0,"comment_status":"closed","ping_status":"closed","template":"full-width.php","meta":{"footnotes":""},"class_list":["post-2","page","type-page","status-publish","hentry"],"_links":{"self":[{"href":"https:\/\/www.saint-bernard-troyes.fr\/index.php?rest_route=\/wp\/v2\/pages\/2","targetHints":{"allow":["GET"]}}],"collection":[{"href":"https:\/\/www.saint-bernard-troyes.fr\/index.php?rest_route=\/wp\/v2\/pages"}],"about":[{"href":"https:\/\/www.saint-bernard-troyes.fr\/index.php?rest_route=\/wp\/v2\/types\/page"}],"author":[{"embeddable":true,"href":"https:\/\/www.saint-bernard-troyes.fr\/index.php?rest_route=\/wp\/v2\/users\/1"}],"replies":[{"embeddable":true,"href":"https:\/\/www.saint-bernard-troyes.fr\/index.php?rest_route=%2Fwp%2Fv2%2Fcomments&post=2"}],"version-history":[{"count":18,"href":"https:\/\/www.saint-bernard-troyes.fr\/index.php?rest_route=\/wp\/v2\/pages\/2\/revisions"}],"predecessor-version":[{"id":11075,"href":"https:\/\/www.saint-bernard-troyes.fr\/index.php?rest_route=\/wp\/v2\/pages\/2\/revisions\/11075"}],"wp:attachment":[{"href":"https:\/\/www.saint-bernard-troyes.fr\/index.php?rest_route=%2Fwp%2Fv2%2Fmedia&parent=2"}],"curies":[{"name":"wp","href":"https:\/\/api.w.org\/{rel}","templated":true}]}}